{"id":415464,"date":"2025-04-07T16:53:00","date_gmt":"2025-04-07T14:53:00","guid":{"rendered":"https:\/\/lucacastelli.com\/prodotto\/crazy-pant-oxygene\/"},"modified":"2026-04-15T00:01:39","modified_gmt":"2026-04-14T22:01:39","slug":"crazy-pant-oxygene","status":"publish","type":"product","link":"https:\/\/lucacastelli.com\/fr\/produit\/crazy-pant-oxygene\/","title":{"rendered":"CRAZY PANT OXYG\u00c8NE"},"content":{"rendered":"<p>La ligne Oxygen est con\u00e7ue pour l\u2019entra\u00eenement et repr\u00e9sente l\u2019essence de la vitesse et de la l\u00e9g\u00e8ret\u00e9 en montagne, combinant des tissus extr\u00eamement techniques et des constructions avanc\u00e9es avec une coupe athl\u00e9tique et un style unique. 100&nbsp;% fou !<br \/>\nLe pantalon est fabriqu\u00e9 avec le tissu Vuelta \u00ab&nbsp;Made in Italy&nbsp;\u00bb, choisi pour son confort, sa grande respirabilit\u00e9 et sa thermor\u00e9gulation. Les inserts sur les genoux sont en softshell avec une membrane coupe-vent pour une protection suppl\u00e9mentaire, tandis que le bas de la jambe est en tissu lamin\u00e9 avec renfort anti-coupure.<br \/>\nLe v\u00eatement a une coupe athl\u00e9tique et comprend des d\u00e9tails techniques tels que des gu\u00eatres imperm\u00e9ables avec un \u00e9lastique \u00e0 adh\u00e9rence int\u00e9grale qui s\u2019adaptent aux chaussures de ski alpinisme. <\/p>\n<p>\u2022 Cordon de serrage r\u00e9glable<br \/>\n \u00e0 la taille\u2022 Poches avec fermetures \u00e9clair invisibles<br \/>\n\u2022 Coutures plates de couleur<br \/>\n contrastante\u2022 Pinces de jambe avec soufflet et fermeture \u00e9clair<br \/>\n \u00e9lastiques \u00e0 la cheville\u2022 Gu\u00eatres imperm\u00e9ables int\u00e9gr\u00e9es qui s\u2019adaptent \u00e0 la plupart des chaussures de ski de randonn\u00e9e<br \/>\n\u2022 Logos r\u00e9fl\u00e9chissants<\/p>\n<p>POIDS&nbsp;: 329 gr<\/p>\n","protected":false},"excerpt":{"rendered":"<p>La ligne Oxygen est con\u00e7ue pour l\u2019entra\u00eenement et repr\u00e9sente l\u2019essence de la vitesse et de la l\u00e9g\u00e8ret\u00e9 en montagne, combinant<\/p>\n","protected":false},"featured_media":640172,"template":"","meta":{"_seopress_robots_primary_cat":"","_seopress_titles_title":"","_seopress_titles_desc":"","_seopress_robots_index":""},"product_brand":[3413],"product_cat":[21,189,200],"product_tag":[],"class_list":{"0":"post-415464","1":"product","2":"type-product","3":"status-publish","4":"has-post-thumbnail","6":"product_brand-crazy","7":"product_cat-abbigliamento","8":"product_cat-abbigliamento-per-il-tempo-libero","9":"product_cat-abbigliamento-da-donna","10":"sws-gruppo-abb-libero-fr","11":"sws-conto-ricavi-merci-rivendita-abbigliamento-fr","12":"sws-gruppo-iva-iva81-fr","14":"first","15":"instock","16":"sale","17":"shipping-taxable","18":"purchasable","19":"product-type-variable"},"_links":{"self":[{"href":"https:\/\/lucacastelli.com\/fr\/wp-json\/wp\/v2\/product\/415464","targetHints":{"allow":["GET"]}}],"collection":[{"href":"https:\/\/lucacastelli.com\/fr\/wp-json\/wp\/v2\/product"}],"about":[{"href":"https:\/\/lucacastelli.com\/fr\/wp-json\/wp\/v2\/types\/product"}],"wp:featuredmedia":[{"embeddable":true,"href":"https:\/\/lucacastelli.com\/fr\/wp-json\/wp\/v2\/media\/640172"}],"wp:attachment":[{"href":"https:\/\/lucacastelli.com\/fr\/wp-json\/wp\/v2\/media?parent=415464"}],"wp:term":[{"taxonomy":"product_brand","embeddable":true,"href":"https:\/\/lucacastelli.com\/fr\/wp-json\/wp\/v2\/product_brand?post=415464"},{"taxonomy":"product_cat","embeddable":true,"href":"https:\/\/lucacastelli.com\/fr\/wp-json\/wp\/v2\/product_cat?post=415464"},{"taxonomy":"product_tag","embeddable":true,"href":"https:\/\/lucacastelli.com\/fr\/wp-json\/wp\/v2\/product_tag?post=415464"}],"curies":[{"name":"wp","href":"https:\/\/api.w.org\/{rel}","templated":true}]}}