{"id":415455,"date":"2025-04-07T16:53:00","date_gmt":"2025-04-07T14:53:00","guid":{"rendered":"https:\/\/lucacastelli.com\/prodotto\/crazy-pant-electra\/"},"modified":"2026-04-15T00:01:39","modified_gmt":"2026-04-14T22:01:39","slug":"crazy-pant-electra","status":"publish","type":"product","link":"https:\/\/lucacastelli.com\/fr\/produit\/crazy-pant-electra\/","title":{"rendered":"CRAZY PANT ELECTRA"},"content":{"rendered":"<p>Nos pantalons les plus vendus, con\u00e7us pour la montagne et le ski de randonn\u00e9e.<br \/>\nIls sont fabriqu\u00e9s avec deux mat\u00e9riaux : l\u2019avant est en Endurance, plus protecteur et d\u00e9perlant gr\u00e2ce au traitement DWR, mais toujours respirant et bi-\u00e9lastique. L\u2019arri\u00e8re est en Vuelta &#8216;Made in Italy&#8217;, plus l\u00e9ger et extr\u00eamement \u00e9lastique pour faciliter les mouvements.<br \/>\nLes genoux sont caract\u00e9ris\u00e9s par des patchs pr\u00e9form\u00e9s avec un design qui recouvre \u00e9galement l\u2019ourlet int\u00e9rieur du pantalon, pour lequel un tissu \u00e0 double tissage durable et \u00e9lastique est utilis\u00e9. <\/p>\n<p>\u2022 Ceinture avec bouton et fermeture \u00e9clair invisible<br \/>\n\u2022 Poches pour les mains avec fermeture \u00e9clair coll\u00e9e d\u00e9coup\u00e9e<br \/>\n au laser\u2022 Bas des jambes avec soufflet \u00e0 la cheville, \u00e9lastique en silicone et fermeture \u00e9clair<br \/>\n\u2022 Logos r\u00e9fl\u00e9chissants<br \/>\n\u2022 Coutures plates de couleur contrastante<\/p>\n<p>POIDS&nbsp;: 336 gr<\/p>\n","protected":false},"excerpt":{"rendered":"<p>Nos pantalons les plus vendus, con\u00e7us pour la montagne et le ski de randonn\u00e9e. Ils sont fabriqu\u00e9s avec deux mat\u00e9riaux<\/p>\n","protected":false},"featured_media":404122,"template":"","meta":{"_seopress_robots_primary_cat":"","_seopress_titles_title":"","_seopress_titles_desc":"","_seopress_robots_index":""},"product_brand":[3616],"product_cat":[81,981,1387],"product_tag":[],"class_list":{"0":"post-415455","1":"product","2":"type-product","3":"status-publish","4":"has-post-thumbnail","6":"product_brand-crazy-fr","7":"product_cat-vetements","8":"product_cat-vetements-de-loisirs","9":"product_cat-vetements-pour-femmes","10":"sws-gruppo-abb-libero-fr","11":"sws-conto-ricavi-merci-rivendita-abbigliamento-fr","12":"sws-gruppo-iva-iva81-fr","14":"first","15":"instock","16":"sale","17":"shipping-taxable","18":"purchasable","19":"product-type-variable"},"_links":{"self":[{"href":"https:\/\/lucacastelli.com\/fr\/wp-json\/wp\/v2\/product\/415455","targetHints":{"allow":["GET"]}}],"collection":[{"href":"https:\/\/lucacastelli.com\/fr\/wp-json\/wp\/v2\/product"}],"about":[{"href":"https:\/\/lucacastelli.com\/fr\/wp-json\/wp\/v2\/types\/product"}],"wp:featuredmedia":[{"embeddable":true,"href":"https:\/\/lucacastelli.com\/fr\/wp-json\/wp\/v2\/media\/404122"}],"wp:attachment":[{"href":"https:\/\/lucacastelli.com\/fr\/wp-json\/wp\/v2\/media?parent=415455"}],"wp:term":[{"taxonomy":"product_brand","embeddable":true,"href":"https:\/\/lucacastelli.com\/fr\/wp-json\/wp\/v2\/product_brand?post=415455"},{"taxonomy":"product_cat","embeddable":true,"href":"https:\/\/lucacastelli.com\/fr\/wp-json\/wp\/v2\/product_cat?post=415455"},{"taxonomy":"product_tag","embeddable":true,"href":"https:\/\/lucacastelli.com\/fr\/wp-json\/wp\/v2\/product_tag?post=415455"}],"curies":[{"name":"wp","href":"https:\/\/api.w.org\/{rel}","templated":true}]}}