{"id":415451,"date":"2025-04-07T16:53:00","date_gmt":"2025-04-07T14:53:00","guid":{"rendered":"https:\/\/lucacastelli.com\/prodotto\/crazy-jkt-next-femme\/"},"modified":"2026-04-15T00:01:39","modified_gmt":"2026-04-14T22:01:39","slug":"crazy-jkt-next-femme","status":"publish","type":"product","link":"https:\/\/lucacastelli.com\/fr\/produit\/crazy-jkt-next-femme\/","title":{"rendered":"CRAZY JKT NEXT FEMME"},"content":{"rendered":"<p>Veste de poids moyen, protectrice et agressive.<\/p>\n<p>Il est fabriqu\u00e9 avec le tissu innovant Two Face extensible dans les deux sens, doux et confortable \u00e0 l\u2019int\u00e9rieur, mais avec une surface ext\u00e9rieure coupe-vent et r\u00e9sistante \u00e0 l\u2019abrasion.<\/p>\n<p>Cette construction hybride le rend adapt\u00e9 \u00e0 une utilisation comme couche ext\u00e9rieure les jours de vent ou comme couche interm\u00e9diaire tr\u00e8s chaude pour les temp\u00e9ratures extr\u00eames.<\/p>\n<p>Pour optimiser la protection et la respirabilit\u00e9, nous avons all\u00e9g\u00e9 le tissu dans les panneaux lat\u00e9raux.<\/p>\n<p>\u2022 Veste ouverte sur le devant avec fermeture \u00e9clair et capuche<br \/>\n\u2022 Poches pour les mains d\u00e9coup\u00e9es au laser avec fermetures \u00e9clair coll\u00e9es<br \/>\n\u2022 Garnitures \u00e9lastiques sur la capuche et les poignets\u2022 Passants pour les pouces<\/p>\n<p>\u2022 Poche Easy Lock pour DVA\u2022<br \/>\n Ouverture du c\u00e2ble de la capuche<br \/>\n\u2022 Coutures plates de couleur contrastante<\/p>\n<p>POIDS&nbsp;: 338 gr<\/p>\n","protected":false},"excerpt":{"rendered":"<p>Veste de poids moyen, protectrice et agressive. Il est fabriqu\u00e9 avec le tissu innovant Two Face extensible dans les deux<\/p>\n","protected":false},"featured_media":404109,"template":"","meta":{"_seopress_robots_primary_cat":"","_seopress_titles_title":"","_seopress_titles_desc":"","_seopress_robots_index":""},"product_brand":[3616],"product_cat":[81,981,1387],"product_tag":[],"class_list":{"0":"post-415451","1":"product","2":"type-product","3":"status-publish","4":"has-post-thumbnail","6":"product_brand-crazy-fr","7":"product_cat-vetements","8":"product_cat-vetements-de-loisirs","9":"product_cat-vetements-pour-femmes","10":"sws-gruppo-abb-libero-fr","11":"sws-conto-ricavi-merci-rivendita-abbigliamento-fr","12":"sws-gruppo-iva-iva81-fr","14":"first","15":"instock","16":"sale","17":"shipping-taxable","18":"purchasable","19":"product-type-variable"},"_links":{"self":[{"href":"https:\/\/lucacastelli.com\/fr\/wp-json\/wp\/v2\/product\/415451","targetHints":{"allow":["GET"]}}],"collection":[{"href":"https:\/\/lucacastelli.com\/fr\/wp-json\/wp\/v2\/product"}],"about":[{"href":"https:\/\/lucacastelli.com\/fr\/wp-json\/wp\/v2\/types\/product"}],"wp:featuredmedia":[{"embeddable":true,"href":"https:\/\/lucacastelli.com\/fr\/wp-json\/wp\/v2\/media\/404109"}],"wp:attachment":[{"href":"https:\/\/lucacastelli.com\/fr\/wp-json\/wp\/v2\/media?parent=415451"}],"wp:term":[{"taxonomy":"product_brand","embeddable":true,"href":"https:\/\/lucacastelli.com\/fr\/wp-json\/wp\/v2\/product_brand?post=415451"},{"taxonomy":"product_cat","embeddable":true,"href":"https:\/\/lucacastelli.com\/fr\/wp-json\/wp\/v2\/product_cat?post=415451"},{"taxonomy":"product_tag","embeddable":true,"href":"https:\/\/lucacastelli.com\/fr\/wp-json\/wp\/v2\/product_tag?post=415451"}],"curies":[{"name":"wp","href":"https:\/\/api.w.org\/{rel}","templated":true}]}}