{"id":415436,"date":"2025-10-09T19:15:00","date_gmt":"2025-10-09T17:15:00","guid":{"rendered":"https:\/\/lucacastelli.com\/prodotto\/crazy-jkt-apres\/"},"modified":"2026-04-15T00:01:38","modified_gmt":"2026-04-14T22:01:38","slug":"crazy-jkt-apres","status":"publish","type":"product","link":"https:\/\/lucacastelli.com\/fr\/produit\/crazy-jkt-apres\/","title":{"rendered":"CRAZY JKT APR\u00c8S"},"content":{"rendered":"<p>Veste hybride \u00e0 capuche avec haute isolation thermique. Notre veste hybride la plus chaude qui combine des panneaux en nylon avec des panneaux en polaire chaude.<br \/>\nUne excellente troisi\u00e8me couche, chaude avec un devant protecteur en nylon et un look attrayant, id\u00e9ale pour toute activit\u00e9 en plein air.<br \/>\nElle est fabriqu\u00e9e en polaire douce et chaude &#8220;Fluffy Warm&#8221;, avec un panneau frontal en nylon Pertex Quantum, d\u00e9perlant et coupe-vent. L&#8217;ourlet est r\u00e9alis\u00e9 en tissu technique HP, \u00e9lastique et modelant, utilis\u00e9 dans la version 3D, caract\u00e9ris\u00e9 par une structure tridimensionnelle qui am\u00e9liore la respirabilit\u00e9.  <\/p>\n<p>\u2022 Veste hybride avec large capuche en mati\u00e8re type fourrure<br \/>\n\u2022 Poches zipp\u00e9es<br \/>\n\u2022 Bordure \u00e9lastique sur capuche et poignets<br \/>\n\u2022 Logos r\u00e9fl\u00e9chissants<br \/>\n\u2022 Design en forme d&#8217;\u00e9toile<\/p>\n<p>POIDS&nbsp;: 430 gr<\/p>\n","protected":false},"excerpt":{"rendered":"<p>Veste hybride \u00e0 capuche avec haute isolation thermique. Notre veste hybride la plus chaude qui combine des panneaux en nylon<\/p>\n","protected":false},"featured_media":635699,"template":"","meta":{"_seopress_robots_primary_cat":"none","_seopress_titles_title":"","_seopress_titles_desc":"","_seopress_robots_index":""},"product_brand":[3616],"product_cat":[81,981,1387],"product_tag":[],"class_list":{"0":"post-415436","1":"product","2":"type-product","3":"status-publish","4":"has-post-thumbnail","6":"product_brand-crazy-fr","7":"product_cat-vetements","8":"product_cat-vetements-de-loisirs","9":"product_cat-vetements-pour-femmes","10":"sws-gruppo-abb-libero-fr","11":"sws-conto-ricavi-merci-rivendita-abbigliamento-fr","12":"sws-gruppo-iva-iva81-fr","14":"first","15":"instock","16":"sale","17":"shipping-taxable","18":"purchasable","19":"product-type-variable"},"_links":{"self":[{"href":"https:\/\/lucacastelli.com\/fr\/wp-json\/wp\/v2\/product\/415436","targetHints":{"allow":["GET"]}}],"collection":[{"href":"https:\/\/lucacastelli.com\/fr\/wp-json\/wp\/v2\/product"}],"about":[{"href":"https:\/\/lucacastelli.com\/fr\/wp-json\/wp\/v2\/types\/product"}],"wp:featuredmedia":[{"embeddable":true,"href":"https:\/\/lucacastelli.com\/fr\/wp-json\/wp\/v2\/media\/635699"}],"wp:attachment":[{"href":"https:\/\/lucacastelli.com\/fr\/wp-json\/wp\/v2\/media?parent=415436"}],"wp:term":[{"taxonomy":"product_brand","embeddable":true,"href":"https:\/\/lucacastelli.com\/fr\/wp-json\/wp\/v2\/product_brand?post=415436"},{"taxonomy":"product_cat","embeddable":true,"href":"https:\/\/lucacastelli.com\/fr\/wp-json\/wp\/v2\/product_cat?post=415436"},{"taxonomy":"product_tag","embeddable":true,"href":"https:\/\/lucacastelli.com\/fr\/wp-json\/wp\/v2\/product_tag?post=415436"}],"curies":[{"name":"wp","href":"https:\/\/api.w.org\/{rel}","templated":true}]}}