{"id":415431,"date":"2025-03-03T16:24:37","date_gmt":"2025-03-03T15:24:37","guid":{"rendered":"https:\/\/lucacastelli.com\/prodotto\/top-croll-en-petzl\/"},"modified":"2025-10-24T10:42:49","modified_gmt":"2025-10-24T08:42:49","slug":"top-croll-en-petzl","status":"publish","type":"product","link":"https:\/\/lucacastelli.com\/fr\/produit\/top-croll-en-petzl\/","title":{"rendered":"TOP CROLL\u00ae EN PETZL"},"content":{"rendered":"<p class=\"productSubtitle\">Sangle de poitrine pour harnais de si\u00e8ge avec bloqueur ventral CROLL L<\/p>\n<div class=\"productCaracteristiquesPosition inlineblock\">\n<p class=\"productCaracteristiques inlineblock\">Le harnais de poitrine TOP CROLL vous permet de transformer les harnais de si\u00e8ge AVAO SIT, AVAO SIT FAST, ASTRO SIT, FALCON, FALCON ASCENT, FALCON MOUNTAIN et SEQUOIA SRT en harnais complets pour les travaux d\u2019acc\u00e8s sur corde avec un acc\u00e8s difficile. Les bretelles rembourr\u00e9es sont s\u00e9par\u00e9es du cou pour limiter les frottements. En cas de charge sur la ceinture, le harnais de poitrine TOP CROLL vous permet de prendre en charge cette charge et de la r\u00e9partir sur vos \u00e9paules.  <\/p>\n<p>&nbsp;<\/p>\n<\/div>\n<h3>Description d\u00e9taill\u00e9e<\/h3>\n<div class=\"list\">\n<ul>\n<li>Transformez les harnais de si\u00e8ge AVAO SIT, AVAO SIT FAST, ASTRO SIT, FALCON, FALCON ASCENT, FALCON MOUNTAIN et SEQUOIA SRT en harnais complets pour les travaux avec un acc\u00e8s difficile et les mont\u00e9es sur corde, gr\u00e2ce au bloqueur ventral CROLL L int\u00e9gr\u00e9.<\/li>\n<li>Construction confortable&nbsp;:<br \/>\n&#8211; les sangles s\u00e9par\u00e9es du cou limitent les frottements,<br \/>\n&#8211; les bretelles fines et coulissantes permettent une plus grande libert\u00e9 et facilit\u00e9 de mouvement,<br \/>\n&#8211; toute la zone de contact est avec un rembourrage pr\u00e9form\u00e9, recouvert d\u2019un tissu respirant et permet \u00e0 l\u2019utilisateur de bouger et de travailler confortablement.<\/li>\n<li>Installation simplifi\u00e9e :<br \/>\n&#8211; il s\u2019installe \u00e0 l\u2019arri\u00e8re du harnais sur la boucle d\u00e9di\u00e9e au moyen d\u2019un n\u0153ud en gueule de loup,<br \/>\n&#8211; la liaison \u00e0 l\u2019avant du harnais se fait directement sur le point d\u2019attache d\u2019ouverture du harnais ASTRO SIT ou simplement au moyen d\u2019un connecteur avec anneau de verrouillage ou semi-permanent sur d\u2019autres harnais de si\u00e8ge.<\/li>\n<li>R\u00e9glage confortable :<br \/>\n&#8211; Boucle ouvrante RAPIDE sur l\u2019\u00e9paule gauche pour faciliter l\u2019enfilage et le retrait du harnais,<br \/>\n&#8211; Boucle autobloquante DOUBLEBACK, avec syst\u00e8me antid\u00e9rapant, sur l\u2019\u00e9paule droite pour un r\u00e9glage facile et stable,<br \/>\n&#8211; Sangle velcro r\u00e9glable en hauteur et positionnable \u00e0 droite ou \u00e0 gauche pour maintenir l\u2019absorbeur d\u2019\u00e9nergie ASAP\u2019SOBBER,<br \/>\n&#8211; possibilit\u00e9 d\u2019ajouter des connecteurs pour les longes antichute sur les bretelles (disponibles en accessoire).<\/li>\n<\/ul>\n<\/div>\n<h3>Caract\u00e9ristiques<\/h3>\n<div class=\"list\">\n<ul>\n<li>Point d\u2019attache sternal : connexion d\u2019un syst\u00e8me antichute.<\/li>\n<li>Certifications : CE EN 361 et CE EN 12841 type B (avec harnais de si\u00e8ge ASTRO SIT, AVAO SIT, AVAO SIT FAST, FALCON, FALCON ASCENT, SEQUOIA SRT)<\/li>\n<li>Diam\u00e8tres de corde compatibles avec le bloqueur CROLL L : de 10 \u00e0 13 mm.<\/li>\n<li>Mat\u00e9riaux : polyamide, polyester, aluminium, acier<\/li>\n<\/ul>\n<p>&nbsp;<\/p>\n<\/div>\n<table>\n<tbody>\n<tr>\n<th class=\"rowTitle\">Num\u00e9ros d\u2019article<\/th>\n<th>C081CB00<\/th>\n<\/tr>\n<tr>\n<td class=\"rowTitle\">Couleur(s)<\/td>\n<td>Noir, Jaune<\/td>\n<\/tr>\n<tr>\n<td class=\"rowTitle\">Stature<\/td>\n<td>160 \u00e0 200 cm<\/td>\n<\/tr>\n<tr>\n<td class=\"rowTitle\">Poids<\/td>\n<td>525 grammes<\/td>\n<\/tr>\n<tr>\n<td class=\"rowTitle\">Garantie<\/td>\n<td>3 ans<\/td>\n<\/tr>\n<tr>\n<td class=\"rowTitle\">Emballage<\/td>\n<td>1<\/td>\n<\/tr>\n<\/tbody>\n<\/table>\n","protected":false},"excerpt":{"rendered":"<p>Sangle de poitrine pour harnais de si\u00e8ge avec bloqueur ventral CROLL L Le harnais de poitrine TOP CROLL vous permet<\/p>\n","protected":false},"featured_media":404090,"template":"","meta":{"_seopress_robots_primary_cat":"","_seopress_titles_title":"","_seopress_titles_desc":"","_seopress_robots_index":""},"product_brand":[3446],"product_cat":[537,814],"product_tag":[],"class_list":{"0":"post-415431","1":"product","2":"type-product","3":"status-publish","4":"has-post-thumbnail","6":"product_brand-petzl","7":"product_cat-attrezzatura-da-lavoro","8":"product_cat-imbraghi-e-materiale-di-sicurezza","9":"sws-gruppo-attrezz-fr","10":"sws-conto-ricavi-merci-rivendita-abbigliamento-fr","11":"sws-gruppo-iva-iva81-fr","13":"first","14":"instock","15":"shipping-taxable","16":"purchasable","17":"product-type-simple"},"_links":{"self":[{"href":"https:\/\/lucacastelli.com\/fr\/wp-json\/wp\/v2\/product\/415431","targetHints":{"allow":["GET"]}}],"collection":[{"href":"https:\/\/lucacastelli.com\/fr\/wp-json\/wp\/v2\/product"}],"about":[{"href":"https:\/\/lucacastelli.com\/fr\/wp-json\/wp\/v2\/types\/product"}],"wp:featuredmedia":[{"embeddable":true,"href":"https:\/\/lucacastelli.com\/fr\/wp-json\/wp\/v2\/media\/404090"}],"wp:attachment":[{"href":"https:\/\/lucacastelli.com\/fr\/wp-json\/wp\/v2\/media?parent=415431"}],"wp:term":[{"taxonomy":"product_brand","embeddable":true,"href":"https:\/\/lucacastelli.com\/fr\/wp-json\/wp\/v2\/product_brand?post=415431"},{"taxonomy":"product_cat","embeddable":true,"href":"https:\/\/lucacastelli.com\/fr\/wp-json\/wp\/v2\/product_cat?post=415431"},{"taxonomy":"product_tag","embeddable":true,"href":"https:\/\/lucacastelli.com\/fr\/wp-json\/wp\/v2\/product_tag?post=415431"}],"curies":[{"name":"wp","href":"https:\/\/api.w.org\/{rel}","templated":true}]}}