{"id":415429,"date":"2025-04-07T16:53:00","date_gmt":"2025-04-07T14:53:00","guid":{"rendered":"https:\/\/lucacastelli.com\/prodotto\/crazy-jkt-wonder-magiceder\/"},"modified":"2026-04-15T00:01:43","modified_gmt":"2026-04-14T22:01:43","slug":"crazy-jkt-wonder-magiceder","status":"publish","type":"product","link":"https:\/\/lucacastelli.com\/fr\/produit\/crazy-jkt-wonder-magiceder\/","title":{"rendered":"CRAZY JKT WONDER MAGICeder"},"content":{"rendered":"<p>Une doudoune au design \u00e0 la mode et \u00e0 la coupe \u00e9l\u00e9gante et f\u00e9minine, caract\u00e9ris\u00e9e par un panneau lat\u00e9ral de couleur contrast\u00e9e qui met visuellement en valeur sa coupe ajust\u00e9e et \u00e9l\u00e9gante.<br \/>\nLe Jkt Wonder Magic est \u00e9galement parfait pour les activit\u00e9s intenses, gr\u00e2ce \u00e0 son tissu technique et \u00e9lastique, et offre en m\u00eame temps un grand confort pour un usage quotidien.<br \/>\nFabriqu\u00e9 en tissu technique Pertex Quantum 20 deniers, il est l\u00e9ger, doux et r\u00e9sistant au vent. Le rembourrage Micro Roll assure confort et chaleur. La capuche est chaude et confortable.  <\/p>\n<p>\u2022 Capuche ergonomique avec bordure \u00e9lastique<br \/>\n\u2022 Fermeture \u00e9clair<br \/>\n compl\u00e8te sur le devant\u2022 Poches pour les mains avec fermeture \u00e0 glissi\u00e8re<br \/>\n\u2022 Rembourrage en microrouleaux<br \/>\n\u2022 Imprim\u00e9s sur toute la surface<br \/>\n\u2022 Panneaux lat\u00e9raux \u00e9lastiques<br \/>\n\u2022 Poignets en microfibre hydrofuge<\/p>\n<p>POIDS&nbsp;: 335 gr<\/p>\n","protected":false},"excerpt":{"rendered":"<p>Une doudoune au design \u00e0 la mode et \u00e0 la coupe \u00e9l\u00e9gante et f\u00e9minine, caract\u00e9ris\u00e9e par un panneau lat\u00e9ral de<\/p>\n","protected":false},"featured_media":404045,"template":"","meta":{"_seopress_robots_primary_cat":"","_seopress_titles_title":"","_seopress_titles_desc":"","_seopress_robots_index":""},"product_brand":[3616],"product_cat":[81,981,1387],"product_tag":[],"class_list":{"0":"post-415429","1":"product","2":"type-product","3":"status-publish","4":"has-post-thumbnail","6":"product_brand-crazy-fr","7":"product_cat-vetements","8":"product_cat-vetements-de-loisirs","9":"product_cat-vetements-pour-femmes","10":"sws-gruppo-abb-libero-fr","11":"sws-conto-ricavi-merci-rivendita-abbigliamento-fr","12":"sws-gruppo-iva-iva81-fr","14":"first","15":"instock","16":"sale","17":"shipping-taxable","18":"purchasable","19":"product-type-variable"},"_links":{"self":[{"href":"https:\/\/lucacastelli.com\/fr\/wp-json\/wp\/v2\/product\/415429","targetHints":{"allow":["GET"]}}],"collection":[{"href":"https:\/\/lucacastelli.com\/fr\/wp-json\/wp\/v2\/product"}],"about":[{"href":"https:\/\/lucacastelli.com\/fr\/wp-json\/wp\/v2\/types\/product"}],"wp:featuredmedia":[{"embeddable":true,"href":"https:\/\/lucacastelli.com\/fr\/wp-json\/wp\/v2\/media\/404045"}],"wp:attachment":[{"href":"https:\/\/lucacastelli.com\/fr\/wp-json\/wp\/v2\/media?parent=415429"}],"wp:term":[{"taxonomy":"product_brand","embeddable":true,"href":"https:\/\/lucacastelli.com\/fr\/wp-json\/wp\/v2\/product_brand?post=415429"},{"taxonomy":"product_cat","embeddable":true,"href":"https:\/\/lucacastelli.com\/fr\/wp-json\/wp\/v2\/product_cat?post=415429"},{"taxonomy":"product_tag","embeddable":true,"href":"https:\/\/lucacastelli.com\/fr\/wp-json\/wp\/v2\/product_tag?post=415429"}],"curies":[{"name":"wp","href":"https:\/\/api.w.org\/{rel}","templated":true}]}}