{"id":415420,"date":"2025-04-07T16:53:00","date_gmt":"2025-04-07T14:53:00","guid":{"rendered":"https:\/\/lucacastelli.com\/prodotto\/crazy-jkt-corbeaux\/"},"modified":"2026-04-15T00:01:37","modified_gmt":"2026-04-14T22:01:37","slug":"crazy-jkt-corbeaux","status":"publish","type":"product","link":"https:\/\/lucacastelli.com\/fr\/produit\/crazy-jkt-corbeaux\/","title":{"rendered":"CRAZY JKT CROWS"},"content":{"rendered":"<p>Une veste d\u2019hiver chaude, d\u00e9perlante et coupe-vent, dot\u00e9e d\u2019une \u00e9lasticit\u00e9 incroyable.<br \/>\nSes points forts sont son design et son style uniques, qui en font une pi\u00e8ce \u00e0 la mode et un \u00ab evergreen \u00bb de la collection. Elle surprend \u00e9galement par son confort et ses caract\u00e9ristiques techniques pour les loisirs en montagne ou le ski alpin.<br \/>\nLe tissu ext\u00e9rieur est un nylon One-Layer protecteur et d\u00e9perlant. Le rembourrage est en Microrollo et les coutures sont \u00e9lastiques pour s\u2019adapter parfaitement et garantir une coupe impeccable.<br \/>\nLes manches et les empi\u00e8cements lat\u00e9raux disposent d\u2019inserts \u00e9lastiques, tandis que les \u00e9paules sont faites d\u2019un tissu plus r\u00e9sistant mais toujours extensible. Les poignets sont dot\u00e9s d\u2019un passe-pouce pratique.   <\/p>\n<p>\u2022 Capuche \u00e9lastiqu\u00e9e<br \/>\n\u2022 Zip frontal int\u00e9gral<br \/>\n\u2022 Poches repose-mains zipp\u00e9es<br \/>\n\u2022 Passe-pouce<br \/>\n\u2022 Poche int\u00e9rieure pour forfait de ski<br \/>\n\u2022 Coutures en fil \u00e9lastique<br \/>\n\u2022 Poche int\u00e9rieure de rangement pour la veste<br \/>\n\u2022 Isolation en Microrollo<br \/>\n\u2022 Poignets en microfibre d\u00e9perlante<br \/>\n\u2022 Logos r\u00e9fl\u00e9chissants<\/p>\n<p>POIDS : 522 gr<\/p>\n","protected":false},"excerpt":{"rendered":"<p>Une veste d\u2019hiver chaude, d\u00e9perlante et coupe-vent, dot\u00e9e d\u2019une \u00e9lasticit\u00e9 incroyable. Ses points forts sont son design et son style<\/p>\n","protected":false},"featured_media":404051,"template":"","meta":{"_seopress_robots_primary_cat":"none","_seopress_titles_title":"","_seopress_titles_desc":"","_seopress_robots_index":""},"product_brand":[3616],"product_cat":[81,981,1387],"product_tag":[],"class_list":{"0":"post-415420","1":"product","2":"type-product","3":"status-publish","4":"has-post-thumbnail","6":"product_brand-crazy-fr","7":"product_cat-vetements","8":"product_cat-vetements-de-loisirs","9":"product_cat-vetements-pour-femmes","10":"sws-gruppo-abb-libero-fr","11":"sws-conto-ricavi-merci-rivendita-abbigliamento-fr","12":"sws-gruppo-iva-iva81-fr","14":"first","15":"instock","16":"sale","17":"shipping-taxable","18":"purchasable","19":"product-type-variable"},"_links":{"self":[{"href":"https:\/\/lucacastelli.com\/fr\/wp-json\/wp\/v2\/product\/415420","targetHints":{"allow":["GET"]}}],"collection":[{"href":"https:\/\/lucacastelli.com\/fr\/wp-json\/wp\/v2\/product"}],"about":[{"href":"https:\/\/lucacastelli.com\/fr\/wp-json\/wp\/v2\/types\/product"}],"wp:featuredmedia":[{"embeddable":true,"href":"https:\/\/lucacastelli.com\/fr\/wp-json\/wp\/v2\/media\/404051"}],"wp:attachment":[{"href":"https:\/\/lucacastelli.com\/fr\/wp-json\/wp\/v2\/media?parent=415420"}],"wp:term":[{"taxonomy":"product_brand","embeddable":true,"href":"https:\/\/lucacastelli.com\/fr\/wp-json\/wp\/v2\/product_brand?post=415420"},{"taxonomy":"product_cat","embeddable":true,"href":"https:\/\/lucacastelli.com\/fr\/wp-json\/wp\/v2\/product_cat?post=415420"},{"taxonomy":"product_tag","embeddable":true,"href":"https:\/\/lucacastelli.com\/fr\/wp-json\/wp\/v2\/product_tag?post=415420"}],"curies":[{"name":"wp","href":"https:\/\/api.w.org\/{rel}","templated":true}]}}