{"id":415417,"date":"2025-04-07T16:53:00","date_gmt":"2025-04-07T14:53:00","guid":{"rendered":"https:\/\/lucacastelli.com\/prodotto\/crazy-parka-wonder-magic-shellaeder\/"},"modified":"2026-04-15T00:01:43","modified_gmt":"2026-04-14T22:01:43","slug":"crazy-parka-wonder-magic-shellaeder","status":"publish","type":"product","link":"https:\/\/lucacastelli.com\/fr\/produit\/crazy-parka-wonder-magic-shellaeder\/","title":{"rendered":"CRAZY PARKA WONDER MAGIC SHELLAeder"},"content":{"rendered":"<p>La veste longue et imperm\u00e9able, enti\u00e8rement scell\u00e9e avec un tissu 3 couches, est extr\u00eamement technique et prot\u00e8ge de la pluie et de la neige, mais avec un look \u00e0 la mode qui la rend parfaite \u00e0 porter aussi bien en montagne qu\u2019en ville !<br \/>\nLa parka Wonder Magic se distingue par son tissu technique d\u00e9velopp\u00e9 sp\u00e9cifiquement pour Crazy, avec une colonne d\u2019eau de 20K mm, enti\u00e8rement \u00e9lastique et respirante, et une finition qui la rend extr\u00eamement douce et luxueuse au toucher.<br \/>\nLe design du manteau offre \u00e9galement une protection suppl\u00e9mentaire dans le bas du dos et est tr\u00e8s \u00e9l\u00e9gant, gr\u00e2ce aux fentes lat\u00e9rales qui se chevauchent, \u00e0 la coupe f\u00e9minine et aux imprim\u00e9s all-over.<\/p>\n<p>\u2022 Veste longue pour une protection suppl\u00e9mentaire<br \/>\n\u2022 Fermeture \u00e9clair frontale enti\u00e8rement ouvrable avec double curseur<br \/>\n\u2022 Capuche structur\u00e9e avec visi\u00e8re, r\u00e9glable par velcro<br \/>\n\u2022 Poignets larges et r\u00e9glables par velcro<br \/>\n\u2022 Poches pour les mains avec fermetures \u00e9clair invisibles<br \/>\n\u2022 Tissu ext\u00e9rieur avec colonne d\u2019eau de 20k, \u00e9lastique et respirant<br \/>\n\u2022 R\u00e9glage \u00e9lastique de la taille avec cordon de serrage<\/p>\n<p>POIDS&nbsp;: 450 gr<\/p>\n","protected":false},"excerpt":{"rendered":"<p>La veste longue et imperm\u00e9able, enti\u00e8rement scell\u00e9e avec un tissu 3 couches, est extr\u00eamement technique et prot\u00e8ge de la pluie<\/p>\n","protected":false},"featured_media":404040,"template":"","meta":{"_seopress_robots_primary_cat":"","_seopress_titles_title":"","_seopress_titles_desc":"","_seopress_robots_index":""},"product_brand":[3616],"product_cat":[81,981,1387],"product_tag":[],"class_list":{"0":"post-415417","1":"product","2":"type-product","3":"status-publish","4":"has-post-thumbnail","6":"product_brand-crazy-fr","7":"product_cat-vetements","8":"product_cat-vetements-de-loisirs","9":"product_cat-vetements-pour-femmes","10":"sws-gruppo-abb-libero-fr","11":"sws-conto-ricavi-merci-rivendita-abbigliamento-fr","12":"sws-gruppo-iva-iva81-fr","14":"first","15":"instock","16":"sale","17":"shipping-taxable","18":"purchasable","19":"product-type-variable"},"_links":{"self":[{"href":"https:\/\/lucacastelli.com\/fr\/wp-json\/wp\/v2\/product\/415417","targetHints":{"allow":["GET"]}}],"collection":[{"href":"https:\/\/lucacastelli.com\/fr\/wp-json\/wp\/v2\/product"}],"about":[{"href":"https:\/\/lucacastelli.com\/fr\/wp-json\/wp\/v2\/types\/product"}],"wp:featuredmedia":[{"embeddable":true,"href":"https:\/\/lucacastelli.com\/fr\/wp-json\/wp\/v2\/media\/404040"}],"wp:attachment":[{"href":"https:\/\/lucacastelli.com\/fr\/wp-json\/wp\/v2\/media?parent=415417"}],"wp:term":[{"taxonomy":"product_brand","embeddable":true,"href":"https:\/\/lucacastelli.com\/fr\/wp-json\/wp\/v2\/product_brand?post=415417"},{"taxonomy":"product_cat","embeddable":true,"href":"https:\/\/lucacastelli.com\/fr\/wp-json\/wp\/v2\/product_cat?post=415417"},{"taxonomy":"product_tag","embeddable":true,"href":"https:\/\/lucacastelli.com\/fr\/wp-json\/wp\/v2\/product_tag?post=415417"}],"curies":[{"name":"wp","href":"https:\/\/api.w.org\/{rel}","templated":true}]}}