{"id":415330,"date":"2025-04-29T19:08:18","date_gmt":"2025-04-29T17:08:18","guid":{"rendered":"https:\/\/lucacastelli.com\/prodotto\/fiskars-scie-a-branches-pour-ciseaux-girafe-upx86-upx82\/"},"modified":"2025-06-29T00:53:35","modified_gmt":"2025-06-28T22:53:35","slug":"fiskars-scie-a-branches-pour-ciseaux-girafe-upx86-upx82","status":"publish","type":"product","link":"https:\/\/lucacastelli.com\/fr\/produit\/fiskars-scie-a-branches-pour-ciseaux-girafe-upx86-upx82\/","title":{"rendered":"FISKARS Scie \u00e0 branches pour ciseaux \u00ab&nbsp;girafe&nbsp;\u00bb upx86. UPX82"},"content":{"rendered":"<p>Branche ghetto pour ciseaux \u00ab&nbsp;Girafe&nbsp;\u00bb UPX86. UPX82 &#8211; description<br \/>\nDans notre offre, vous trouverez un large choix d\u2019outils manuels et \u00e9lectriques con\u00e7us pour un travail efficace et s\u00fbr. La gamme comprend des marteaux, des tournevis, des cl\u00e9s, des scies, des meuleuses et des perceuses &#8211; destin\u00e9s aux professionnels et aux particuliers. Des accessoires de peinture, tels que des rouleaux, des pinceaux et du ruban adh\u00e9sif, sont \u00e9galement disponibles, ainsi que des v\u00eatements de travail et des articles de s\u00e9curit\u00e9 au travail, assurant confort et protection lors de l\u2019ex\u00e9cution de diverses t\u00e2ches. Ces produits se caract\u00e9risent par leur durabilit\u00e9, leur ergonomie et leur respect des normes en vigueur. L\u2019offre comprend \u00e9galement d\u2019autres articles adapt\u00e9s aux besoins des secteurs de la construction, de la r\u00e9novation et de la technique.     <\/p>\n","protected":false},"excerpt":{"rendered":"<p>Branche ghetto pour ciseaux \u00ab&nbsp;Girafe&nbsp;\u00bb UPX86. UPX82 &#8211; description Dans notre offre, vous trouverez un large choix d\u2019outils manuels et<\/p>\n","protected":false},"featured_media":415312,"template":"","meta":{"_seopress_robots_primary_cat":"","_seopress_titles_title":"","_seopress_titles_desc":"","_seopress_robots_index":""},"product_brand":[3418],"product_cat":[33,537],"product_tag":[],"class_list":{"0":"post-415330","1":"product","2":"type-product","3":"status-publish","4":"has-post-thumbnail","6":"product_brand-fiskars","7":"product_cat-attrezzature","8":"product_cat-attrezzatura-da-lavoro","9":"sws-gruppo-macchinari","10":"sws-conto-ricavi-merci-rivendita-macchinari","11":"sws-gruppo-iva-iva81","13":"first","14":"instock","15":"shipping-taxable","16":"purchasable","17":"product-type-simple"},"_links":{"self":[{"href":"https:\/\/lucacastelli.com\/fr\/wp-json\/wp\/v2\/product\/415330","targetHints":{"allow":["GET"]}}],"collection":[{"href":"https:\/\/lucacastelli.com\/fr\/wp-json\/wp\/v2\/product"}],"about":[{"href":"https:\/\/lucacastelli.com\/fr\/wp-json\/wp\/v2\/types\/product"}],"wp:featuredmedia":[{"embeddable":true,"href":"https:\/\/lucacastelli.com\/fr\/wp-json\/wp\/v2\/media\/415312"}],"wp:attachment":[{"href":"https:\/\/lucacastelli.com\/fr\/wp-json\/wp\/v2\/media?parent=415330"}],"wp:term":[{"taxonomy":"product_brand","embeddable":true,"href":"https:\/\/lucacastelli.com\/fr\/wp-json\/wp\/v2\/product_brand?post=415330"},{"taxonomy":"product_cat","embeddable":true,"href":"https:\/\/lucacastelli.com\/fr\/wp-json\/wp\/v2\/product_cat?post=415330"},{"taxonomy":"product_tag","embeddable":true,"href":"https:\/\/lucacastelli.com\/fr\/wp-json\/wp\/v2\/product_tag?post=415330"}],"curies":[{"name":"wp","href":"https:\/\/api.w.org\/{rel}","templated":true}]}}