{"id":415329,"date":"2025-04-29T18:34:21","date_gmt":"2025-04-29T16:34:21","guid":{"rendered":"https:\/\/lucacastelli.com\/prodotto\/cle-a-bougie-13x16x140mm\/"},"modified":"2025-04-29T18:34:21","modified_gmt":"2025-04-29T16:34:21","slug":"cle-a-bougie-13x16x140mm","status":"publish","type":"product","link":"https:\/\/lucacastelli.com\/fr\/produit\/cle-a-bougie-13x16x140mm\/","title":{"rendered":"Cl\u00e9 \u00e0 bougie 13x16x140mm"},"content":{"rendered":"<p>Cl\u00e9 mixte pour bougies d\u2019allumage :<\/p>\n<p> longueur 14 cm <\/p>\n<p>Convient pour 13 mm et 16 mm.<\/p>\n","protected":false},"excerpt":{"rendered":"<p>Cl\u00e9 mixte pour bougies d\u2019allumage : longueur 14 cm Convient pour 13 mm et 16 mm.<\/p>\n","protected":false},"featured_media":415296,"template":"","meta":{"_seopress_robots_primary_cat":"","_seopress_titles_title":"","_seopress_titles_desc":"","_seopress_robots_index":""},"product_brand":[3652],"product_cat":[144,1397],"product_tag":[],"class_list":{"0":"post-415329","1":"product","2":"type-product","3":"status-publish","4":"has-post-thumbnail","6":"product_brand-luca-castelli-legnami-fr","7":"product_cat-equipement","8":"product_cat-equipement-de-travail","9":"sws-gruppo-attrezz","10":"sws-conto-ricavi-merci-rivendita-macchinari","11":"sws-gruppo-iva-iva81","13":"first","14":"instock","15":"shipping-taxable","16":"purchasable","17":"product-type-simple"},"_links":{"self":[{"href":"https:\/\/lucacastelli.com\/fr\/wp-json\/wp\/v2\/product\/415329","targetHints":{"allow":["GET"]}}],"collection":[{"href":"https:\/\/lucacastelli.com\/fr\/wp-json\/wp\/v2\/product"}],"about":[{"href":"https:\/\/lucacastelli.com\/fr\/wp-json\/wp\/v2\/types\/product"}],"wp:featuredmedia":[{"embeddable":true,"href":"https:\/\/lucacastelli.com\/fr\/wp-json\/wp\/v2\/media\/415296"}],"wp:attachment":[{"href":"https:\/\/lucacastelli.com\/fr\/wp-json\/wp\/v2\/media?parent=415329"}],"wp:term":[{"taxonomy":"product_brand","embeddable":true,"href":"https:\/\/lucacastelli.com\/fr\/wp-json\/wp\/v2\/product_brand?post=415329"},{"taxonomy":"product_cat","embeddable":true,"href":"https:\/\/lucacastelli.com\/fr\/wp-json\/wp\/v2\/product_cat?post=415329"},{"taxonomy":"product_tag","embeddable":true,"href":"https:\/\/lucacastelli.com\/fr\/wp-json\/wp\/v2\/product_tag?post=415329"}],"curies":[{"name":"wp","href":"https:\/\/api.w.org\/{rel}","templated":true}]}}