{"id":415323,"date":"2025-04-29T18:57:46","date_gmt":"2025-04-29T16:57:46","guid":{"rendered":"https:\/\/lucacastelli.com\/prodotto\/fiskars-universal-cutter-powergearx-upx86-secateur-telescopique-scie-a-metaux\/"},"modified":"2025-06-29T00:47:56","modified_gmt":"2025-06-28T22:47:56","slug":"fiskars-universal-cutter-powergearx-upx86-secateur-telescopique-scie-a-metaux","status":"publish","type":"product","link":"https:\/\/lucacastelli.com\/fr\/produit\/fiskars-universal-cutter-powergearx-upx86-secateur-telescopique-scie-a-metaux\/","title":{"rendered":"Fiskars Universal Cutter PowerGear\u2122X UPX86 S\u00e9cateur t\u00e9lescopique + scie \u00e0 m\u00e9taux"},"content":{"rendered":"<p>Poign\u00e9e t\u00e9lescopique de 2,4 \u00e0 4 m\u00e8tres, pour atteindre une hauteur maximale de 6 m\u00e8tres<\/p>\n<p>Pour la coupe de bois frais jusqu\u2019\u00e0 \u00f8 32 mm<\/p>\n<p>T\u00eate de coupe r\u00e9glable jusqu\u2019\u00e0 230\u00b0<\/p>\n<p>Porte-lame orange pratique pour un meilleur guidage entre les branches  <\/p>\n<p>Poign\u00e9e souple durable et base antid\u00e9rapante<\/p>\n<p>La scie est \u00e9galement fournie pour couper des branches jusqu\u2019\u00e0 \u00d8 80 mm avec une lame en acier tremp\u00e9 de qualit\u00e9<\/p>\n<p>L\u2019aff\u00fbtage de la lame facilite la coupe<\/p>\n<p>Angle de coupe r\u00e9glable<\/p>\n<p>Les \u00e9lagueurs sont des outils multifonctionnels qui vous permettent d\u2019atteindre facilement le feuillage le plus haut et les arbustes les plus denses sans utiliser d\u2019\u00e9chelles, sans vous pencher et vous agenouiller.<\/p>\n<p>Actionnez la poign\u00e9e orange pour une puissance de coupe parfaite, ou pour profiter de la hauteur maximale, tirez sur le bouton \u00e0 l\u2019extr\u00e9mit\u00e9 de la poign\u00e9e.<\/p>\n<p>La t\u00eate r\u00e9glable et le m\u00e9canisme de coupe ultra-l\u00e9ger assurent une taille rapide mais s\u00fbre.<\/p>\n","protected":false},"excerpt":{"rendered":"<p>Poign\u00e9e t\u00e9lescopique de 2,4 \u00e0 4 m\u00e8tres, pour atteindre une hauteur maximale de 6 m\u00e8tres Pour la coupe de bois<\/p>\n","protected":false},"featured_media":415307,"template":"","meta":{"_seopress_robots_primary_cat":"","_seopress_titles_title":"","_seopress_titles_desc":"","_seopress_robots_index":""},"product_brand":[3418],"product_cat":[33,537],"product_tag":[],"class_list":{"0":"post-415323","1":"product","2":"type-product","3":"status-publish","4":"has-post-thumbnail","6":"product_brand-fiskars","7":"product_cat-attrezzature","8":"product_cat-attrezzatura-da-lavoro","9":"sws-gruppo-macchinari-fr","10":"sws-conto-ricavi-merci-rivendita-macchinari-fr","11":"sws-gruppo-iva-iva81-fr","13":"first","14":"instock","15":"shipping-taxable","16":"purchasable","17":"product-type-simple"},"_links":{"self":[{"href":"https:\/\/lucacastelli.com\/fr\/wp-json\/wp\/v2\/product\/415323","targetHints":{"allow":["GET"]}}],"collection":[{"href":"https:\/\/lucacastelli.com\/fr\/wp-json\/wp\/v2\/product"}],"about":[{"href":"https:\/\/lucacastelli.com\/fr\/wp-json\/wp\/v2\/types\/product"}],"wp:featuredmedia":[{"embeddable":true,"href":"https:\/\/lucacastelli.com\/fr\/wp-json\/wp\/v2\/media\/415307"}],"wp:attachment":[{"href":"https:\/\/lucacastelli.com\/fr\/wp-json\/wp\/v2\/media?parent=415323"}],"wp:term":[{"taxonomy":"product_brand","embeddable":true,"href":"https:\/\/lucacastelli.com\/fr\/wp-json\/wp\/v2\/product_brand?post=415323"},{"taxonomy":"product_cat","embeddable":true,"href":"https:\/\/lucacastelli.com\/fr\/wp-json\/wp\/v2\/product_cat?post=415323"},{"taxonomy":"product_tag","embeddable":true,"href":"https:\/\/lucacastelli.com\/fr\/wp-json\/wp\/v2\/product_tag?post=415323"}],"curies":[{"name":"wp","href":"https:\/\/api.w.org\/{rel}","templated":true}]}}