{"id":415289,"date":"2025-04-29T18:08:08","date_gmt":"2025-04-29T16:08:08","guid":{"rendered":"https:\/\/lucacastelli.com\/prodotto\/serpe-a-bec-de-type-bundle\/"},"modified":"2025-04-29T18:08:08","modified_gmt":"2025-04-29T16:08:08","slug":"serpe-a-bec-de-type-bundle","status":"publish","type":"product","link":"https:\/\/lucacastelli.com\/fr\/produit\/serpe-a-bec-de-type-bundle\/","title":{"rendered":"Serpe \u00e0 bec de type bundle"},"content":{"rendered":"<p>Poign\u00e9e recouverte de cuir Crochet en m\u00e9tal pour accrocher type Bergame \u00e9troit par paquet de 33 cm.<\/p>\n","protected":false},"excerpt":{"rendered":"<p>Poign\u00e9e recouverte de cuir Crochet en m\u00e9tal pour accrocher type Bergame \u00e9troit par paquet de 33 cm.<\/p>\n","protected":false},"featured_media":415278,"template":"","meta":{"_seopress_robots_primary_cat":"","_seopress_titles_title":"","_seopress_titles_desc":"","_seopress_robots_index":""},"product_brand":[3411],"product_cat":[21],"product_tag":[],"class_list":{"0":"post-415289","1":"product","2":"type-product","3":"status-publish","4":"has-post-thumbnail","6":"product_brand-luca-castelli-legnami","7":"product_cat-abbigliamento","8":"sws-gruppo-attrezz-fr","9":"sws-conto-ricavi-merci-rivendita-macchinari-fr","10":"sws-gruppo-iva-iva81-fr","12":"first","13":"instock","14":"shipping-taxable","15":"purchasable","16":"product-type-simple"},"_links":{"self":[{"href":"https:\/\/lucacastelli.com\/fr\/wp-json\/wp\/v2\/product\/415289","targetHints":{"allow":["GET"]}}],"collection":[{"href":"https:\/\/lucacastelli.com\/fr\/wp-json\/wp\/v2\/product"}],"about":[{"href":"https:\/\/lucacastelli.com\/fr\/wp-json\/wp\/v2\/types\/product"}],"wp:featuredmedia":[{"embeddable":true,"href":"https:\/\/lucacastelli.com\/fr\/wp-json\/wp\/v2\/media\/415278"}],"wp:attachment":[{"href":"https:\/\/lucacastelli.com\/fr\/wp-json\/wp\/v2\/media?parent=415289"}],"wp:term":[{"taxonomy":"product_brand","embeddable":true,"href":"https:\/\/lucacastelli.com\/fr\/wp-json\/wp\/v2\/product_brand?post=415289"},{"taxonomy":"product_cat","embeddable":true,"href":"https:\/\/lucacastelli.com\/fr\/wp-json\/wp\/v2\/product_cat?post=415289"},{"taxonomy":"product_tag","embeddable":true,"href":"https:\/\/lucacastelli.com\/fr\/wp-json\/wp\/v2\/product_tag?post=415289"}],"curies":[{"name":"wp","href":"https:\/\/api.w.org\/{rel}","templated":true}]}}