{"id":415188,"date":"2025-04-29T10:40:54","date_gmt":"2025-04-29T08:40:54","guid":{"rendered":"https:\/\/lucacastelli.com\/prodotto\/milwaukee-shockwave-kombi-gewindebohrer-1-4-hex-6-tlg-set-dans-la-boite-packout-kompatibler\/"},"modified":"2025-06-29T08:05:14","modified_gmt":"2025-06-29T06:05:14","slug":"milwaukee-shockwave-kombi-gewindebohrer-1-4-hex-6-tlg-set-dans-la-boite-packout-kompatibler","status":"publish","type":"product","link":"https:\/\/lucacastelli.com\/fr\/produit\/milwaukee-shockwave-kombi-gewindebohrer-1-4-hex-6-tlg-set-dans-la-boite-packout-kompatibler\/","title":{"rendered":"MILWAUKEE SHOCKWAVE Kombi-Gewindebohrer 1\/4&#8243; Hex 6-tlg. Set dans la bo\u00eete PACKOUT kompatibler"},"content":{"rendered":"<p>Taraud combin\u00e9 3 en 1 HSS-G : per\u00e7age de carottage, filetage et \u00e9bavurage de filetage en une seule \u00e9tape<br \/>\nTige : hexagonale 1\/4&#8242; &#8211; DIN 3126 E 6.3<br \/>\nR\u00e9sistant aux chocs : convient \u00e9galement pour une utilisation avec des cl\u00e9s \u00e0 chocs (sans fil), \u00e0 condition de respecter la vitesse de per\u00e7age recommand\u00e9e.<br \/>\nConvient pour le per\u00e7age dans le plastique, la t\u00f4le et l\u2019acier non alli\u00e9 jusqu\u2019\u00e0 800 N\/mm\u00b2.<br \/>\nUtilisez toujours de l\u2019huile de coupe !<br \/>\nDans une bo\u00eete compatible PACKOUT\u2122.<br \/>\nContenu<br \/>\nM3 x 52 mm<br \/>\nM4 x 52 mm<br \/>\nM5 x 57 mm<br \/>\nM6 x 57 mm<br \/>\nM8 x 57 mm<br \/>\nM10 x 58 mm<\/p>\n","protected":false},"excerpt":{"rendered":"<p>Taraud combin\u00e9 3 en 1 HSS-G : per\u00e7age de carottage, filetage et \u00e9bavurage de filetage en une seule \u00e9tape Tige<\/p>\n","protected":false},"featured_media":415175,"template":"","meta":{"_seopress_robots_primary_cat":"","_seopress_titles_title":"","_seopress_titles_desc":"","_seopress_robots_index":""},"product_brand":[3407],"product_cat":[514,550],"product_tag":[],"class_list":{"0":"post-415188","1":"product","2":"type-product","3":"status-publish","4":"has-post-thumbnail","6":"product_brand-milwaukee","7":"product_cat-altri-dispositivi","8":"product_cat-accessori-per-trapani-ed-avvitatori","9":"sws-gruppo-macchinari-fr","10":"sws-conto-ricavi-merci-rivendita-macchinari-fr","11":"sws-gruppo-iva-iva81-fr","13":"first","14":"instock","15":"shipping-taxable","16":"purchasable","17":"product-type-simple"},"_links":{"self":[{"href":"https:\/\/lucacastelli.com\/fr\/wp-json\/wp\/v2\/product\/415188","targetHints":{"allow":["GET"]}}],"collection":[{"href":"https:\/\/lucacastelli.com\/fr\/wp-json\/wp\/v2\/product"}],"about":[{"href":"https:\/\/lucacastelli.com\/fr\/wp-json\/wp\/v2\/types\/product"}],"wp:featuredmedia":[{"embeddable":true,"href":"https:\/\/lucacastelli.com\/fr\/wp-json\/wp\/v2\/media\/415175"}],"wp:attachment":[{"href":"https:\/\/lucacastelli.com\/fr\/wp-json\/wp\/v2\/media?parent=415188"}],"wp:term":[{"taxonomy":"product_brand","embeddable":true,"href":"https:\/\/lucacastelli.com\/fr\/wp-json\/wp\/v2\/product_brand?post=415188"},{"taxonomy":"product_cat","embeddable":true,"href":"https:\/\/lucacastelli.com\/fr\/wp-json\/wp\/v2\/product_cat?post=415188"},{"taxonomy":"product_tag","embeddable":true,"href":"https:\/\/lucacastelli.com\/fr\/wp-json\/wp\/v2\/product_tag?post=415188"}],"curies":[{"name":"wp","href":"https:\/\/api.w.org\/{rel}","templated":true}]}}