{"id":414980,"date":"2025-04-07T16:53:00","date_gmt":"2025-04-07T14:53:00","guid":{"rendered":"https:\/\/lucacastelli.com\/prodotto\/crazy-jkt-channel-femme\/"},"modified":"2026-04-15T00:01:43","modified_gmt":"2026-04-14T22:01:43","slug":"crazy-jkt-channel-femme","status":"publish","type":"product","link":"https:\/\/lucacastelli.com\/fr\/produit\/crazy-jkt-channel-femme\/","title":{"rendered":"CRAZY JKT CHANNEL FEMME"},"content":{"rendered":"<p>La Jkt Channel est la veste hybride parfaite pour le ski de randonn\u00e9e et toute activit\u00e9 d\u2019intensit\u00e9 moyenne \u00e0 \u00e9lev\u00e9e.<br \/>\nSa structure hybride optimise la protection et la l\u00e9g\u00e8ret\u00e9 en combinant des panneaux rembourr\u00e9s \u00e0 l\u2019avant et \u00e0 l\u2019arri\u00e8re avec des panneaux lat\u00e9raux et une ceinture en polaire italienne Vuelta l\u00e9g\u00e8re et respirante.<br \/>\nL\u2019isolation l\u00e9g\u00e8re Microrollo avec structure I-TUBE sans couture imite les propri\u00e9t\u00e9s thermiques du duvet naturel, offrant un s\u00e9chage plus rapide, tandis que la polaire italienne Vuelta est extraordinairement douce et respirante, avec un traitement d\u00e9perlant.<br \/>\nLes \u00e9paules et l\u2019ext\u00e9rieur des manches sont en Airtastic l\u00e9ger, \u00e9lastique et hydrofuge, tandis que les manches sup\u00e9rieures sont \u00e9quip\u00e9es d\u2019une<br \/>\ndoublure respirante et douce en Polartec Alpha Direct qui est agr\u00e9able sur la peau.<br \/>\nCapuche ergonomique avec bordure \u00e9lastique<\/p>\n<p>\u2022 Capuche ergonomique avec bordure \u00e9lastique<br \/>\n\u2022 Fermeture \u00e9clair avant ouvrante<br \/>\n\u2022 Poches pour les mains avec fermeture \u00e0 glissi\u00e8re<br \/>\n\u2022 Ourlet et inserts en tissu respirant, Vuelta italiano<br \/>\n\u2022 Boucle pour le pouce\u2022 Rembourrage<br \/>\n microroll et tissu imprim\u00e9<br \/>\n\u2022 Logos r\u00e9fl\u00e9chissants<br \/>\n\u2022 Coutures plates contrast\u00e9es<\/p>\n<p>POIDS&nbsp;: 341 gr<\/p>\n","protected":false},"excerpt":{"rendered":"<p>La Jkt Channel est la veste hybride parfaite pour le ski de randonn\u00e9e et toute activit\u00e9 d\u2019intensit\u00e9 moyenne \u00e0 \u00e9lev\u00e9e.<\/p>\n","protected":false},"featured_media":404018,"template":"","meta":{"_seopress_robots_primary_cat":"","_seopress_titles_title":"","_seopress_titles_desc":"","_seopress_robots_index":""},"product_brand":[3616],"product_cat":[81,981,1387],"product_tag":[],"class_list":{"0":"post-414980","1":"product","2":"type-product","3":"status-publish","4":"has-post-thumbnail","6":"product_brand-crazy-fr","7":"product_cat-vetements","8":"product_cat-vetements-de-loisirs","9":"product_cat-vetements-pour-femmes","10":"sws-gruppo-abb-libero-fr","11":"sws-conto-ricavi-merci-rivendita-abbigliamento-fr","12":"sws-gruppo-iva-iva81-fr","14":"first","15":"instock","16":"sale","17":"shipping-taxable","18":"purchasable","19":"product-type-variable"},"_links":{"self":[{"href":"https:\/\/lucacastelli.com\/fr\/wp-json\/wp\/v2\/product\/414980","targetHints":{"allow":["GET"]}}],"collection":[{"href":"https:\/\/lucacastelli.com\/fr\/wp-json\/wp\/v2\/product"}],"about":[{"href":"https:\/\/lucacastelli.com\/fr\/wp-json\/wp\/v2\/types\/product"}],"wp:featuredmedia":[{"embeddable":true,"href":"https:\/\/lucacastelli.com\/fr\/wp-json\/wp\/v2\/media\/404018"}],"wp:attachment":[{"href":"https:\/\/lucacastelli.com\/fr\/wp-json\/wp\/v2\/media?parent=414980"}],"wp:term":[{"taxonomy":"product_brand","embeddable":true,"href":"https:\/\/lucacastelli.com\/fr\/wp-json\/wp\/v2\/product_brand?post=414980"},{"taxonomy":"product_cat","embeddable":true,"href":"https:\/\/lucacastelli.com\/fr\/wp-json\/wp\/v2\/product_cat?post=414980"},{"taxonomy":"product_tag","embeddable":true,"href":"https:\/\/lucacastelli.com\/fr\/wp-json\/wp\/v2\/product_tag?post=414980"}],"curies":[{"name":"wp","href":"https:\/\/api.w.org\/{rel}","templated":true}]}}