{"id":414971,"date":"2025-04-07T16:53:00","date_gmt":"2025-04-07T14:53:00","guid":{"rendered":"https:\/\/lucacastelli.com\/prodotto\/crazy-gilet-channel-femme\/"},"modified":"2026-04-15T00:01:43","modified_gmt":"2026-04-14T22:01:43","slug":"crazy-gilet-channel-femme","status":"publish","type":"product","link":"https:\/\/lucacastelli.com\/fr\/produit\/crazy-gilet-channel-femme\/","title":{"rendered":"CRAZY GILET CHANNEL FEMME"},"content":{"rendered":"<p>Gilet hybride avec isolation l\u00e9g\u00e8re, parfait pour offrir une protection et une chaleur suppl\u00e9mentaires pendant les activit\u00e9s, sans restreindre la libert\u00e9 de mouvement.<br \/>\nLe torse, plus expos\u00e9 aux \u00e9l\u00e9ments, est r\u00e9alis\u00e9 avec le nylon innovant I-Tube Channel, sans couture pour de meilleures performances, tandis que l\u2019ourlet arri\u00e8re et les aisselles sont en Vuelta, une polaire de fabrication italienne, chaude, confortable et respirante.<br \/>\nLe v\u00eatement est renforc\u00e9 avec du tissu Two-Face, r\u00e9sistant, respirant et bi-\u00e9lastique, utilis\u00e9 sur les \u00e9paules et sur la partie centrale du dos.<br \/>\nLe rembourrage est en Microrollo, un rembourrage de fabrication italienne avec des qualit\u00e9s similaires au duvet naturel, qui offre les m\u00eames avantages mais avec un tissu synth\u00e9tique qui s\u00e8che plus rapidement.<\/p>\n<p>\u2022 Col haut protecteur<br \/>\n\u2022 Fermeture \u00e9clair<br \/>\n frontale compl\u00e8te\u2022 Poches pour les mains zipp\u00e9es<br \/>\n\u2022 Logos r\u00e9fl\u00e9chissants<br \/>\n\u2022 Coutures plates de couleur<br \/>\n contrastante\u2022 Isolation micro-rouleaux<br \/>\n\u2022 Bas et panneaux Vuelta respirants, fabriqu\u00e9s en Italie<\/p>\n<p>POIDS&nbsp;: 192 gr<\/p>\n","protected":false},"excerpt":{"rendered":"<p>Gilet hybride avec isolation l\u00e9g\u00e8re, parfait pour offrir une protection et une chaleur suppl\u00e9mentaires pendant les activit\u00e9s, sans restreindre la<\/p>\n","protected":false},"featured_media":404024,"template":"","meta":{"_seopress_robots_primary_cat":"","_seopress_titles_title":"","_seopress_titles_desc":"","_seopress_robots_index":""},"product_brand":[3616],"product_cat":[81,981,1387],"product_tag":[],"class_list":{"0":"post-414971","1":"product","2":"type-product","3":"status-publish","4":"has-post-thumbnail","6":"product_brand-crazy-fr","7":"product_cat-vetements","8":"product_cat-vetements-de-loisirs","9":"product_cat-vetements-pour-femmes","10":"sws-gruppo-abb-libero-fr","11":"sws-conto-ricavi-merci-rivendita-abbigliamento-fr","12":"sws-gruppo-iva-iva81-fr","14":"first","15":"instock","16":"sale","17":"shipping-taxable","18":"purchasable","19":"product-type-variable"},"_links":{"self":[{"href":"https:\/\/lucacastelli.com\/fr\/wp-json\/wp\/v2\/product\/414971","targetHints":{"allow":["GET"]}}],"collection":[{"href":"https:\/\/lucacastelli.com\/fr\/wp-json\/wp\/v2\/product"}],"about":[{"href":"https:\/\/lucacastelli.com\/fr\/wp-json\/wp\/v2\/types\/product"}],"wp:featuredmedia":[{"embeddable":true,"href":"https:\/\/lucacastelli.com\/fr\/wp-json\/wp\/v2\/media\/404024"}],"wp:attachment":[{"href":"https:\/\/lucacastelli.com\/fr\/wp-json\/wp\/v2\/media?parent=414971"}],"wp:term":[{"taxonomy":"product_brand","embeddable":true,"href":"https:\/\/lucacastelli.com\/fr\/wp-json\/wp\/v2\/product_brand?post=414971"},{"taxonomy":"product_cat","embeddable":true,"href":"https:\/\/lucacastelli.com\/fr\/wp-json\/wp\/v2\/product_cat?post=414971"},{"taxonomy":"product_tag","embeddable":true,"href":"https:\/\/lucacastelli.com\/fr\/wp-json\/wp\/v2\/product_tag?post=414971"}],"curies":[{"name":"wp","href":"https:\/\/api.w.org\/{rel}","templated":true}]}}