{"id":414967,"date":"2025-04-07T16:53:00","date_gmt":"2025-04-07T14:53:00","guid":{"rendered":"https:\/\/lucacastelli.com\/prodotto\/crazy-jkt-inspire\/"},"modified":"2026-04-15T00:01:43","modified_gmt":"2026-04-14T22:01:43","slug":"crazy-jkt-inspire","status":"publish","type":"product","link":"https:\/\/lucacastelli.com\/fr\/produit\/crazy-jkt-inspire\/","title":{"rendered":"CRAZY JKT INSPIRE"},"content":{"rendered":"<p>La veste la plus protectrice de notre collection.<br \/>\nCe produit combine des caract\u00e9ristiques techniques exceptionnelles et une protection avec une \u00e9lasticit\u00e9 totale, ce qui en fait la solution parfaite pour l\u2019alpinisme et les environnements extr\u00eames. En m\u00eame temps, sa coupe tr\u00e8s f\u00e9minine en fait une veste \u00e9l\u00e9gante qui flatte la silhouette avec des coupes soigneusement travaill\u00e9es et des panneaux lat\u00e9raux \u00e9lastiques.<br \/>\nLe tissu ext\u00e9rieur, l\u2019isolation et la doublure de la veste Inspire sont enti\u00e8rement \u00e9lastiques.<br \/>\nLe tissu ext\u00e9rieur est en Dermizax de Toray, qui offre une imperm\u00e9abilit\u00e9 totale avec une colonne d\u2019eau de 20k mm et qui favorise la respirabilit\u00e9.<br \/>\nLes coutures en haut sont scell\u00e9es pour assurer une imperm\u00e9abilisation totale dans les zones les plus expos\u00e9es \u00e0 la pluie et \u00e0 la neige.<br \/>\nLe rembourrage Primaloft Active est chaud, hydrofuge et \u00e9galement \u00e9lastique. <\/p>\n<p>\u2022 2 poches mains avec fermetures \u00e9clair invisibles<br \/>\n\u2022 Poche poitrine basse pour un confort parfait<br \/>\n\u2022 Coutures plates contrast\u00e9es<br \/>\n\u2022 Capuche structur\u00e9e avec r\u00e9glage et visi\u00e8re rigide<br \/>\n\u2022 Fermeture \u00e9clair frontale \u00e0 double sens<br \/>\n\u2022 Poche int\u00e9rieure en filet pour ranger la veste<\/p>\n<p>&nbsp;<\/p>\n<p>Poids : 474 g<\/p>\n","protected":false},"excerpt":{"rendered":"<p>La veste la plus protectrice de notre collection. Ce produit combine des caract\u00e9ristiques techniques exceptionnelles et une protection avec une<\/p>\n","protected":false},"featured_media":404009,"template":"","meta":{"_seopress_robots_primary_cat":"","_seopress_titles_title":"","_seopress_titles_desc":"","_seopress_robots_index":""},"product_brand":[3616],"product_cat":[81,981,1387],"product_tag":[],"class_list":{"0":"post-414967","1":"product","2":"type-product","3":"status-publish","4":"has-post-thumbnail","6":"product_brand-crazy-fr","7":"product_cat-vetements","8":"product_cat-vetements-de-loisirs","9":"product_cat-vetements-pour-femmes","10":"sws-gruppo-abb-libero-fr","11":"sws-conto-ricavi-merci-rivendita-abbigliamento-fr","12":"sws-gruppo-iva-iva81-fr","14":"first","15":"instock","16":"sale","17":"shipping-taxable","18":"purchasable","19":"product-type-variable"},"_links":{"self":[{"href":"https:\/\/lucacastelli.com\/fr\/wp-json\/wp\/v2\/product\/414967","targetHints":{"allow":["GET"]}}],"collection":[{"href":"https:\/\/lucacastelli.com\/fr\/wp-json\/wp\/v2\/product"}],"about":[{"href":"https:\/\/lucacastelli.com\/fr\/wp-json\/wp\/v2\/types\/product"}],"wp:featuredmedia":[{"embeddable":true,"href":"https:\/\/lucacastelli.com\/fr\/wp-json\/wp\/v2\/media\/404009"}],"wp:attachment":[{"href":"https:\/\/lucacastelli.com\/fr\/wp-json\/wp\/v2\/media?parent=414967"}],"wp:term":[{"taxonomy":"product_brand","embeddable":true,"href":"https:\/\/lucacastelli.com\/fr\/wp-json\/wp\/v2\/product_brand?post=414967"},{"taxonomy":"product_cat","embeddable":true,"href":"https:\/\/lucacastelli.com\/fr\/wp-json\/wp\/v2\/product_cat?post=414967"},{"taxonomy":"product_tag","embeddable":true,"href":"https:\/\/lucacastelli.com\/fr\/wp-json\/wp\/v2\/product_tag?post=414967"}],"curies":[{"name":"wp","href":"https:\/\/api.w.org\/{rel}","templated":true}]}}