{"id":414905,"date":"2022-06-10T12:56:55","date_gmt":"2022-06-10T10:56:55","guid":{"rendered":"https:\/\/lucacastelli.com\/prodotto\/vallorbe-kit-daffutage\/"},"modified":"2026-02-12T12:03:36","modified_gmt":"2026-02-12T11:03:36","slug":"vallorbe-kit-daffutage","status":"publish","type":"product","link":"https:\/\/lucacastelli.com\/fr\/produit\/vallorbe-kit-daffutage\/","title":{"rendered":"VALLORBE Kit d\u2019aff\u00fbtage"},"content":{"rendered":"<p>Tous les outils n\u00e9cessaires \u00e0 l\u2019entretien de la cha\u00eene et du guide-cha\u00eene sont contenus dans une mallette robuste et pratique.<\/p>\n<p>Composition&nbsp;:<br \/>\n* 1 lime guide<br \/>\n* 2 limes tron\u00e7onneuses rondes du m\u00eame diam\u00e8tre<br \/>\n* 1 lime tron\u00e7onneuse<br \/>\n plate* 1 poign\u00e9e<br \/>\n* 1 guide de jauge de profondeur<br \/>\n* 1 outil de nettoyage galvanis\u00e9<\/p>\n","protected":false},"excerpt":{"rendered":"<p>Tous les outils n\u00e9cessaires \u00e0 l\u2019entretien de la cha\u00eene et du guide-cha\u00eene sont contenus dans une mallette robuste et pratique.<\/p>\n","protected":false},"featured_media":51130,"template":"","meta":{"_seopress_robots_primary_cat":"","_seopress_titles_title":"","_seopress_titles_desc":"","_seopress_robots_index":""},"product_brand":[4421],"product_cat":[1605,167,1690,1604],"product_tag":[],"class_list":{"0":"post-414905","1":"product","2":"type-product","3":"status-publish","4":"has-post-thumbnail","6":"product_brand-vallorbe-fr","7":"product_cat-accessoires-et-consommables-fr-4","8":"product_cat-machines","9":"product_cat-taille-haies-et-elagueurs","10":"product_cat-tronconneuses","11":"sws-gruppo-macchinari","12":"sws-conto-ricavi-merci-rivendita-macchinari","13":"sws-gruppo-iva-iva81","15":"first","16":"instock","17":"shipping-taxable","18":"purchasable","19":"product-type-variable"},"_links":{"self":[{"href":"https:\/\/lucacastelli.com\/fr\/wp-json\/wp\/v2\/product\/414905","targetHints":{"allow":["GET"]}}],"collection":[{"href":"https:\/\/lucacastelli.com\/fr\/wp-json\/wp\/v2\/product"}],"about":[{"href":"https:\/\/lucacastelli.com\/fr\/wp-json\/wp\/v2\/types\/product"}],"wp:featuredmedia":[{"embeddable":true,"href":"https:\/\/lucacastelli.com\/fr\/wp-json\/wp\/v2\/media\/51130"}],"wp:attachment":[{"href":"https:\/\/lucacastelli.com\/fr\/wp-json\/wp\/v2\/media?parent=414905"}],"wp:term":[{"taxonomy":"product_brand","embeddable":true,"href":"https:\/\/lucacastelli.com\/fr\/wp-json\/wp\/v2\/product_brand?post=414905"},{"taxonomy":"product_cat","embeddable":true,"href":"https:\/\/lucacastelli.com\/fr\/wp-json\/wp\/v2\/product_cat?post=414905"},{"taxonomy":"product_tag","embeddable":true,"href":"https:\/\/lucacastelli.com\/fr\/wp-json\/wp\/v2\/product_tag?post=414905"}],"curies":[{"name":"wp","href":"https:\/\/api.w.org\/{rel}","templated":true}]}}