{"id":414881,"date":"2025-02-12T07:43:00","date_gmt":"2025-02-12T06:43:00","guid":{"rendered":"https:\/\/lucacastelli.com\/prodotto\/arbortec-cobra-drykit-sac-a-corde-hv-orange-65-l\/"},"modified":"2025-10-24T10:42:47","modified_gmt":"2025-10-24T08:42:47","slug":"arbortec-cobra-drykit-sac-a-corde-hv-orange-65-l","status":"publish","type":"product","link":"https:\/\/lucacastelli.com\/fr\/produit\/arbortec-cobra-drykit-sac-a-corde-hv-orange-65-l\/","title":{"rendered":"Arbortec Cobra DryKit Sac \u00e0 cordes &#8211; HV Orange 65 l"},"content":{"rendered":"<p>CARACT\u00c9RISTIQUES<br \/>\nCapacit\u00e9 de 65 litres<br \/>\nRobuste capacit\u00e9 de charge de 50 kg<br \/>\nC\u00f4t\u00e9s renforc\u00e9s<br \/>\nCouvercle \u00e0 fermeture \u00e9clair et rabat anti-vent<br \/>\nHousse anti-poussi\u00e8re int\u00e9rieure avec cordon de serrage<br \/>\nTrou de drainage et bouches d&#8217;a\u00e9ration<br \/>\n2 poches lat\u00e9rales et poche en filet. filet<br \/>\nS\u00e9parateur interne amovible et seau \u00e0 corde<br \/>\nDESCRIPTION DU PRODUIT<br \/>\nLe syst\u00e8me de portage robuste en tissu du sac \u00e0 corde Cobra de 65 litres nous permet de le classer avec une capacit\u00e9 de charge maximale allant jusqu&#8217;\u00e0 50 kg. Le tissu s&#8217;\u00e9tend sur toute la base du sac et est reli\u00e9 aux points de hissage par 4 anneaux en aluminium, ce qui permet de remplacer les poign\u00e9es si elles s&#8217;ab\u00eement ou s&#8217;usent avec le temps.<x id=\"gid_10\"><\/x>Fabriqu\u00e9 \u00e0 partir de notre tissu de b\u00e2che PES\/PVC r\u00e9sistant et imperm\u00e9able, le 65L est \u00e9galement renforc\u00e9 verticalement par des supports suppl\u00e9mentaires afin de garantir la forme parfaite du &#8220;seau&#8221;. Le sac peut facilement contenir une corde d&#8217;escalade ou d&#8217;amarrage de 50 m, avec beaucoup d&#8217;espace suppl\u00e9mentaire pour le harnais, le casque et d&#8217;autres \u00e9quipements d&#8217;escalade ou d&#8217;amarrage.<br \/>\nLe 65L comporte \u00e9galement un s\u00e9parateur interne amovible \u00e0 la base du sac pour s\u00e9parer le kit, ainsi qu&#8217;un petit seau \u00e0 corde interne qui peut \u00eatre tir\u00e9 et utilis\u00e9 comme un seau s\u00e9par\u00e9.<br \/>\nLe sac poss\u00e8de un couvercle zipp\u00e9 avec un rabat de protection qui se chevauche et un point d&#8217;acc\u00e8s \u00e0 la corde au centre avec un joint en caoutchouc pour emp\u00eacher la salet\u00e9 de p\u00e9n\u00e9trer.<br \/>\nIl y a \u00e9galement un porte-carte sur le couvercle pour les informations personnelles, de nombreuses boucles pour les mousquetons et quelques poign\u00e9es en caoutchouc suppl\u00e9mentaires sont \u00e9galement de bons \u00e9l\u00e9ments sur les c\u00f4t\u00e9s du sac pour une prise en main rapide.<br \/>\nLe 65L est \u00e9quip\u00e9 d&#8217;un trou de drainage \u00e0 la base et de points d&#8217;a\u00e9ration suppl\u00e9mentaires autour du sac pour emp\u00eacher la formation de moisissure sur la corde mouill\u00e9e.<br \/>\nPour faciliter l&#8217;utilisation, nous avons inclus un syst\u00e8me de harnais d&#8217;\u00e9paule rembourr\u00e9 qui transforme le 65L d&#8217;un seau \u00e0 ficelle en un sac \u00e0 dos \u00e0 part enti\u00e8re, avec des bretelles enti\u00e8rement r\u00e9glables et une Ceinture bien rembourr\u00e9e.<br \/>\nEn somme, un sac \u00e0 corde extr\u00eamement polyvalent pour le mat\u00e9riel d&#8217;escalade et de montage.<\/p>\n","protected":false},"excerpt":{"rendered":"<p>CARACT\u00c9RISTIQUES Capacit\u00e9 de 65 litres Robuste capacit\u00e9 de charge de 50 kg C\u00f4t\u00e9s renforc\u00e9s Couvercle \u00e0 fermeture \u00e9clair et rabat<\/p>\n","protected":false},"featured_media":95050,"template":"","meta":{"_seopress_robots_primary_cat":"","_seopress_titles_title":"","_seopress_titles_desc":"","_seopress_robots_index":""},"product_brand":[3412],"product_cat":[33,537,822],"product_tag":[5803],"class_list":{"0":"post-414881","1":"product","2":"type-product","3":"status-publish","4":"has-post-thumbnail","6":"product_brand-arbortec","7":"product_cat-attrezzature","8":"product_cat-attrezzatura-da-lavoro","9":"product_cat-altro-attrezzatura-da-lavoro","10":"product_tag-lucerna2025","11":"sws-gruppo-abb-libero-fr","12":"sws-categoria-sito-fr","13":"sws-conto-ricavi-merci-rivendita-abbigliamento-fr","14":"sws-gruppo-iva-iva81-fr","16":"first","17":"instock","18":"sale","19":"shipping-taxable","20":"purchasable","21":"product-type-simple"},"_links":{"self":[{"href":"https:\/\/lucacastelli.com\/fr\/wp-json\/wp\/v2\/product\/414881","targetHints":{"allow":["GET"]}}],"collection":[{"href":"https:\/\/lucacastelli.com\/fr\/wp-json\/wp\/v2\/product"}],"about":[{"href":"https:\/\/lucacastelli.com\/fr\/wp-json\/wp\/v2\/types\/product"}],"wp:featuredmedia":[{"embeddable":true,"href":"https:\/\/lucacastelli.com\/fr\/wp-json\/wp\/v2\/media\/95050"}],"wp:attachment":[{"href":"https:\/\/lucacastelli.com\/fr\/wp-json\/wp\/v2\/media?parent=414881"}],"wp:term":[{"taxonomy":"product_brand","embeddable":true,"href":"https:\/\/lucacastelli.com\/fr\/wp-json\/wp\/v2\/product_brand?post=414881"},{"taxonomy":"product_cat","embeddable":true,"href":"https:\/\/lucacastelli.com\/fr\/wp-json\/wp\/v2\/product_cat?post=414881"},{"taxonomy":"product_tag","embeddable":true,"href":"https:\/\/lucacastelli.com\/fr\/wp-json\/wp\/v2\/product_tag?post=414881"}],"curies":[{"name":"wp","href":"https:\/\/api.w.org\/{rel}","templated":true}]}}