{"id":414869,"date":"2025-04-07T16:53:00","date_gmt":"2025-04-07T14:53:00","guid":{"rendered":"https:\/\/lucacastelli.com\/prodotto\/crazy-bande-skyline-energy\/"},"modified":"2026-03-01T00:15:13","modified_gmt":"2026-02-28T23:15:13","slug":"crazy-bande-skyline-energy","status":"publish","type":"product","link":"https:\/\/lucacastelli.com\/fr\/produit\/crazy-bande-skyline-energy\/","title":{"rendered":"CRAZY BANDE SKYLINE ENERGY"},"content":{"rendered":"<p>Bandeau en laine l\u00e9ger, fabriqu\u00e9 en Italie, con\u00e7u pour les aventures en plein air par temps froid.<br \/>\nLe design repr\u00e9sente la ligne d\u2019horizon des montagnes, typique de la collection Crazy. Avec doublure en polaire, pour une sensation plus confortable sur la peau. <\/p>\n<p>POIDS&nbsp;: 45 gr<\/p>\n","protected":false},"excerpt":{"rendered":"<p>Bandeau en laine l\u00e9ger, fabriqu\u00e9 en Italie, con\u00e7u pour les aventures en plein air par temps froid. Le design repr\u00e9sente<\/p>\n","protected":false},"featured_media":405161,"template":"","meta":{"_seopress_robots_primary_cat":"","_seopress_titles_title":"","_seopress_titles_desc":"","_seopress_robots_index":""},"product_brand":[3413],"product_cat":[21,186],"product_tag":[],"class_list":{"0":"post-414869","1":"product","2":"type-product","3":"status-publish","4":"has-post-thumbnail","6":"product_brand-crazy","7":"product_cat-abbigliamento","8":"product_cat-accessori-per-labbigliamento","9":"sws-gruppo-abb-libero-fr","10":"sws-conto-ricavi-merci-rivendita-abbigliamento-fr","11":"sws-gruppo-iva-iva81-fr","13":"first","14":"instock","15":"sale","16":"shipping-taxable","17":"purchasable","18":"product-type-simple"},"_links":{"self":[{"href":"https:\/\/lucacastelli.com\/fr\/wp-json\/wp\/v2\/product\/414869","targetHints":{"allow":["GET"]}}],"collection":[{"href":"https:\/\/lucacastelli.com\/fr\/wp-json\/wp\/v2\/product"}],"about":[{"href":"https:\/\/lucacastelli.com\/fr\/wp-json\/wp\/v2\/types\/product"}],"wp:featuredmedia":[{"embeddable":true,"href":"https:\/\/lucacastelli.com\/fr\/wp-json\/wp\/v2\/media\/405161"}],"wp:attachment":[{"href":"https:\/\/lucacastelli.com\/fr\/wp-json\/wp\/v2\/media?parent=414869"}],"wp:term":[{"taxonomy":"product_brand","embeddable":true,"href":"https:\/\/lucacastelli.com\/fr\/wp-json\/wp\/v2\/product_brand?post=414869"},{"taxonomy":"product_cat","embeddable":true,"href":"https:\/\/lucacastelli.com\/fr\/wp-json\/wp\/v2\/product_cat?post=414869"},{"taxonomy":"product_tag","embeddable":true,"href":"https:\/\/lucacastelli.com\/fr\/wp-json\/wp\/v2\/product_tag?post=414869"}],"curies":[{"name":"wp","href":"https:\/\/api.w.org\/{rel}","templated":true}]}}