{"id":414856,"date":"2023-11-15T15:32:32","date_gmt":"2023-11-15T14:32:32","guid":{"rendered":"https:\/\/lucacastelli.com\/prodotto\/milwaukee-akku-rucksacksauger-m18fbpv-0\/"},"modified":"2025-11-01T14:26:45","modified_gmt":"2025-11-01T13:26:45","slug":"milwaukee-akku-rucksacksauger-m18fbpv-0","status":"publish","type":"product","link":"https:\/\/lucacastelli.com\/fr\/produit\/milwaukee-akku-rucksacksauger-m18fbpv-0\/","title":{"rendered":"Milwaukee Akku-Rucksacksauger M18FBPV-0"},"content":{"rendered":"<p>Peut \u00eatre transform\u00e9 en aspirateur r\u00e9glable en retirant le harnais du sac \u00e0 dos<br \/>\nLivr\u00e9 avec aspirateur de sol, buse d\u2019\u00e9cartement, tuyau d\u2019aspiration t\u00e9lescopique, tuyau, adaptateur d\u2019aspiration<br \/>\nR\u00e9cipient de 3,8 litres<br \/>\nMoteur brushless POWERSTATE\u2122 pour une puissance d\u2019aspiration \u00e9lev\u00e9e et une longue dur\u00e9e de fonctionnement du moteur<br \/>\nL\u2019\u00e9lectronique REDLINK PLUS\u2122 offre une protection num\u00e9rique avanc\u00e9e contre les surcharges de la machine et de la batterie et maintient la puissance constante en charge<br \/>\nLa batterie REDLITHIUM\u2122 offre une conception parfaitement calibr\u00e9e, une \u00e9lectronique avanc\u00e9e et une alimentation sans perte pour une plus longue port\u00e9e<br \/>\nPoudre de classe L avec valeur MAK  &gt;  1 mg\/m\u00b3<br \/>\nLe filtre HEPA \u00e9limine de mani\u00e8re fiable 99,97 % de toutes les particules de poussi\u00e8re jusqu\u2019\u00e0 0,3 microm\u00e8tre<br \/>\nCompatible avec le kit d\u2019aspiration DEK 26, l\u2019aspirateur peut \u00eatre facilement connect\u00e9 \u00e0 un outil \u00e9lectrique<br \/>\nFaible bruit &#8211; seulement 74 dB<br \/>\nTechnologie cyclonique pour une dur\u00e9e de vie plus longue du filtre et des performances maximales<br \/>\nSuspension int\u00e9gr\u00e9e pour la fixation \u00e0 des \u00e9chelles ou \u00e0 des \u00e9chafaudages<br \/>\nSe transforme en aspirateur r\u00e9glable en retirant le harnais du sac \u00e0 dos<br \/>\nLivr\u00e9 avec aspirateur de sol, buse d\u2019\u00e9cartement, tuyau d\u2019aspiration t\u00e9lescopique, tuyau, adaptateur d\u2019aspiration<\/p>\n<p>Tension [V]&nbsp;: 18<br \/>\nBatterie&nbsp;: Lithium-ion<br \/>\nLivr\u00e9 en&nbsp;: bo\u00eete en carton<br \/>\n\u00c9quipement standard | Contenu de la livraison : aspirateur, buse d\u2019\u00e9cartement, tuyau d\u2019aspiration t\u00e9lescopique, tuyau, adaptateur d\u2019aspiration.<br \/>\nD\u00e9signation&nbsp;: Variante du mod\u00e8le&nbsp;: M18 FBPV-0<br \/>\nPoids avec batterie [kg]&nbsp;: 8,7 (M18 B5)<br \/>\nDiam\u00e8tre du tuyau [mm]&nbsp;: 36<br \/>\nSyst\u00e8me&nbsp;: M18<br \/>\nTechnologie&nbsp;: Chargeur de carburant inclus&nbsp;:Pas<br \/>\nde chargeur inclus dans la livraison<br \/>\nBatterie incluse&nbsp;:Pas de batterie incluse dans la livraison<\/p>\n","protected":false},"excerpt":{"rendered":"<p>Peut \u00eatre transform\u00e9 en aspirateur r\u00e9glable en retirant le harnais du sac \u00e0 dos Livr\u00e9 avec aspirateur de sol, buse<\/p>\n","protected":false},"featured_media":57523,"template":"","meta":{"_seopress_robots_primary_cat":"","_seopress_titles_title":"","_seopress_titles_desc":"","_seopress_robots_index":""},"product_brand":[3658],"product_cat":[1474,1453,167],"product_tag":[],"class_list":{"0":"post-414856","1":"product","2":"type-product","3":"status-publish","4":"has-post-thumbnail","6":"product_brand-milwaukee-fr","7":"product_cat-aspirateurs-de-nettoyage","8":"product_cat-autres-appareils","9":"product_cat-machines","10":"sws-gruppo-macchinari-fr","11":"sws-conto-ricavi-merci-rivendita-macchinari-fr","12":"sws-gruppo-iva-iva81-fr","14":"first","15":"onbackorder","16":"shipping-taxable","17":"purchasable","18":"product-type-simple"},"_links":{"self":[{"href":"https:\/\/lucacastelli.com\/fr\/wp-json\/wp\/v2\/product\/414856","targetHints":{"allow":["GET"]}}],"collection":[{"href":"https:\/\/lucacastelli.com\/fr\/wp-json\/wp\/v2\/product"}],"about":[{"href":"https:\/\/lucacastelli.com\/fr\/wp-json\/wp\/v2\/types\/product"}],"wp:featuredmedia":[{"embeddable":true,"href":"https:\/\/lucacastelli.com\/fr\/wp-json\/wp\/v2\/media\/57523"}],"wp:attachment":[{"href":"https:\/\/lucacastelli.com\/fr\/wp-json\/wp\/v2\/media?parent=414856"}],"wp:term":[{"taxonomy":"product_brand","embeddable":true,"href":"https:\/\/lucacastelli.com\/fr\/wp-json\/wp\/v2\/product_brand?post=414856"},{"taxonomy":"product_cat","embeddable":true,"href":"https:\/\/lucacastelli.com\/fr\/wp-json\/wp\/v2\/product_cat?post=414856"},{"taxonomy":"product_tag","embeddable":true,"href":"https:\/\/lucacastelli.com\/fr\/wp-json\/wp\/v2\/product_tag?post=414856"}],"curies":[{"name":"wp","href":"https:\/\/api.w.org\/{rel}","templated":true}]}}