{"id":414847,"date":"2024-11-13T10:19:57","date_gmt":"2024-11-13T09:19:57","guid":{"rendered":"https:\/\/lucacastelli.com\/prodotto\/milwaukee-m18f2bpb-124-akku-rucksackgeblase-in2\/"},"modified":"2025-06-29T08:06:32","modified_gmt":"2025-06-29T06:06:32","slug":"milwaukee-m18f2bpb-124-akku-rucksackgeblase-in2","status":"publish","type":"product","link":"https:\/\/lucacastelli.com\/fr\/produit\/milwaukee-m18f2bpb-124-akku-rucksackgeblase-in2\/","title":{"rendered":"Milwaukee M18F2BPB-124 Akku-Rucksackgebl\u00e4se IN2"},"content":{"rendered":"<p>Puissance \u00e9lev\u00e9e constante avec une force de soufflage uniforme de 20,5 N sur toute la dur\u00e9e de vie de la batterie<br \/>\n2 x 18 volts souffleur de sac \u00e0 dos sans fil avec zone dorsale rembourr\u00e9e et bretelles rembourr\u00e9es et r\u00e9glables pour un grand confort de port<br \/>\nJusqu\u2019\u00e0 quatre compartiments de batterie pour une plus longue autonomie<br \/>\nVolume d\u2019air jusqu\u2019\u00e0 18,4 m\u00b3\/min \u00e0 249 km\/h pour l\u2019\u00e9limination des feuilles, du gravier et des copeaux de pierre<br \/>\n\u00c9quilibre et ergonomie optimis\u00e9s avec 3 modes, contr\u00f4le de vitesse variable, r\u00e9glage de la poign\u00e9e sans outil et buse t\u00e9lescopique r\u00e9glable<br \/>\nAcc\u00e9l\u00e9ration \u00e0 plein r\u00e9gime en moins de 1 seconde<br \/>\nFacile \u00e0 transporter gr\u00e2ce au crochet pour le rangement vertical de la buse et \u00e0 la poign\u00e9e de transport<br \/>\nBuses interchangeables pour optimiser le souffleur pour diff\u00e9rentes applications<br \/>\nL\u2019ADN de notre plateforme FUEL\u2122 red\u00e9finit l\u2019\u00e9quilibre des technologies sans fil. Le moteur brushless MILWAUKEE\u00ae POWERSTATE\u2122, la batterie REDLITHIUM\u2122 et l\u2019intelligence \u00e9lectronique REDLINK PLUS\u2122 assurent des performances, une autonomie et une durabilit\u00e9 exceptionnelles.<br \/>\nSyst\u00e8me de batterie flexible : Compatible avec toutes les batteries MILWAUKEE\u00ae M18\u2122. <\/p>\n<p>SYST\u00c8ME M18<br \/>\nBATTERIE FOURNIE 4 x M18 HB12 12.0 AH<br \/>\nM18 PC6 CHARGEUR AIR FOURNI<br \/>\nVITESSE 0 &#8211; 250 km\/h<br \/>\nVOLUME D\u2019AIR 0 &#8211; 18.5 m\u00b3\/min<br \/>\nBATTERIE lithium-ion<br \/>\nTENSION 36 V (2 x 18 V) V<br \/>\nPOIDS AVEC BATTERIE 11.4 (2 x M18 HB12) kg<\/p>\n","protected":false},"excerpt":{"rendered":"<p>Puissance \u00e9lev\u00e9e constante avec une force de soufflage uniforme de 20,5 N sur toute la dur\u00e9e de vie de la<\/p>\n","protected":false},"featured_media":58265,"template":"","meta":{"_seopress_robots_primary_cat":"","_seopress_titles_title":"","_seopress_titles_desc":"","_seopress_robots_index":""},"product_brand":[3407],"product_cat":[29,485,489],"product_tag":[],"class_list":{"0":"post-414847","1":"product","2":"type-product","3":"status-publish","4":"has-post-thumbnail","6":"product_brand-milwaukee","7":"product_cat-macchinari","8":"product_cat-soffiatori-e-aspiratori","9":"product_cat-soffiatori-a-batteria","11":"first","12":"instock","13":"shipping-taxable","14":"purchasable","15":"product-type-simple"},"_links":{"self":[{"href":"https:\/\/lucacastelli.com\/fr\/wp-json\/wp\/v2\/product\/414847","targetHints":{"allow":["GET"]}}],"collection":[{"href":"https:\/\/lucacastelli.com\/fr\/wp-json\/wp\/v2\/product"}],"about":[{"href":"https:\/\/lucacastelli.com\/fr\/wp-json\/wp\/v2\/types\/product"}],"wp:featuredmedia":[{"embeddable":true,"href":"https:\/\/lucacastelli.com\/fr\/wp-json\/wp\/v2\/media\/58265"}],"wp:attachment":[{"href":"https:\/\/lucacastelli.com\/fr\/wp-json\/wp\/v2\/media?parent=414847"}],"wp:term":[{"taxonomy":"product_brand","embeddable":true,"href":"https:\/\/lucacastelli.com\/fr\/wp-json\/wp\/v2\/product_brand?post=414847"},{"taxonomy":"product_cat","embeddable":true,"href":"https:\/\/lucacastelli.com\/fr\/wp-json\/wp\/v2\/product_cat?post=414847"},{"taxonomy":"product_tag","embeddable":true,"href":"https:\/\/lucacastelli.com\/fr\/wp-json\/wp\/v2\/product_tag?post=414847"}],"curies":[{"name":"wp","href":"https:\/\/api.w.org\/{rel}","templated":true}]}}