{"id":414844,"date":"2024-11-13T10:19:24","date_gmt":"2024-11-13T09:19:24","guid":{"rendered":"https:\/\/lucacastelli.com\/prodotto\/milwaukee-m18fhet45-0-akku-heckenschere-45cm\/"},"modified":"2025-12-19T15:02:13","modified_gmt":"2025-12-19T14:02:13","slug":"milwaukee-m18fhet45-0-akku-heckenschere-45cm","status":"publish","type":"product","link":"https:\/\/lucacastelli.com\/fr\/produit\/milwaukee-m18fhet45-0-akku-heckenschere-45cm\/","title":{"rendered":"MILWAUKEE M18FHET45-0 Akku-Heckenschere 45cm"},"content":{"rendered":"<p>M18\u2122 FUEL\u2122 Taille-haie sans fil 45 cm M18FHET45-0 \/ Milwaukee # 4933493293 \/ EAN&nbsp;: 4058546481643<br \/>\nLames doublement aff\u00fbt\u00e9es pour des coupes nettes et l\u2019enl\u00e8vement de mat\u00e9riaux plus \u00e9pais<br \/>\nLame de 45 cm pour une flexibilit\u00e9 et des performances \u00e9lev\u00e9es pour couper des branches jusqu\u2019\u00e0 19 mm<br \/>\nMaintient les performances sous charge sans faiblir<br \/>\nJusqu\u2019\u00e0 2 heures d\u2019autonomie avec une batterie M18\u2122 HAUT RENDEMENT\u2122 de 8,0 Ah<br \/>\nLe carter d\u2019engrenage enti\u00e8rement m\u00e9tallique renferme et prot\u00e8ge enti\u00e8rement le syst\u00e8me d\u2019entra\u00eenement par engrenages<br \/>\nProt\u00e8ge-pointe de lame pour prot\u00e9ger la lame et \u00e9viter les dommages accidentels aux cl\u00f4tures ou \u00e0 d\u2019autres objets<br \/>\nLe placement de la poign\u00e9e de barre et la r\u00e9partition du poids assurent la meilleure combinaison d\u2019\u00e9quilibre et de contr\u00f4le<br \/>\n100&nbsp;% compatible avec la gamme de produits MILWAUKEE-M18\u00ae\u2122.<\/p>\n<p>Caract\u00e9ristiques techniques&nbsp;:<br \/>\nSYST\u00c8ME M18<br \/>\nBATTERIE LITHIUM-ION<br \/>\nLIVR\u00c9E EN BO\u00ceTE<br \/>\nPOIDS AVEC BATTERIE 5.0 (M18\u2122HB8) kg<br \/>\nVITESSE DE COURSE 3400 min-1<br \/>\nCAPACIT\u00c9 DE COUPE MAX. CAPACIT\u00c9 DE COUPE 19 mm<br \/>\nLONGUEUR DE LA LAME 45 cm<br \/>\nTENSION 18 V <\/p>\n","protected":false},"excerpt":{"rendered":"<p>M18\u2122 FUEL\u2122 Taille-haie sans fil 45 cm M18FHET45-0 \/ Milwaukee # 4933493293 \/ EAN&nbsp;: 4058546481643 Lames doublement aff\u00fbt\u00e9es pour des<\/p>\n","protected":false},"featured_media":58260,"template":"","meta":{"_seopress_robots_primary_cat":"","_seopress_titles_title":"","_seopress_titles_desc":"","_seopress_robots_index":""},"product_brand":[3407],"product_cat":[29,268,282,267],"product_tag":[],"class_list":{"0":"post-414844","1":"product","2":"type-product","3":"status-publish","4":"has-post-thumbnail","6":"product_brand-milwaukee","7":"product_cat-macchinari","8":"product_cat-motoseghe","9":"product_cat-tosasiepi-e-potatori-a-batteria","10":"product_cat-tosasiepi-e-potatori","11":"sws-gruppo-macchinari-fr","12":"sws-conto-ricavi-merci-rivendita-macchinari-fr","13":"sws-gruppo-iva-iva81-fr","15":"first","16":"instock","17":"shipping-taxable","18":"purchasable","19":"product-type-simple"},"_links":{"self":[{"href":"https:\/\/lucacastelli.com\/fr\/wp-json\/wp\/v2\/product\/414844","targetHints":{"allow":["GET"]}}],"collection":[{"href":"https:\/\/lucacastelli.com\/fr\/wp-json\/wp\/v2\/product"}],"about":[{"href":"https:\/\/lucacastelli.com\/fr\/wp-json\/wp\/v2\/types\/product"}],"wp:featuredmedia":[{"embeddable":true,"href":"https:\/\/lucacastelli.com\/fr\/wp-json\/wp\/v2\/media\/58260"}],"wp:attachment":[{"href":"https:\/\/lucacastelli.com\/fr\/wp-json\/wp\/v2\/media?parent=414844"}],"wp:term":[{"taxonomy":"product_brand","embeddable":true,"href":"https:\/\/lucacastelli.com\/fr\/wp-json\/wp\/v2\/product_brand?post=414844"},{"taxonomy":"product_cat","embeddable":true,"href":"https:\/\/lucacastelli.com\/fr\/wp-json\/wp\/v2\/product_cat?post=414844"},{"taxonomy":"product_tag","embeddable":true,"href":"https:\/\/lucacastelli.com\/fr\/wp-json\/wp\/v2\/product_tag?post=414844"}],"curies":[{"name":"wp","href":"https:\/\/api.w.org\/{rel}","templated":true}]}}