{"id":414839,"date":"2024-11-13T10:05:38","date_gmt":"2024-11-13T09:05:38","guid":{"rendered":"https:\/\/lucacastelli.com\/prodotto\/milwaukee-fur-m18-kettensagen-kettensagen-pockets\/"},"modified":"2025-06-29T08:06:16","modified_gmt":"2025-06-29T06:06:16","slug":"milwaukee-fur-m18-kettensagen-kettensagen-pockets","status":"publish","type":"product","link":"https:\/\/lucacastelli.com\/fr\/produit\/milwaukee-fur-m18-kettensagen-kettensagen-pockets\/","title":{"rendered":"Milwaukee f\u00fcr M18 Kettens\u00e4gen Kettens\u00e4gen-Pockets"},"content":{"rendered":"<p>Sac de rangement pour tron\u00e7onneuse MILWAUKEE\u00ae M18\u2122<\/p>\n<p>Caract\u00e9ristiques techniques&nbsp;:<br \/>\nLongueur 99,2 cm<br \/>\nlargeur 29,2 cm<br \/>\nHAUTEUR 6 cm<\/p>\n","protected":false},"excerpt":{"rendered":"<p>Sac de rangement pour tron\u00e7onneuse MILWAUKEE\u00ae M18\u2122 Caract\u00e9ristiques techniques&nbsp;: Longueur 99,2 cm largeur 29,2 cm HAUTEUR 6 cm<\/p>\n","protected":false},"featured_media":58255,"template":"","meta":{"_seopress_robots_primary_cat":"","_seopress_titles_title":"","_seopress_titles_desc":"","_seopress_robots_index":""},"product_brand":[3407],"product_cat":[29,268,269,267],"product_tag":[],"class_list":{"0":"post-414839","1":"product","2":"type-product","3":"status-publish","4":"has-post-thumbnail","6":"product_brand-milwaukee","7":"product_cat-macchinari","8":"product_cat-motoseghe","9":"product_cat-accessori-e-materiale-di-consumo-tosasiepi-e-potatori","10":"product_cat-tosasiepi-e-potatori","12":"first","13":"instock","14":"shipping-taxable","15":"purchasable","16":"product-type-simple"},"_links":{"self":[{"href":"https:\/\/lucacastelli.com\/fr\/wp-json\/wp\/v2\/product\/414839","targetHints":{"allow":["GET"]}}],"collection":[{"href":"https:\/\/lucacastelli.com\/fr\/wp-json\/wp\/v2\/product"}],"about":[{"href":"https:\/\/lucacastelli.com\/fr\/wp-json\/wp\/v2\/types\/product"}],"wp:featuredmedia":[{"embeddable":true,"href":"https:\/\/lucacastelli.com\/fr\/wp-json\/wp\/v2\/media\/58255"}],"wp:attachment":[{"href":"https:\/\/lucacastelli.com\/fr\/wp-json\/wp\/v2\/media?parent=414839"}],"wp:term":[{"taxonomy":"product_brand","embeddable":true,"href":"https:\/\/lucacastelli.com\/fr\/wp-json\/wp\/v2\/product_brand?post=414839"},{"taxonomy":"product_cat","embeddable":true,"href":"https:\/\/lucacastelli.com\/fr\/wp-json\/wp\/v2\/product_cat?post=414839"},{"taxonomy":"product_tag","embeddable":true,"href":"https:\/\/lucacastelli.com\/fr\/wp-json\/wp\/v2\/product_tag?post=414839"}],"curies":[{"name":"wp","href":"https:\/\/api.w.org\/{rel}","templated":true}]}}