{"id":414836,"date":"2024-11-13T10:04:28","date_gmt":"2024-11-13T09:04:28","guid":{"rendered":"https:\/\/lucacastelli.com\/prodotto\/milwaukee-m18-fuel-akku-top-handle-kettensage-m18fthchs30-0\/"},"modified":"2025-12-20T15:02:21","modified_gmt":"2025-12-20T14:02:21","slug":"milwaukee-m18-fuel-akku-top-handle-kettensage-m18fthchs30-0","status":"publish","type":"product","link":"https:\/\/lucacastelli.com\/fr\/produit\/milwaukee-m18-fuel-akku-top-handle-kettensage-m18fthchs30-0\/","title":{"rendered":"MILWAUKEE M18 FUEL\u2122 Akku-Top-Handle-Kettens\u00e4ge M18FTHCHS30-0"},"content":{"rendered":"<p>Excellente vitesse de coupe dans le bois dur par rapport aux tron\u00e7onneuses \u00e0 essence ou filaires d\u2019une seule main<br \/>\nCouple \u00e9lev\u00e9 pour des coupes rapides dans des mat\u00e9riaux exigeants et une vitesse constante sous de lourdes charges sans calage<br \/>\nTechnologie FUEL\u2122 pour une acc\u00e9l\u00e9ration compl\u00e8te en moins d&#8217;1 seconde<br \/>\nJusqu\u2019\u00e0 150 coupes de bois de c\u00e8dre de 10 x 10 cm sur une charge compl\u00e8te de la batterie M18\u2122 HIGH OUTPUT\u2122 8,0 Ah<br \/>\nLa conception d\u2019une seule main et l\u2019\u00e9quilibrage optimis\u00e9 le rendent parfait pour les applications d\u2019\u00e9lagage<br \/>\nLe contr\u00f4le sensible de la vitesse donne \u00e0 l\u2019utilisateur un contr\u00f4le total de la puissance de sortie<br \/>\nCeinture de s\u00e9curit\u00e9 pour l\u2019accouplement et le d\u00e9saccouplement rapides<br \/>\nPoign\u00e9e ergonomique inclin\u00e9e pour une utilisation confortable dans diff\u00e9rentes positions<br \/>\nConteneur de cl\u00e9 et de tendeur de cha\u00eene int\u00e9gr\u00e9 facilement accessible<br \/>\nBut\u00e9e de griffe m\u00e9tallique pour un meilleur effet de levier pendant le processus de coupe<br \/>\nLubrification simple de la cha\u00eene : r\u00e9servoir sans fuite, facile \u00e0 remplir et contr\u00f4le simple du niveau de remplissage<br \/>\nCompatible avec toutes les batteries MILWAUKEE\u00ae M18<\/p>\n<p>Caract\u00e9ristiques techniques&nbsp;:<br \/>\nM18<br \/>\nSYST\u00c8ME CONTENU DU R\u00c9SERVOIR 0,2 l<br \/>\nLithium-ion<br \/>\nBATTERIE NOMBRE D\u2019\u00c9L\u00c9MENTS DE GUIDAGE 51<br \/>\nTAILLE DU FICHIER 4 mm\/inch<br \/>\nLIVR\u00c9 DANS UNE BO\u00ceTE<br \/>\nVITESSE DE LA CHA\u00ceNE 15 m\/s<br \/>\nPOIDS LONGUEUR 30 cm<br \/>\nTENSION 18 V<br \/>\nPOIDS AVEC BATTERIE (EPTA) 4,7 (M18\u2122HB8) kg<\/p>\n<p>Contenu de la livraison&nbsp;:<br \/>\nBatteries non incluses dans la livraison<br \/>\nChargeur non inclus dans la livraison<br \/>\nDans l\u2019emballage<br \/>\n76 ml d\u2019huile<br \/>\nCha\u00eene de scie et prot\u00e8ge-lame<\/p>\n","protected":false},"excerpt":{"rendered":"<p>Excellente vitesse de coupe dans le bois dur par rapport aux tron\u00e7onneuses \u00e0 essence ou filaires d\u2019une seule main Couple<\/p>\n","protected":false},"featured_media":58245,"template":"","meta":{"_seopress_robots_primary_cat":"","_seopress_titles_title":"","_seopress_titles_desc":"","_seopress_robots_index":""},"product_brand":[3407],"product_cat":[29,268,528,267],"product_tag":[],"class_list":{"0":"post-414836","1":"product","2":"type-product","3":"status-publish","4":"has-post-thumbnail","6":"product_brand-milwaukee","7":"product_cat-macchinari","8":"product_cat-motoseghe","9":"product_cat-motoseghe-a-batteria","10":"product_cat-tosasiepi-e-potatori","11":"sws-gruppo-macchinari-fr","12":"sws-conto-ricavi-merci-rivendita-macchinari-fr","13":"sws-gruppo-iva-iva81-fr","15":"first","16":"instock","17":"shipping-taxable","18":"purchasable","19":"product-type-simple"},"_links":{"self":[{"href":"https:\/\/lucacastelli.com\/fr\/wp-json\/wp\/v2\/product\/414836","targetHints":{"allow":["GET"]}}],"collection":[{"href":"https:\/\/lucacastelli.com\/fr\/wp-json\/wp\/v2\/product"}],"about":[{"href":"https:\/\/lucacastelli.com\/fr\/wp-json\/wp\/v2\/types\/product"}],"wp:featuredmedia":[{"embeddable":true,"href":"https:\/\/lucacastelli.com\/fr\/wp-json\/wp\/v2\/media\/58245"}],"wp:attachment":[{"href":"https:\/\/lucacastelli.com\/fr\/wp-json\/wp\/v2\/media?parent=414836"}],"wp:term":[{"taxonomy":"product_brand","embeddable":true,"href":"https:\/\/lucacastelli.com\/fr\/wp-json\/wp\/v2\/product_brand?post=414836"},{"taxonomy":"product_cat","embeddable":true,"href":"https:\/\/lucacastelli.com\/fr\/wp-json\/wp\/v2\/product_cat?post=414836"},{"taxonomy":"product_tag","embeddable":true,"href":"https:\/\/lucacastelli.com\/fr\/wp-json\/wp\/v2\/product_tag?post=414836"}],"curies":[{"name":"wp","href":"https:\/\/api.w.org\/{rel}","templated":true}]}}