{"id":414832,"date":"2024-11-13T10:05:00","date_gmt":"2024-11-13T09:05:00","guid":{"rendered":"https:\/\/lucacastelli.com\/prodotto\/milwaukee-saegekette-30cm-fuer-m18-fthchs30-saegekette-325lp-x-305-x-1-1\/"},"modified":"2025-06-29T08:06:20","modified_gmt":"2025-06-29T06:06:20","slug":"milwaukee-saegekette-30cm-fuer-m18-fthchs30-saegekette-325lp-x-305-x-1-1","status":"publish","type":"product","link":"https:\/\/lucacastelli.com\/fr\/produit\/milwaukee-saegekette-30cm-fuer-m18-fthchs30-saegekette-325lp-x-305-x-1-1\/","title":{"rendered":"Milwaukee S\u00e4gekette 30cm f\u00fcr M18 FTHCHS30 S\u00e4gekette 325LP x 305 x 1.1"},"content":{"rendered":"<p>Cha\u00eene de rechange pour tron\u00e7onneuse M18\u2122 FTHCHS30<\/p>\n<p>Donn\u00e9es techniques&nbsp;:<br \/>\nLONGUEUR 30 cm<br \/>\nPas 0,325 pouce<br \/>\nCONVIENT \u00c0 LA SCIE \u00c0 CADRE<br \/>\nCONTENU DE LA TABLE 1<\/p>\n","protected":false},"excerpt":{"rendered":"<p>Cha\u00eene de rechange pour tron\u00e7onneuse M18\u2122 FTHCHS30 Donn\u00e9es techniques&nbsp;: LONGUEUR 30 cm Pas 0,325 pouce CONVIENT \u00c0 LA SCIE \u00c0<\/p>\n","protected":false},"featured_media":58250,"template":"","meta":{"_seopress_robots_primary_cat":"","_seopress_titles_title":"","_seopress_titles_desc":"","_seopress_robots_index":""},"product_brand":[3407],"product_cat":[29,268,269,267],"product_tag":[],"class_list":{"0":"post-414832","1":"product","2":"type-product","3":"status-publish","4":"has-post-thumbnail","6":"product_brand-milwaukee","7":"product_cat-macchinari","8":"product_cat-motoseghe","9":"product_cat-accessori-e-materiale-di-consumo-tosasiepi-e-potatori","10":"product_cat-tosasiepi-e-potatori","12":"first","13":"instock","14":"shipping-taxable","15":"purchasable","16":"product-type-simple"},"_links":{"self":[{"href":"https:\/\/lucacastelli.com\/fr\/wp-json\/wp\/v2\/product\/414832","targetHints":{"allow":["GET"]}}],"collection":[{"href":"https:\/\/lucacastelli.com\/fr\/wp-json\/wp\/v2\/product"}],"about":[{"href":"https:\/\/lucacastelli.com\/fr\/wp-json\/wp\/v2\/types\/product"}],"wp:featuredmedia":[{"embeddable":true,"href":"https:\/\/lucacastelli.com\/fr\/wp-json\/wp\/v2\/media\/58250"}],"wp:attachment":[{"href":"https:\/\/lucacastelli.com\/fr\/wp-json\/wp\/v2\/media?parent=414832"}],"wp:term":[{"taxonomy":"product_brand","embeddable":true,"href":"https:\/\/lucacastelli.com\/fr\/wp-json\/wp\/v2\/product_brand?post=414832"},{"taxonomy":"product_cat","embeddable":true,"href":"https:\/\/lucacastelli.com\/fr\/wp-json\/wp\/v2\/product_cat?post=414832"},{"taxonomy":"product_tag","embeddable":true,"href":"https:\/\/lucacastelli.com\/fr\/wp-json\/wp\/v2\/product_tag?post=414832"}],"curies":[{"name":"wp","href":"https:\/\/api.w.org\/{rel}","templated":true}]}}