{"id":414829,"date":"2024-11-05T08:45:09","date_gmt":"2024-11-05T07:45:09","guid":{"rendered":"https:\/\/lucacastelli.com\/prodotto\/milwaukee-m18-fuel-akku-geblase-m18-fblg3-802\/"},"modified":"2025-09-01T00:00:51","modified_gmt":"2025-08-31T22:00:51","slug":"milwaukee-m18-fuel-akku-geblase-m18-fblg3-802","status":"publish","type":"product","link":"https:\/\/lucacastelli.com\/fr\/produit\/milwaukee-m18-fuel-akku-geblase-m18-fblg3-802\/","title":{"rendered":"Milwaukee M18 FUEL\u2122 Akku-Gebl\u00e4se M18 FBLG3 -802"},"content":{"rendered":"<p>Jusqu\u2019\u00e0 14,2 m\u00b3\/min de volume d\u2019air \u00e0 193 km\/h pour l\u2019\u00e9limination de la salet\u00e9<br \/>\n12,2 N constant pendant toute la dur\u00e9e de la d\u00e9charge de la batterie<br \/>\nAtteint une acc\u00e9l\u00e9ration maximale en moins de 0,6 seconde<br \/>\nVerrouillage ambidextre de la vitesse variable qui permet \u00e0 l\u2019utilisateur de r\u00e9gler n\u2019importe quelle vitesse pour des applications pr\u00e9cises et des temps de fonctionnement optimis\u00e9s<br \/>\nBuses interchangeables pour optimiser le soufflage pour diff\u00e9rentes applications<br \/>\nLa plateforme FUEL\u2122 a \u00e9t\u00e9 d\u00e9velopp\u00e9e pour les utilisateurs les plus exigeants. Cette technologie offre des performances maximales et combine trois composants centraux : le moteur brushless POWERSTATE\u2122, la batterie REDLITHIUM\u2122 et l\u2019\u00e9lectronique\u2122 REDLINK PLUS. En optimisant ces trois technologies MILWAUKEE\u00ae, nous obtenons des performances maximales avec la dur\u00e9e de vie la plus longue possible.<br \/>\nSyst\u00e8me de batterie flexible : Compatible avec toutes les batteries MILWAUKEE\u00ae M18\u2122.  <\/p>\n<p>SYST\u00c8ME : M18\u2122<br \/>\nFORCE DE SOUFFLAGE : 12,2 N<br \/>\nVITESSE DE L\u2019AIR : 193 km\/h<br \/>\nVOLUME D\u2019AIR : 14,2 m\u00b3\/min<br \/>\nPOIDS AVEC BATTERIE : 3,5 (M18 HB8) kg<br \/>\nCONTENU DE LA LIVRAISON : 2 x batteries M18 HB8, chargeur M12-18 FC, dans la bo\u00eete<\/p>\n","protected":false},"excerpt":{"rendered":"<p>Jusqu\u2019\u00e0 14,2 m\u00b3\/min de volume d\u2019air \u00e0 193 km\/h pour l\u2019\u00e9limination de la salet\u00e9 12,2 N constant pendant toute la<\/p>\n","protected":false},"featured_media":58221,"template":"","meta":{"_seopress_robots_primary_cat":"","_seopress_titles_title":"","_seopress_titles_desc":"","_seopress_robots_index":""},"product_brand":[3407],"product_cat":[29,485,489],"product_tag":[],"class_list":{"0":"post-414829","1":"product","2":"type-product","3":"status-publish","4":"has-post-thumbnail","6":"product_brand-milwaukee","7":"product_cat-macchinari","8":"product_cat-soffiatori-e-aspiratori","9":"product_cat-soffiatori-a-batteria","10":"sws-gruppo-macchinari","11":"sws-conto-ricavi-merci-rivendita-macchinari","12":"sws-gruppo-iva-iva81","14":"first","15":"instock","16":"sale","17":"shipping-taxable","18":"purchasable","19":"product-type-simple"},"_links":{"self":[{"href":"https:\/\/lucacastelli.com\/fr\/wp-json\/wp\/v2\/product\/414829","targetHints":{"allow":["GET"]}}],"collection":[{"href":"https:\/\/lucacastelli.com\/fr\/wp-json\/wp\/v2\/product"}],"about":[{"href":"https:\/\/lucacastelli.com\/fr\/wp-json\/wp\/v2\/types\/product"}],"wp:featuredmedia":[{"embeddable":true,"href":"https:\/\/lucacastelli.com\/fr\/wp-json\/wp\/v2\/media\/58221"}],"wp:attachment":[{"href":"https:\/\/lucacastelli.com\/fr\/wp-json\/wp\/v2\/media?parent=414829"}],"wp:term":[{"taxonomy":"product_brand","embeddable":true,"href":"https:\/\/lucacastelli.com\/fr\/wp-json\/wp\/v2\/product_brand?post=414829"},{"taxonomy":"product_cat","embeddable":true,"href":"https:\/\/lucacastelli.com\/fr\/wp-json\/wp\/v2\/product_cat?post=414829"},{"taxonomy":"product_tag","embeddable":true,"href":"https:\/\/lucacastelli.com\/fr\/wp-json\/wp\/v2\/product_tag?post=414829"}],"curies":[{"name":"wp","href":"https:\/\/api.w.org\/{rel}","templated":true}]}}