{"id":414821,"date":"2024-09-06T12:48:41","date_gmt":"2024-09-06T10:48:41","guid":{"rendered":"https:\/\/lucacastelli.com\/prodotto\/milwaukee-usb-bluetooth-kopfhorer-inkl-l4b3-lithium-rouge-akku-u-ladekabel-l4rlepb-301\/"},"modified":"2025-06-29T08:09:58","modified_gmt":"2025-06-29T06:09:58","slug":"milwaukee-usb-bluetooth-kopfhorer-inkl-l4b3-lithium-rouge-akku-u-ladekabel-l4rlepb-301","status":"publish","type":"product","link":"https:\/\/lucacastelli.com\/fr\/produit\/milwaukee-usb-bluetooth-kopfhorer-inkl-l4b3-lithium-rouge-akku-u-ladekabel-l4rlepb-301\/","title":{"rendered":"MILWAUKEE USB Bluetooth Kopfh\u00f6rer inkl. L4B3 LITHIUM ROUGE Akku u. Ladekabel L4RLEPB-301"},"content":{"rendered":"<p>Le<br \/>\nsyst\u00e8me de sensibilisation au chantier vous permet de contr\u00f4ler la situation en r\u00e9duisant l\u2019intensit\u00e9 du bruit ext\u00e9rieur.<br \/>\nLe Bluetooth num\u00e9rique connecte des appareils jusqu\u2019\u00e0 100 m\u00e8tres et vous permet d\u2019\u00e9couter de la musique\/podcasts\/livres audio\/m\u00e9dias et de r\u00e9pondre\/parler\/rejeter les appels t\u00e9l\u00e9phoniques.<br \/>\nProtection auditive certifi\u00e9e europ\u00e9enne : EN 352-2:2020 (bouchons d\u2019oreille en silicone SNR = 26 dB ; bouchons d\u2019oreille en mousse SNR = 32 dB)&nbsp;; EN 352-7:2020 ; EN 352-9:2020 ; EN 352-10:2020).<br \/>\nLa protection auditive passive pour le travail est assur\u00e9e par des bouchons d\u2019oreille en silicone et en mousse.<br \/>\nInserts en mousse rempla\u00e7ables et inserts en silicone avec ailes inclus.<br \/>\nAssez petit pour ne pas interf\u00e9rer avec l\u2019\u00e9quipement de protection individuelle ou les casquettes et cagoules.<br \/>\nSuffisamment l\u00e9ger pour minimiser la fatigue de l\u2019oreille et s\u2019adapter au ras de l\u2019oreille elle-m\u00eame<br \/>\nJusqu\u2019\u00e0 10 heures d\u2019utilisation sur une seule charge<br \/>\nLa batterie rechargeable USB REDLITHIUM\u2122 offre jusqu\u2019\u00e0 70 heures d\u2019utilisation sur plusieurs charges<br \/>\nGr\u00e2ce au voyant de charge, l\u2019utilisateur final sait quand la batterie est faible<\/p>\n<p>Caract\u00e9ristiques<br \/>\ntechniques Tension 4 Volts<br \/>\nAutonomie de la batterie 10 heures<br \/>\nAutonomie de la batterie, y compris la charge \u00e0 la station de charge, 70 heures.<br \/>\nNiveau sonore maximal Niveau sonore 82 dB<\/p>\n<p>Contenu de la livraison<br \/>\n1 x batterie L4 B3<br \/>\nC\u00e2ble USB<\/p>\n","protected":false},"excerpt":{"rendered":"<p>Le syst\u00e8me de sensibilisation au chantier vous permet de contr\u00f4ler la situation en r\u00e9duisant l\u2019intensit\u00e9 du bruit ext\u00e9rieur. Le Bluetooth<\/p>\n","protected":false},"featured_media":94965,"template":"","meta":{"_seopress_robots_primary_cat":"","_seopress_titles_title":"","_seopress_titles_desc":"","_seopress_robots_index":""},"product_brand":[3407],"product_cat":[33,211,817,816],"product_tag":[],"class_list":{"0":"post-414821","1":"product","2":"type-product","3":"status-publish","4":"has-post-thumbnail","6":"product_brand-milwaukee","7":"product_cat-attrezzature","8":"product_cat-attrezzatura-per-il-tempo-libero","9":"product_cat-caschi-attrezzatura-per-il-tempo-libero","10":"product_cat-visiere-e-occhiali-protettivi","12":"first","13":"instock","14":"sale","15":"shipping-taxable","16":"purchasable","17":"product-type-simple"},"_links":{"self":[{"href":"https:\/\/lucacastelli.com\/fr\/wp-json\/wp\/v2\/product\/414821","targetHints":{"allow":["GET"]}}],"collection":[{"href":"https:\/\/lucacastelli.com\/fr\/wp-json\/wp\/v2\/product"}],"about":[{"href":"https:\/\/lucacastelli.com\/fr\/wp-json\/wp\/v2\/types\/product"}],"wp:featuredmedia":[{"embeddable":true,"href":"https:\/\/lucacastelli.com\/fr\/wp-json\/wp\/v2\/media\/94965"}],"wp:attachment":[{"href":"https:\/\/lucacastelli.com\/fr\/wp-json\/wp\/v2\/media?parent=414821"}],"wp:term":[{"taxonomy":"product_brand","embeddable":true,"href":"https:\/\/lucacastelli.com\/fr\/wp-json\/wp\/v2\/product_brand?post=414821"},{"taxonomy":"product_cat","embeddable":true,"href":"https:\/\/lucacastelli.com\/fr\/wp-json\/wp\/v2\/product_cat?post=414821"},{"taxonomy":"product_tag","embeddable":true,"href":"https:\/\/lucacastelli.com\/fr\/wp-json\/wp\/v2\/product_tag?post=414821"}],"curies":[{"name":"wp","href":"https:\/\/api.w.org\/{rel}","templated":true}]}}