{"id":414816,"date":"2024-09-11T08:09:28","date_gmt":"2024-09-11T06:09:28","guid":{"rendered":"https:\/\/lucacastelli.com\/prodotto\/milwaukee-akku-kartuschenpresse-c18pcg600t-201b\/"},"modified":"2025-06-29T08:10:03","modified_gmt":"2025-06-29T06:10:03","slug":"milwaukee-akku-kartuschenpresse-c18pcg600t-201b","status":"publish","type":"product","link":"https:\/\/lucacastelli.com\/fr\/produit\/milwaukee-akku-kartuschenpresse-c18pcg600t-201b\/","title":{"rendered":"MILWAUKEE Akku-Kartuschenpresse C18PCG600T-201B"},"content":{"rendered":"<p>Pression d\u2019extraction \u00e9lev\u00e9e de 459 kg\/4500 N<br \/>\n\u00c9lectronique REDLINK\u2122 : la protection contre les surcharges de la machine et de la batterie assure une longue dur\u00e9e de vie.<br \/>\nOptimis\u00e9 pour tous les adh\u00e9sifs et produits d\u2019\u00e9tanch\u00e9it\u00e9 courants, m\u00eame \u00e0 basse temp\u00e9rature<br \/>\nLe retour automatique de la barre de pression emp\u00eache les gouttes<br \/>\nContr\u00f4le \u00e9lectronique de la vitesse d\u2019extraction par une molette de r\u00e9glage \u00e0 6 niveaux de vitesse<br \/>\nD\u00e9bit constant de produit d\u2019\u00e9tanch\u00e9it\u00e9, formation r\u00e9duite de bulles et utilisation compl\u00e8te du contenu de la cartouche<br \/>\nSurveillance individuelle des cellules pour une dur\u00e9e de vie optimale et une longue dur\u00e9e de vie de la batterie<br \/>\nIndicateur de niveau de charge de la batterie et \u00e9clairage LED de la zone de travail<br \/>\nLa batterie REDLITHIUM\u2122 offre une conception parfaitement harmonis\u00e9e, une \u00e9lectronique avanc\u00e9e et une alimentation sans perte pour une dur\u00e9e de vie plus longue de la batterie.<br \/>\n100&nbsp;% compatible avec la gamme de produits MILWAUKEE-M18\u00ae<\/p>\n<p>Tension [V]&nbsp;: 18<br \/>\nBatterie&nbsp;: Lithium-ion<br \/>\nLivr\u00e9 en&nbsp;:Sac \u00e0 outils<br \/>\n\u00c9quipement standard | Contenu de la livraison : support pour sac en film alimentaire de 600 ml, barre de pression, sac de transport<br \/>\nD\u00e9signation&nbsp;: Variante du mod\u00e8le&nbsp;: C18 PCG\/600T-201B<br \/>\nPoids avec batterie [kg]&nbsp;: 2,3 (M18 B2)<br \/>\nSyst\u00e8me&nbsp;: M18<br \/>\nTechnologie&nbsp;: Bross\u00e9<br \/>\nChargeur inclus&nbsp;:M12-18 C<br \/>\nBatterie incluse&nbsp;: 1 x M18 B2<\/p>\n","protected":false},"excerpt":{"rendered":"<p>Pression d\u2019extraction \u00e9lev\u00e9e de 459 kg\/4500 N \u00c9lectronique REDLINK\u2122 : la protection contre les surcharges de la machine et de<\/p>\n","protected":false},"featured_media":58111,"template":"","meta":{"_seopress_robots_primary_cat":"","_seopress_titles_title":"","_seopress_titles_desc":"","_seopress_robots_index":""},"product_brand":[3407],"product_cat":[29,514],"product_tag":[],"class_list":{"0":"post-414816","1":"product","2":"type-product","3":"status-publish","4":"has-post-thumbnail","6":"product_brand-milwaukee","7":"product_cat-macchinari","8":"product_cat-altri-dispositivi","10":"first","11":"instock","12":"shipping-taxable","13":"purchasable","14":"product-type-simple"},"_links":{"self":[{"href":"https:\/\/lucacastelli.com\/fr\/wp-json\/wp\/v2\/product\/414816","targetHints":{"allow":["GET"]}}],"collection":[{"href":"https:\/\/lucacastelli.com\/fr\/wp-json\/wp\/v2\/product"}],"about":[{"href":"https:\/\/lucacastelli.com\/fr\/wp-json\/wp\/v2\/types\/product"}],"wp:featuredmedia":[{"embeddable":true,"href":"https:\/\/lucacastelli.com\/fr\/wp-json\/wp\/v2\/media\/58111"}],"wp:attachment":[{"href":"https:\/\/lucacastelli.com\/fr\/wp-json\/wp\/v2\/media?parent=414816"}],"wp:term":[{"taxonomy":"product_brand","embeddable":true,"href":"https:\/\/lucacastelli.com\/fr\/wp-json\/wp\/v2\/product_brand?post=414816"},{"taxonomy":"product_cat","embeddable":true,"href":"https:\/\/lucacastelli.com\/fr\/wp-json\/wp\/v2\/product_cat?post=414816"},{"taxonomy":"product_tag","embeddable":true,"href":"https:\/\/lucacastelli.com\/fr\/wp-json\/wp\/v2\/product_tag?post=414816"}],"curies":[{"name":"wp","href":"https:\/\/api.w.org\/{rel}","templated":true}]}}