{"id":414814,"date":"2024-09-06T12:48:09","date_gmt":"2024-09-06T10:48:09","guid":{"rendered":"https:\/\/lucacastelli.com\/prodotto\/milwaukee-fuel-akku-tauchsage-m18fps55-0p\/"},"modified":"2025-12-01T14:45:41","modified_gmt":"2025-12-01T13:45:41","slug":"milwaukee-fuel-akku-tauchsage-m18fps55-0p","status":"publish","type":"product","link":"https:\/\/lucacastelli.com\/fr\/produit\/milwaukee-fuel-akku-tauchsage-m18fps55-0p\/","title":{"rendered":"MILWAUKEE FUEL\u2122 Akku-Tauchs\u00e4ge M18FPS55-0P"},"content":{"rendered":"<p>La scie plongeante M18 FUEL\u2122 offre une puissance de coupe \u00e0 la m\u00eame vitesse qu\u2019une scie circulaire \u00e0 r\u00e9seau \u00e9quivalente, avec la possibilit\u00e9 de couper 45 m\u00e8tres de contreplaqu\u00e9 de 18 mm sur une charge de batterie de 5,5 Ah.<br \/>\nLe r\u00e9glage de la profondeur dispose de deux \u00e9chelles (guid\u00e9\/sans guide). Ceux-ci peuvent \u00eatre facilement ajust\u00e9s d\u2019une simple pression sur un bouton.<br \/>\nLe capot de protection extr\u00eamement plat permet des coupes affleurantes \u00e0 une distance de seulement 12 mm de la paroi<br \/>\nAspiration efficace de la poussi\u00e8re en combinaison avec un syst\u00e8me d\u2019aspiration externe (compatible DEK26)<br \/>\nLa fonction de gravure permet une coupe arri\u00e8re de 1 mm pour minimiser les \u00e9clats dans les mat\u00e9riaux stratifi\u00e9s<br \/>\nLe r\u00e9glage de l\u2019inclinaison s\u2019arr\u00eate \u00e0 22,5\u00b0,  45\u00b0 et 48\u00b0. Il existe \u00e9galement un r\u00e9glage -1 pour la coupe du dos.<br \/>\nLa scie est \u00e9quip\u00e9e d\u2019une fen\u00eatre de coupe lat\u00e9rale pour les coupes o\u00f9 l\u2019avant de la lame doit \u00eatre visible et d\u2019un couteau \u00e0 ressort pour la<br \/>\ndivision Verrouillage de la broche pour un changement facile de la lame<br \/>\nLe couteau de remplissage r\u00e9tractable garantit que le couteau de remplissage reste en place m\u00eame pendant les coupes plongeantes Vitesse variable<br \/>\nde 2500 \u00e0 5600 tr\/min.<br \/>\nL\u2019ADN de notre plateforme Fuel\u2122 d\u00e9finit l\u2019\u00e9quilibre des technologies sans fil. Le moteur brushless PowerState \u2122 de MILWAUKEE, la technologie Redlithium \u2122 et l\u2019\u00e9lectronique Redlink Plus \u2122 offrent des performances, une autonomie et une durabilit\u00e9 exceptionnelles.<br \/>\n \u00aeCompatible avec toutes les batteries MILWAUKEE\u00ae M18<br \/>\nSans batterie et chargeur dans la bo\u00eete<br \/>\nDonn\u00e9es techniques :   <\/p>\n<p>Vitesse \u00e0 vide : 2500-5600<br \/>\nProfondeur de coupe max. (0\u00b0\/45\u00b0\/48\u00b0) : 52\/42\/0<br \/>\nProfondeur de coupe max. : 59 mm<br \/>\nR\u00e9glage de l\u2019inclinaison : -1 &#8211; 48\u00b0<br \/>\nDiam\u00e8tre de la lame : 165 mm<\/p>\n<p>Contenu de la livraison&nbsp;:<br \/>\nBatteries non incluses dans la livraison<br \/>\nChargeur non inclus dans la livraison<br \/>\nPACKOUT\u2122\u2122 Case xl<\/p>\n","protected":false},"excerpt":{"rendered":"<p>La scie plongeante M18 FUEL\u2122 offre une puissance de coupe \u00e0 la m\u00eame vitesse qu\u2019une scie circulaire \u00e0 r\u00e9seau \u00e9quivalente,<\/p>\n","protected":false},"featured_media":58020,"template":"","meta":{"_seopress_robots_primary_cat":"","_seopress_titles_title":"","_seopress_titles_desc":"","_seopress_robots_index":""},"product_brand":[3407],"product_cat":[29,514,558],"product_tag":[],"class_list":{"0":"post-414814","1":"product","2":"type-product","3":"status-publish","4":"has-post-thumbnail","6":"product_brand-milwaukee","7":"product_cat-macchinari","8":"product_cat-altri-dispositivi","9":"product_cat-seghe-accessori-vari","10":"sws-gruppo-macchinari-fr","11":"sws-conto-ricavi-merci-rivendita-macchinari-fr","12":"sws-gruppo-iva-iva81-fr","14":"first","15":"instock","16":"shipping-taxable","17":"purchasable","18":"product-type-simple"},"_links":{"self":[{"href":"https:\/\/lucacastelli.com\/fr\/wp-json\/wp\/v2\/product\/414814","targetHints":{"allow":["GET"]}}],"collection":[{"href":"https:\/\/lucacastelli.com\/fr\/wp-json\/wp\/v2\/product"}],"about":[{"href":"https:\/\/lucacastelli.com\/fr\/wp-json\/wp\/v2\/types\/product"}],"wp:featuredmedia":[{"embeddable":true,"href":"https:\/\/lucacastelli.com\/fr\/wp-json\/wp\/v2\/media\/58020"}],"wp:attachment":[{"href":"https:\/\/lucacastelli.com\/fr\/wp-json\/wp\/v2\/media?parent=414814"}],"wp:term":[{"taxonomy":"product_brand","embeddable":true,"href":"https:\/\/lucacastelli.com\/fr\/wp-json\/wp\/v2\/product_brand?post=414814"},{"taxonomy":"product_cat","embeddable":true,"href":"https:\/\/lucacastelli.com\/fr\/wp-json\/wp\/v2\/product_cat?post=414814"},{"taxonomy":"product_tag","embeddable":true,"href":"https:\/\/lucacastelli.com\/fr\/wp-json\/wp\/v2\/product_tag?post=414814"}],"curies":[{"name":"wp","href":"https:\/\/api.w.org\/{rel}","templated":true}]}}