{"id":414808,"date":"2024-09-02T07:00:14","date_gmt":"2024-09-02T05:00:14","guid":{"rendered":"https:\/\/lucacastelli.com\/prodotto\/milwaukee-m18-fuel-akku-rasenmaher-m18f2lm46-802\/"},"modified":"2025-06-29T08:09:49","modified_gmt":"2025-06-29T06:09:49","slug":"milwaukee-m18-fuel-akku-rasenmaher-m18f2lm46-802","status":"publish","type":"product","link":"https:\/\/lucacastelli.com\/fr\/produit\/milwaukee-m18-fuel-akku-rasenmaher-m18f2lm46-802\/","title":{"rendered":"Milwaukee M18\u2122 FUEL\u2122 Akku-Rasenm\u00e4her M18F2LM46-802"},"content":{"rendered":"<p>La conception du plateau et des lames en acier de 46 cm, combin\u00e9e \u00e0 la technologie M18\u2122FUEL\u2122, garantit une qualit\u00e9 de coupe de premier ordre<br \/>\nPlateau compact pour une manipulation facile dans les zones difficiles d\u2019acc\u00e8s<br \/>\nFonction 3 en 1 pour le paillage, le ramassage ou l\u2019\u00e9jection lat\u00e9rale<br \/>\nLe mode de levage \u00e9lev\u00e9 vous permet de basculer entre une puissance de pointe continue pour une qualit\u00e9 de coupe optimale et l\u2019ajustement automatique de la vitesse de la lame \u00e0 la puissance requise pour une plus grande efficacit\u00e9<br \/>\nLa traction r\u00e9glable avec 5 vitesses offre une vitesse de coupe allant jusqu\u2019\u00e0 6,5 km\/h<br \/>\nLe contr\u00f4le actif de la vitesse donne \u00e0 l\u2019utilisateur un contr\u00f4le maximal<br \/>\nAliment\u00e9 par 2 piles 18V pour des performances exceptionnelles<br \/>\nTondez des surfaces jusqu\u2019\u00e0 1600 m\u00b2 avec une seule charge de 2 batteries M18\u2122 HIGH OUTPUT\u2122 de 8,0 Ah Phares avant pour une visibilit\u00e9 et une pr\u00e9cision<br \/>\naccrues 7 r\u00e9glages de hauteur diff\u00e9rents de 2,5 \u00e0 10 cm pour couvrir une large gamme de types d\u2019herbe<br \/>\nPoign\u00e9es pliables et rangement vertical pour un transport<br \/>\n facile et compact<br \/>\nLe syst\u00e8me HIGH OUTPUT\u2122 porte les technologies M18\u2122FUEL\u2122 \u00e0 un nouveau niveau de performance. Plus de puissance et d\u2019autonomie pour une disponibilit\u00e9 op\u00e9rationnelle sans compromis des outils sans fil en utilisation mobile.<br \/>\n100&nbsp;% compatible avec la gamme de produits MILWAUKEE-M18\u00ae\u2122. <\/p>\n<p>Batterie lithium-ion<br \/>\nCapacit\u00e9 de la batterie 8<br \/>\nSyst\u00e8me d\u2019entra\u00eenement \u00e0 5 niveaux<br \/>\nNombre de batteries fournies 2<br \/>\nLargeur du couvercle\/du bo\u00eetier 46<br \/>\nDimensions du sac de collecte 60<br \/>\nLivr\u00e9 dans une bo\u00eete en carton<br \/>\nPoids avec batterie 33,6 (M18 HB8)<br \/>\nRoue arri\u00e8re 23,8<br \/>\nConvient pour le paillage Oui Vitesse de coupe 3800<\/p>\n<p>Tension 2 x 18<br \/>\nRoue avant 18,8<\/p>\n<p>Alimentation<br \/>\n2 batteries M18 HB8<br \/>\nChargeur de batterie M18 DFC<br \/>\nen boite<br \/>\nShredder<br \/>\nSac de 60 litres<\/p>\n","protected":false},"excerpt":{"rendered":"<p>La conception du plateau et des lames en acier de 46 cm, combin\u00e9e \u00e0 la technologie M18\u2122FUEL\u2122, garantit une qualit\u00e9<\/p>\n","protected":false},"featured_media":58015,"template":"","meta":{"_seopress_robots_primary_cat":"","_seopress_titles_title":"","_seopress_titles_desc":"","_seopress_robots_index":""},"product_brand":[3407],"product_cat":[29,262,488],"product_tag":[],"class_list":{"0":"post-414808","1":"product","2":"type-product","3":"status-publish","4":"has-post-thumbnail","6":"product_brand-milwaukee","7":"product_cat-macchinari","8":"product_cat-tosaerba-e-robot","9":"product_cat-tosaerba-a-batteria","11":"first","12":"instock","13":"shipping-taxable","14":"purchasable","15":"product-type-simple"},"_links":{"self":[{"href":"https:\/\/lucacastelli.com\/fr\/wp-json\/wp\/v2\/product\/414808","targetHints":{"allow":["GET"]}}],"collection":[{"href":"https:\/\/lucacastelli.com\/fr\/wp-json\/wp\/v2\/product"}],"about":[{"href":"https:\/\/lucacastelli.com\/fr\/wp-json\/wp\/v2\/types\/product"}],"wp:featuredmedia":[{"embeddable":true,"href":"https:\/\/lucacastelli.com\/fr\/wp-json\/wp\/v2\/media\/58015"}],"wp:attachment":[{"href":"https:\/\/lucacastelli.com\/fr\/wp-json\/wp\/v2\/media?parent=414808"}],"wp:term":[{"taxonomy":"product_brand","embeddable":true,"href":"https:\/\/lucacastelli.com\/fr\/wp-json\/wp\/v2\/product_brand?post=414808"},{"taxonomy":"product_cat","embeddable":true,"href":"https:\/\/lucacastelli.com\/fr\/wp-json\/wp\/v2\/product_cat?post=414808"},{"taxonomy":"product_tag","embeddable":true,"href":"https:\/\/lucacastelli.com\/fr\/wp-json\/wp\/v2\/product_tag?post=414808"}],"curies":[{"name":"wp","href":"https:\/\/api.w.org\/{rel}","templated":true}]}}