{"id":414807,"date":"2024-03-24T10:50:17","date_gmt":"2024-03-24T09:50:17","guid":{"rendered":"https:\/\/lucacastelli.com\/prodotto\/milwaukee-akku-nass-trockensauger-m18vc2-0\/"},"modified":"2025-06-29T08:09:31","modified_gmt":"2025-06-29T06:09:31","slug":"milwaukee-akku-nass-trockensauger-m18vc2-0","status":"publish","type":"product","link":"https:\/\/lucacastelli.com\/fr\/produit\/milwaukee-akku-nass-trockensauger-m18vc2-0\/","title":{"rendered":"Milwaukee Akku-Nass-\/Trockensauger M18VC2-0"},"content":{"rendered":"<p>Puissant moteur 18 V avec un d\u00e9bit d\u2019air de 1300 l\/min et une pression n\u00e9gative maximale de 80 mbar<br \/>\nLe filtre HEPA capture jusqu\u2019\u00e0 99,97 % de toutes les particules de poussi\u00e8re<br \/>\nJusqu\u2019\u00e0 30 minutes d\u2019autonomie avec une batterie M18\u2122 de 9,0 Ah<br \/>\nOption de stockage int\u00e9gr\u00e9e pour les accessoires, pour un transport<br \/>\nfacile Compatible avec DEK-26<br \/>\nLa conception pratique de la mallette permet un transport et un stockage<br \/>\nfaciles Avec Interrupteur<br \/>\n\u00e9tanche int\u00e9gr\u00e9 pour une longue dur\u00e9e de vie<br \/>\n100&nbsp;% compatible avec la gamme de produits MILWAUKEE\u00aeM18\u2122.<\/p>\n<p>Contenu de la livraison&nbsp;:<br \/>\nBatteries non incluses dans la livraison<br \/>\nChargeur non inclus dans la livraison<br \/>\nDans la bo\u00eete<\/p>\n","protected":false},"excerpt":{"rendered":"<p>Puissant moteur 18 V avec un d\u00e9bit d\u2019air de 1300 l\/min et une pression n\u00e9gative maximale de 80 mbar Le<\/p>\n","protected":false},"featured_media":57791,"template":"","meta":{"_seopress_robots_primary_cat":"","_seopress_titles_title":"","_seopress_titles_desc":"","_seopress_robots_index":""},"product_brand":[3407],"product_cat":[29,514,517],"product_tag":[],"class_list":{"0":"post-414807","1":"product","2":"type-product","3":"status-publish","4":"has-post-thumbnail","6":"product_brand-milwaukee","7":"product_cat-macchinari","8":"product_cat-altri-dispositivi","9":"product_cat-aspiratori-per-la-pulizia","11":"first","12":"instock","13":"shipping-taxable","14":"purchasable","15":"product-type-simple"},"_links":{"self":[{"href":"https:\/\/lucacastelli.com\/fr\/wp-json\/wp\/v2\/product\/414807","targetHints":{"allow":["GET"]}}],"collection":[{"href":"https:\/\/lucacastelli.com\/fr\/wp-json\/wp\/v2\/product"}],"about":[{"href":"https:\/\/lucacastelli.com\/fr\/wp-json\/wp\/v2\/types\/product"}],"wp:featuredmedia":[{"embeddable":true,"href":"https:\/\/lucacastelli.com\/fr\/wp-json\/wp\/v2\/media\/57791"}],"wp:attachment":[{"href":"https:\/\/lucacastelli.com\/fr\/wp-json\/wp\/v2\/media?parent=414807"}],"wp:term":[{"taxonomy":"product_brand","embeddable":true,"href":"https:\/\/lucacastelli.com\/fr\/wp-json\/wp\/v2\/product_brand?post=414807"},{"taxonomy":"product_cat","embeddable":true,"href":"https:\/\/lucacastelli.com\/fr\/wp-json\/wp\/v2\/product_cat?post=414807"},{"taxonomy":"product_tag","embeddable":true,"href":"https:\/\/lucacastelli.com\/fr\/wp-json\/wp\/v2\/product_tag?post=414807"}],"curies":[{"name":"wp","href":"https:\/\/api.w.org\/{rel}","templated":true}]}}