{"id":414803,"date":"2024-04-11T10:17:00","date_gmt":"2024-04-11T08:17:00","guid":{"rendered":"https:\/\/lucacastelli.com\/prodotto\/milwaukee-etui-fuer-m12-akku-astschere\/"},"modified":"2025-06-29T08:09:35","modified_gmt":"2025-06-29T06:09:35","slug":"milwaukee-etui-fuer-m12-akku-astschere","status":"publish","type":"product","link":"https:\/\/lucacastelli.com\/fr\/produit\/milwaukee-etui-fuer-m12-akku-astschere\/","title":{"rendered":"Milwaukee \u00c9TUI F\u00dcR M12\u2122 AKKU-ASTSCHERE"},"content":{"rendered":"<p>\u00c9TUI POUR CISAILLES SANS FIL M12BLPRS M12<\/p>\n<p>\u00c9tui pratique pour ranger les cisailles sans fil sans balais M12\u2122.<br \/>\nPeut \u00eatre facilement clips\u00e9 \u00e0 la ceinture<\/p>\n","protected":false},"excerpt":{"rendered":"<p>\u00c9TUI POUR CISAILLES SANS FIL M12BLPRS M12 \u00c9tui pratique pour ranger les cisailles sans fil sans balais M12\u2122. Peut \u00eatre<\/p>\n","protected":false},"featured_media":57875,"template":"","meta":{"_seopress_robots_primary_cat":"","_seopress_titles_title":"","_seopress_titles_desc":"","_seopress_robots_index":""},"product_brand":[3658],"product_cat":[167,1690,1626,1604],"product_tag":[],"class_list":{"0":"post-414803","1":"product","2":"type-product","3":"status-publish","4":"has-post-thumbnail","6":"product_brand-milwaukee-fr","7":"product_cat-machines","8":"product_cat-taille-haies-et-elagueurs","9":"product_cat-taille-haies-et-elagueurs-a-batterie","10":"product_cat-tronconneuses","12":"first","13":"onbackorder","14":"shipping-taxable","15":"purchasable","16":"product-type-simple"},"_links":{"self":[{"href":"https:\/\/lucacastelli.com\/fr\/wp-json\/wp\/v2\/product\/414803","targetHints":{"allow":["GET"]}}],"collection":[{"href":"https:\/\/lucacastelli.com\/fr\/wp-json\/wp\/v2\/product"}],"about":[{"href":"https:\/\/lucacastelli.com\/fr\/wp-json\/wp\/v2\/types\/product"}],"wp:featuredmedia":[{"embeddable":true,"href":"https:\/\/lucacastelli.com\/fr\/wp-json\/wp\/v2\/media\/57875"}],"wp:attachment":[{"href":"https:\/\/lucacastelli.com\/fr\/wp-json\/wp\/v2\/media?parent=414803"}],"wp:term":[{"taxonomy":"product_brand","embeddable":true,"href":"https:\/\/lucacastelli.com\/fr\/wp-json\/wp\/v2\/product_brand?post=414803"},{"taxonomy":"product_cat","embeddable":true,"href":"https:\/\/lucacastelli.com\/fr\/wp-json\/wp\/v2\/product_cat?post=414803"},{"taxonomy":"product_tag","embeddable":true,"href":"https:\/\/lucacastelli.com\/fr\/wp-json\/wp\/v2\/product_tag?post=414803"}],"curies":[{"name":"wp","href":"https:\/\/api.w.org\/{rel}","templated":true}]}}