{"id":414800,"date":"2024-03-01T16:28:14","date_gmt":"2024-03-01T15:28:14","guid":{"rendered":"https:\/\/lucacastelli.com\/prodotto\/milwaukee-560-x-470-x-650-mm-packout-chariot-koffer\/"},"modified":"2025-06-29T08:09:34","modified_gmt":"2025-06-29T06:09:34","slug":"milwaukee-560-x-470-x-650-mm-packout-chariot-koffer","status":"publish","type":"product","link":"https:\/\/lucacastelli.com\/fr\/produit\/milwaukee-560-x-470-x-650-mm-packout-chariot-koffer\/","title":{"rendered":"Milwaukee 560 x 470 x 650 mm PACKOUT Chariot Koffer"},"content":{"rendered":"<p>Fait partie du syst\u00e8me de stockage modulaire PACKOUT\u2122\u2122.<br \/>\nConstruction avec des polym\u00e8res r\u00e9sistants aux chocs &#8211; id\u00e9al pour une utilisation sur les chantiers<br \/>\nCharge<br \/>\nutile de 113 kg Poign\u00e9e de traction avec tige t\u00e9lescopique extensible de qualit\u00e9 industrielle<br \/>\nRoues robustes et robustes d\u2019un diam\u00e8tre de 228 mm<br \/>\nL\u2019indice de protection IP65 prot\u00e8ge contre la poussi\u00e8re, l\u2019eau et la salet\u00e9<br \/>\nDes poteaux m\u00e9talliques renforcent les coins du bo\u00eetier<br \/>\nLoquets avec loquets m\u00e9talliques<br \/>\nPorte-outil inclus<br \/>\nOption d\u2019installation pour le ONE KEY\u2122 TICK<\/p>\n<p>Mallette \u00e0 outils enroulable pour les professionnels<br \/>\nDimensions ext\u00e9rieures 560 x 410 x 480 mm<br \/>\nPlastique r\u00e9sistant aux chocs et aux chocs<br \/>\nRenfort d\u2019angle avec \u00e9tais m\u00e9talliques<br \/>\nPeut \u00eatre \u00e9quip\u00e9 d\u2019un Milwaukee Tick Tool Tracker<br \/>\nNombreux compartiments pour outils et autres<br \/>\ncharges utiles maximales 113 kg<br \/>\nPoign\u00e9e extensible de qualit\u00e9 industrielle<br \/>\nGrandes roues robustes pour un transport<br \/>\nfacile Classe de protection IP65<br \/>\nPeut \u00eatre \u00e9tendu avec des add-ons Packout<br \/>\nFixations m\u00e9talliques<br \/>\nrobustes Durable et extr\u00eamement solide<\/p>\n","protected":false},"excerpt":{"rendered":"<p>Fait partie du syst\u00e8me de stockage modulaire PACKOUT\u2122\u2122. Construction avec des polym\u00e8res r\u00e9sistants aux chocs &#8211; id\u00e9al pour une utilisation<\/p>\n","protected":false},"featured_media":57771,"template":"","meta":{"_seopress_robots_primary_cat":"","_seopress_titles_title":"","_seopress_titles_desc":"","_seopress_robots_index":""},"product_brand":[3658],"product_cat":[167,1453,1456,144,1397],"product_tag":[],"class_list":{"0":"post-414800","1":"product","2":"type-product","3":"status-publish","4":"has-post-thumbnail","6":"product_brand-milwaukee-fr","7":"product_cat-machines","8":"product_cat-autres-appareils","9":"product_cat-accessoires-et-consommables-fr","10":"product_cat-equipement","11":"product_cat-equipement-de-travail","13":"first","14":"onbackorder","15":"shipping-taxable","16":"purchasable","17":"product-type-simple"},"_links":{"self":[{"href":"https:\/\/lucacastelli.com\/fr\/wp-json\/wp\/v2\/product\/414800","targetHints":{"allow":["GET"]}}],"collection":[{"href":"https:\/\/lucacastelli.com\/fr\/wp-json\/wp\/v2\/product"}],"about":[{"href":"https:\/\/lucacastelli.com\/fr\/wp-json\/wp\/v2\/types\/product"}],"wp:featuredmedia":[{"embeddable":true,"href":"https:\/\/lucacastelli.com\/fr\/wp-json\/wp\/v2\/media\/57771"}],"wp:attachment":[{"href":"https:\/\/lucacastelli.com\/fr\/wp-json\/wp\/v2\/media?parent=414800"}],"wp:term":[{"taxonomy":"product_brand","embeddable":true,"href":"https:\/\/lucacastelli.com\/fr\/wp-json\/wp\/v2\/product_brand?post=414800"},{"taxonomy":"product_cat","embeddable":true,"href":"https:\/\/lucacastelli.com\/fr\/wp-json\/wp\/v2\/product_cat?post=414800"},{"taxonomy":"product_tag","embeddable":true,"href":"https:\/\/lucacastelli.com\/fr\/wp-json\/wp\/v2\/product_tag?post=414800"}],"curies":[{"name":"wp","href":"https:\/\/api.w.org\/{rel}","templated":true}]}}