{"id":414799,"date":"2024-02-28T21:22:10","date_gmt":"2024-02-28T20:22:10","guid":{"rendered":"https:\/\/lucacastelli.com\/prodotto\/milwaukee-m18-fuel-1-akku-schlagschrauber-m18fhiwf1r-122c\/"},"modified":"2025-10-01T12:03:56","modified_gmt":"2025-10-01T10:03:56","slug":"milwaukee-m18-fuel-1-akku-schlagschrauber-m18fhiwf1r-122c","status":"publish","type":"product","link":"https:\/\/lucacastelli.com\/fr\/produit\/milwaukee-m18-fuel-1-akku-schlagschrauber-m18fhiwf1r-122c\/","title":{"rendered":"Milwaukee M18\u2122 FUEL\u2122 1&#8243; Akku-Schlagschrauber M18FHIWF1R-122C"},"content":{"rendered":"<p>Description de l\u2019article<br \/>\nCaract\u00e9ristiques<br \/>\nsp\u00e9ciales 4 positions<br \/>\nPoign\u00e9e de transport<br \/>\nDeux lumi\u00e8res LED<\/p>\n<p>Le M18 FUEL\u2122 1 ? avec un couple maximal de 2000 Nm, il dispose de la puissance n\u00e9cessaire pour remplacer les alternatives \u00e0 essence.<br \/>\nAvec un poids de seulement 6,1 kg, vous pouvez travailler longtemps sans vous fatiguer.<br \/>\nTrois r\u00e9glages de vitesse diff\u00e9rents vous permettent de toujours travailler \u00e0 la vitesse optimale<br \/>\nLe mode d\u2019arr\u00eat automatique garantit que les boulons ne sont pas trop serr\u00e9s<br \/>\nDes poign\u00e9es confortables recouvertes de caoutchouc permettent un contr\u00f4le maximal de l\u2019outil pendant le travail<br \/>\nPoign\u00e9e de transport pour un transport pratique vers et depuis le chantier<br \/>\nDeux voyants LED au bas de l\u2019outil assurent une visibilit\u00e9 optimale des boulons,  m\u00eame dans les environnements sombres<br \/>\nLe syst\u00e8me HIGH OUTPUT\u2122 fait passer les technologies M18 FUEL\u2122 au niveau sup\u00e9rieur, offrant de meilleures performances et une dur\u00e9e de vie plus longue. Ces outils sont o Syst\u00e8me de<br \/>\nbatterie flexible &#8211; fonctionne avec toutes les batteries MILWAUKEE\u00ae M18\u2122. <\/p>\n<p>Caract\u00e9ristiques techniques<br \/>\nVitesse \u00e0 vide [tr\/min]&nbsp;: 1000\/ 1400\/ 1670\/ 1670<br \/>\nTension [V]&nbsp;: 18<br \/>\nType de batterie&nbsp;: lithium-ion<br \/>\nTaille maximale de la vis&nbsp;: M42<br \/>\nNom&nbsp;: Variante de type&nbsp;: M18 FHIWF1R-0C<br \/>\nPoids avec batterie (kg)&nbsp;: 7.8 (M18HB12)<br \/>\nSyst\u00e8me&nbsp;: M18<br \/>\nTechnologie&nbsp;: BRANDSTOF<br \/>\nAccessoires standard<\/p>\n<p>2 batteries M18 HB 12 12,0 Ah<br \/>\n1 chargeur rapide M12-18 FC<br \/>\nDans la mallette de transport<\/p>\n","protected":false},"excerpt":{"rendered":"<p>Description de l\u2019article Caract\u00e9ristiques sp\u00e9ciales 4 positions Poign\u00e9e de transport Deux lumi\u00e8res LED Le M18 FUEL\u2122 1 ? avec un<\/p>\n","protected":false},"featured_media":57756,"template":"","meta":{"_seopress_robots_primary_cat":"","_seopress_titles_title":"","_seopress_titles_desc":"","_seopress_robots_index":""},"product_brand":[3658],"product_cat":[167,1453,1552],"product_tag":[],"class_list":{"0":"post-414799","1":"product","2":"type-product","3":"status-publish","4":"has-post-thumbnail","6":"product_brand-milwaukee-fr","7":"product_cat-machines","8":"product_cat-autres-appareils","9":"product_cat-perceuses-et-tournevis","10":"sws-gruppo-macchinari-fr","11":"sws-conto-ricavi-merci-rivendita-macchinari-fr","12":"sws-gruppo-iva-iva81-fr","14":"first","15":"instock","16":"shipping-taxable","17":"purchasable","18":"product-type-simple"},"_links":{"self":[{"href":"https:\/\/lucacastelli.com\/fr\/wp-json\/wp\/v2\/product\/414799","targetHints":{"allow":["GET"]}}],"collection":[{"href":"https:\/\/lucacastelli.com\/fr\/wp-json\/wp\/v2\/product"}],"about":[{"href":"https:\/\/lucacastelli.com\/fr\/wp-json\/wp\/v2\/types\/product"}],"wp:featuredmedia":[{"embeddable":true,"href":"https:\/\/lucacastelli.com\/fr\/wp-json\/wp\/v2\/media\/57756"}],"wp:attachment":[{"href":"https:\/\/lucacastelli.com\/fr\/wp-json\/wp\/v2\/media?parent=414799"}],"wp:term":[{"taxonomy":"product_brand","embeddable":true,"href":"https:\/\/lucacastelli.com\/fr\/wp-json\/wp\/v2\/product_brand?post=414799"},{"taxonomy":"product_cat","embeddable":true,"href":"https:\/\/lucacastelli.com\/fr\/wp-json\/wp\/v2\/product_cat?post=414799"},{"taxonomy":"product_tag","embeddable":true,"href":"https:\/\/lucacastelli.com\/fr\/wp-json\/wp\/v2\/product_tag?post=414799"}],"curies":[{"name":"wp","href":"https:\/\/api.w.org\/{rel}","templated":true}]}}