{"id":414795,"date":"2024-02-29T08:44:10","date_gmt":"2024-02-29T07:44:10","guid":{"rendered":"https:\/\/lucacastelli.com\/prodotto\/milwaukee-m18-forge-6-0-ah-akku\/"},"modified":"2026-04-17T23:41:14","modified_gmt":"2026-04-17T21:41:14","slug":"milwaukee-m18-forge-6-0-ah-akku","status":"publish","type":"product","link":"https:\/\/lucacastelli.com\/fr\/produit\/milwaukee-m18-forge-6-0-ah-akku\/","title":{"rendered":"Milwaukee M18\u2122 FORGE\u2122 BATTERIE 6,0 Ah"},"content":{"rendered":"<p>Fournit une puissance HIGH OUTPUT\u2122 12,0 Ah avec des dimensions et un poids r\u00e9duits<br \/>\n15 minutes de charge rapide jusqu\u2019\u00e0 80 % avec le chargeur rapide double M18<br \/>\nDur\u00e9e de vie accrue et meilleures performances sur tout le cycle de vie de la batterie<br \/>\nREDLITHIUM\u2122 FORGE\u2122 offre les batteries les plus puissantes, les plus rapides \u00e0 charger et les plus durables de la gamme REDLITHIUM\u2122.<br \/>\nLa meilleure protection contre les conditions climatiques et de chantier les plus difficiles<br \/>\nBo\u00eetier robuste offrant une protection accrue contre les huiles, les solvants et les graisses les plus courants<br \/>\nIntelligence REDLINK\u2122 : nos circuits de batterie assurent des performances optimis\u00e9es et une protection contre les surcharges gr\u00e2ce \u00e0 la communication compl\u00e8te entre l\u2019outil, la batterie et le chargeur.<br \/>\nCompatible avec tous les outils M18\u2122 de la gamme de produits<br \/>\nIndicateur de niveau de charge am\u00e9lior\u00e9 avec lisibilit\u00e9 en plein soleil<\/p>\n<p>Caract\u00e9ristiques de la batterie<\/p>\n<p>Tension de la batterie : 18 V<br \/>\nCapacit\u00e9 de la batterie : 6 Ah<br \/>\nBatterie incluse : Oui<br \/>\nNombre de batteries : 1<br \/>\nType de batterie : Li-Ion<br \/>\nPoids : 1030 g<\/p>\n","protected":false},"excerpt":{"rendered":"<p>Fournit une puissance HIGH OUTPUT\u2122 12,0 Ah avec des dimensions et un poids r\u00e9duits 15 minutes de charge rapide jusqu\u2019\u00e0<\/p>\n","protected":false},"featured_media":57761,"template":"","meta":{"_seopress_robots_primary_cat":"none","_seopress_titles_title":"","_seopress_titles_desc":"","_seopress_robots_index":""},"product_brand":[3658],"product_cat":[167,1450],"product_tag":[],"class_list":{"0":"post-414795","1":"product","2":"type-product","3":"status-publish","4":"has-post-thumbnail","6":"product_brand-milwaukee-fr","7":"product_cat-machines","8":"product_cat-systemes-de-batteries-accessoires","10":"first","11":"instock","12":"sale","13":"shipping-taxable","14":"purchasable","15":"product-type-simple"},"_links":{"self":[{"href":"https:\/\/lucacastelli.com\/fr\/wp-json\/wp\/v2\/product\/414795","targetHints":{"allow":["GET"]}}],"collection":[{"href":"https:\/\/lucacastelli.com\/fr\/wp-json\/wp\/v2\/product"}],"about":[{"href":"https:\/\/lucacastelli.com\/fr\/wp-json\/wp\/v2\/types\/product"}],"wp:featuredmedia":[{"embeddable":true,"href":"https:\/\/lucacastelli.com\/fr\/wp-json\/wp\/v2\/media\/57761"}],"wp:attachment":[{"href":"https:\/\/lucacastelli.com\/fr\/wp-json\/wp\/v2\/media?parent=414795"}],"wp:term":[{"taxonomy":"product_brand","embeddable":true,"href":"https:\/\/lucacastelli.com\/fr\/wp-json\/wp\/v2\/product_brand?post=414795"},{"taxonomy":"product_cat","embeddable":true,"href":"https:\/\/lucacastelli.com\/fr\/wp-json\/wp\/v2\/product_cat?post=414795"},{"taxonomy":"product_tag","embeddable":true,"href":"https:\/\/lucacastelli.com\/fr\/wp-json\/wp\/v2\/product_tag?post=414795"}],"curies":[{"name":"wp","href":"https:\/\/api.w.org\/{rel}","templated":true}]}}