{"id":414791,"date":"2024-02-23T12:43:05","date_gmt":"2024-02-23T11:43:05","guid":{"rendered":"https:\/\/lucacastelli.com\/prodotto\/milwaukee-akku-teleskop-astsage-m18ftps30-121\/"},"modified":"2025-08-01T00:00:08","modified_gmt":"2025-07-31T22:00:08","slug":"milwaukee-akku-teleskop-astsage-m18ftps30-121","status":"publish","type":"product","link":"https:\/\/lucacastelli.com\/fr\/produit\/milwaukee-akku-teleskop-astsage-m18ftps30-121\/","title":{"rendered":"Milwaukee Akku-Teleskop-Asts\u00e4ge M18FTPS30-121"},"content":{"rendered":"<p>Informations sur le produit \u00ab&nbsp;Scie d\u2019\u00e9lagage t\u00e9lescopique sans fil Milwaukee M18FTPS30-121&nbsp;\u00bb<br \/>\nCrochet de branche en m\u00e9tal<br \/>\nCompatible avec les bretelles<br \/>\nHautes performances gr\u00e2ce \u00e0 la vitesse de la cha\u00eene de 25,4 m\/s &#8211; couple \u00e9lev\u00e9 et longueur de coupe de 30 cm pour un travail rapide<br \/>\nPlus puissante que les tron\u00e7onneuses \u00e0 essence pour les applications les plus exigeantes<br \/>\n\u00c9quip\u00e9 d\u2019une fonction de t\u00eate t\u00e9lescopique avec profil carr\u00e9 et d\u2019une fermeture rapide pour le r\u00e9glage de la longueur, permettant un r\u00e9glage individuel de la longueur<br \/>\nR\u00e9servoir d\u2019huile \u00e9tanche avec r\u00e9cipient facilement accessible et fen\u00eatre de visualisation transparente<br \/>\nTendeur de cha\u00eene accessible lat\u00e9ralement pour un r\u00e9glage facile de la cha\u00eene<br \/>\nCrochet pour l\u2019enl\u00e8vement des branches, id\u00e9al pour retirer les branches cass\u00e9es<br \/>\nCompatible avec les bretelles pour plus de confort d\u2019utilisation<br \/>\nL\u2019ADN de notre plateforme FUEL\u2122 red\u00e9finit l\u2019\u00e9quilibre des technologies de batteries. Moteur brushless POWERSTATE\u2122 de MILWAUKEE, l\u2019arbre \u00e0 r\u00e9glage<br \/>\nrapide RED<br \/>\nJusqu\u2019\u00e0 70 x 150 mm coupe du bois dur avec une charge de batterie<br \/>\nM12.0\u2122 de 18 Ah D\u00e9velopp\u00e9 pour r\u00e9aliser des coupes pr\u00e9cises dans les zones avec des arbres plus hauts, avec un \u00e9quilibre parfait<br \/>\net un guidage de coupe Le r\u00e9glage de la vitesse en continu permet \u00e0 l\u2019utilisateur de contr\u00f4ler enti\u00e8rement la puissance de sortie et d\u2019atteindre une vitesse\u00ae maximale en moins de temps. d\u2019une minute.<br \/>\nSyst\u00e8me 100&nbsp;% compatible avec la gamme de produits MILWAUKEE-M18\u00ae\u2122.<br \/>\nCaract\u00e9ristiques techniques <\/p>\n<p>Tension [V]&nbsp;: 18<br \/>\nBatterie&nbsp;: Lithium-ion<br \/>\nPoids avec batterie [kg]&nbsp;: 8,3 (M18 HB12)<br \/>\nContenu de la livraison<\/p>\n<p>Chargeur : 1x M12-18 FC<br \/>\nBatteries : 1x 1 x M18 HB12<br \/>\ndans la bo\u00eete<\/p>\n","protected":false},"excerpt":{"rendered":"<p>Informations sur le produit \u00ab&nbsp;Scie d\u2019\u00e9lagage t\u00e9lescopique sans fil Milwaukee M18FTPS30-121&nbsp;\u00bb Crochet de branche en m\u00e9tal Compatible avec les bretelles<\/p>\n","protected":false},"featured_media":57716,"template":"","meta":{"_seopress_robots_primary_cat":"","_seopress_titles_title":"","_seopress_titles_desc":"","_seopress_robots_index":""},"product_brand":[3407],"product_cat":[29,268,282,267],"product_tag":[],"class_list":{"0":"post-414791","1":"product","2":"type-product","3":"status-publish","4":"has-post-thumbnail","6":"product_brand-milwaukee","7":"product_cat-macchinari","8":"product_cat-motoseghe","9":"product_cat-tosasiepi-e-potatori-a-batteria","10":"product_cat-tosasiepi-e-potatori","11":"sws-gruppo-macchinari-fr","12":"sws-conto-ricavi-merci-rivendita-macchinari-fr","13":"sws-gruppo-iva-iva81-fr","15":"first","16":"instock","17":"sale","18":"shipping-taxable","19":"purchasable","20":"product-type-simple"},"_links":{"self":[{"href":"https:\/\/lucacastelli.com\/fr\/wp-json\/wp\/v2\/product\/414791","targetHints":{"allow":["GET"]}}],"collection":[{"href":"https:\/\/lucacastelli.com\/fr\/wp-json\/wp\/v2\/product"}],"about":[{"href":"https:\/\/lucacastelli.com\/fr\/wp-json\/wp\/v2\/types\/product"}],"wp:featuredmedia":[{"embeddable":true,"href":"https:\/\/lucacastelli.com\/fr\/wp-json\/wp\/v2\/media\/57716"}],"wp:attachment":[{"href":"https:\/\/lucacastelli.com\/fr\/wp-json\/wp\/v2\/media?parent=414791"}],"wp:term":[{"taxonomy":"product_brand","embeddable":true,"href":"https:\/\/lucacastelli.com\/fr\/wp-json\/wp\/v2\/product_brand?post=414791"},{"taxonomy":"product_cat","embeddable":true,"href":"https:\/\/lucacastelli.com\/fr\/wp-json\/wp\/v2\/product_cat?post=414791"},{"taxonomy":"product_tag","embeddable":true,"href":"https:\/\/lucacastelli.com\/fr\/wp-json\/wp\/v2\/product_tag?post=414791"}],"curies":[{"name":"wp","href":"https:\/\/api.w.org\/{rel}","templated":true}]}}