{"id":414763,"date":"2024-02-23T12:43:36","date_gmt":"2024-02-23T11:43:36","guid":{"rendered":"https:\/\/lucacastelli.com\/prodotto\/milwaukee-m18-carburant-akku-rasenmaher-46-cm\/"},"modified":"2025-10-01T12:03:56","modified_gmt":"2025-10-01T10:03:56","slug":"milwaukee-m18-carburant-akku-rasenmaher-46-cm","status":"publish","type":"product","link":"https:\/\/lucacastelli.com\/fr\/produit\/milwaukee-m18-carburant-akku-rasenmaher-46-cm\/","title":{"rendered":"MILWAUKEE M18 CARBURANT\u2122 AKKU-RASENM\u00c4HER 46 CM"},"content":{"rendered":"<p>Tondeuse \u00e0 gazon sans fil Milwaukee<br \/>\nPlateau et lame en acier de 46 cm combin\u00e9s \u00e0 la technologie M18 FUEL pour une qualit\u00e9 de coupe sup\u00e9rieure<br \/>\nPlateau compact pour une manipulation facile dans les zones difficiles d\u2019acc\u00e8s<br \/>\nFonction 3 en 1 pour le paillage, le ramassage ou l\u2019\u00e9jection lat\u00e9rale<br \/>\nLe mode de levage \u00e9lev\u00e9 vous permet de basculer entre une puissance de cr\u00eate continue pour une qualit\u00e9 de coupe optimale et un r\u00e9glage automatique de la vitesse de la lame en fonction de la puissance requise pour une efficacit\u00e9 accrue<br \/>\nLa traction r\u00e9glable avec 5 vitesses offre une vitesse de coupe allant jusqu\u2019\u00e0 6,5 km\/h<br \/>\nLe contr\u00f4le actif de la vitesse donne \u00e0 l\u2019utilisateur un contr\u00f4le maximal<br \/>\nAliment\u00e9 par 2 piles 18V pour des performances exceptionnelles<br \/>\nTondez des surfaces jusqu\u2019\u00e0 1600 m\u00b2 avec une seule charge de 2 batteries M18 HIGH OUTPUT de 8,0 Ah<br \/>\nPhare avant pour une visibilit\u00e9 et une pr\u00e9cision<br \/>\naccrues 7 r\u00e9glages de hauteur diff\u00e9rents de 2,5 \u00e0 10 cm pour couvrir une large gamme de types d\u2019herbe<br \/>\nPoign\u00e9es pliables et rangement vertical pour un transport facile et compact<br \/>\nLe syst\u00e8me HIGH OUTPUT porte les technologies M18 FUEL \u00e0 un nouveau niveau de performance. Plus de puissance et d\u2019autonomie pour une disponibilit\u00e9 op\u00e9rationnelle sans compromis des outils sans fil en utilisation mobile.<br \/>\n100&nbsp;% compatible avec la gamme de produits MILWAUKEE M18. <\/p>\n<p>Caract\u00e9ristiques techniques&nbsp;:<br \/>\nHauteur de coupe&nbsp;: 25 &#8211; 100 mm<br \/>\nPoids sans batterie&nbsp;: 32,5 kg<br \/>\nLargeur de coupe&nbsp;: 46 cm<br \/>\nTension&nbsp;: 18 V<br \/>\nType de batterie&nbsp;: Lithium-ion<\/p>\n<p>Contenu de la livraison<br \/>\nTondeuse \u00e0 gazon sans fil F2LM46<br \/>\nsans batterie ni chargeur<br \/>\nTondeuse \u00e0 fl\u00e9aux<br \/>\n60 litres<br \/>\nramasseur d\u2019herbe \u00c9jection arri\u00e8re<\/p>\n","protected":false},"excerpt":{"rendered":"<p>Tondeuse \u00e0 gazon sans fil Milwaukee Plateau et lame en acier de 46 cm combin\u00e9s \u00e0 la technologie M18 FUEL<\/p>\n","protected":false},"featured_media":57721,"template":"","meta":{"_seopress_robots_primary_cat":"","_seopress_titles_title":"","_seopress_titles_desc":"","_seopress_robots_index":""},"product_brand":[3407],"product_cat":[29,262,488],"product_tag":[],"class_list":{"0":"post-414763","1":"product","2":"type-product","3":"status-publish","4":"has-post-thumbnail","6":"product_brand-milwaukee","7":"product_cat-macchinari","8":"product_cat-tosaerba-e-robot","9":"product_cat-tosaerba-a-batteria","10":"sws-gruppo-macchinari-fr","11":"sws-conto-ricavi-merci-rivendita-macchinari-fr","12":"sws-gruppo-iva-iva81-fr","14":"first","15":"instock","16":"shipping-taxable","17":"purchasable","18":"product-type-simple"},"_links":{"self":[{"href":"https:\/\/lucacastelli.com\/fr\/wp-json\/wp\/v2\/product\/414763","targetHints":{"allow":["GET"]}}],"collection":[{"href":"https:\/\/lucacastelli.com\/fr\/wp-json\/wp\/v2\/product"}],"about":[{"href":"https:\/\/lucacastelli.com\/fr\/wp-json\/wp\/v2\/types\/product"}],"wp:featuredmedia":[{"embeddable":true,"href":"https:\/\/lucacastelli.com\/fr\/wp-json\/wp\/v2\/media\/57721"}],"wp:attachment":[{"href":"https:\/\/lucacastelli.com\/fr\/wp-json\/wp\/v2\/media?parent=414763"}],"wp:term":[{"taxonomy":"product_brand","embeddable":true,"href":"https:\/\/lucacastelli.com\/fr\/wp-json\/wp\/v2\/product_brand?post=414763"},{"taxonomy":"product_cat","embeddable":true,"href":"https:\/\/lucacastelli.com\/fr\/wp-json\/wp\/v2\/product_cat?post=414763"},{"taxonomy":"product_tag","embeddable":true,"href":"https:\/\/lucacastelli.com\/fr\/wp-json\/wp\/v2\/product_tag?post=414763"}],"curies":[{"name":"wp","href":"https:\/\/api.w.org\/{rel}","templated":true}]}}