{"id":414705,"date":"2024-02-19T21:29:08","date_gmt":"2024-02-19T20:29:08","guid":{"rendered":"https:\/\/lucacastelli.com\/prodotto\/milwaukee-ensemble-m18-fpd3100p-502p\/"},"modified":"2025-06-29T08:08:17","modified_gmt":"2025-06-29T06:08:17","slug":"milwaukee-ensemble-m18-fpd3100p-502p","status":"publish","type":"product","link":"https:\/\/lucacastelli.com\/fr\/produit\/milwaukee-ensemble-m18-fpd3100p-502p\/","title":{"rendered":"Milwaukee Ensemble M18 FPD3100P-502P"},"content":{"rendered":"<p>1 x M18 FPD3-0<br \/>\n2 x M18 B5<br \/>\n1 x M12-18 FC<br \/>\n1 x jeu de vis et de forets SHOCKWAVE<br \/>\n1 x SHOCKWAVE<br \/>\n\u21221\/4 \u030b cl\u00e9 \u00e0 douille 1\/4 \u030b<br \/>\njeu de 4 pi\u00e8ces<br \/>\n1 x foret multi-mat\u00e9riaux<br \/>\n1\/4 \u030b bo\u00eete hexagonale 8 pi\u00e8ces<br \/>\n1 x embout \u00e0 b\u00e9ton de qualit\u00e9 sup\u00e9rieure<br \/>\nbo\u00eete de 8 pi\u00e8ces<br \/>\n1 x caisse PACKOUT<\/p>\n","protected":false},"excerpt":{"rendered":"<p>1 x M18 FPD3-0 2 x M18 B5 1 x M12-18 FC 1 x jeu de vis et de forets<\/p>\n","protected":false},"featured_media":57696,"template":"","meta":{"_seopress_robots_primary_cat":"","_seopress_titles_title":"","_seopress_titles_desc":"","_seopress_robots_index":""},"product_brand":[3407],"product_cat":[29,514,549],"product_tag":[],"class_list":{"0":"post-414705","1":"product","2":"type-product","3":"status-publish","4":"has-post-thumbnail","6":"product_brand-milwaukee","7":"product_cat-macchinari","8":"product_cat-altri-dispositivi","9":"product_cat-trapani-e-avvitatori","11":"first","12":"instock","13":"shipping-taxable","14":"purchasable","15":"product-type-simple"},"_links":{"self":[{"href":"https:\/\/lucacastelli.com\/fr\/wp-json\/wp\/v2\/product\/414705","targetHints":{"allow":["GET"]}}],"collection":[{"href":"https:\/\/lucacastelli.com\/fr\/wp-json\/wp\/v2\/product"}],"about":[{"href":"https:\/\/lucacastelli.com\/fr\/wp-json\/wp\/v2\/types\/product"}],"wp:featuredmedia":[{"embeddable":true,"href":"https:\/\/lucacastelli.com\/fr\/wp-json\/wp\/v2\/media\/57696"}],"wp:attachment":[{"href":"https:\/\/lucacastelli.com\/fr\/wp-json\/wp\/v2\/media?parent=414705"}],"wp:term":[{"taxonomy":"product_brand","embeddable":true,"href":"https:\/\/lucacastelli.com\/fr\/wp-json\/wp\/v2\/product_brand?post=414705"},{"taxonomy":"product_cat","embeddable":true,"href":"https:\/\/lucacastelli.com\/fr\/wp-json\/wp\/v2\/product_cat?post=414705"},{"taxonomy":"product_tag","embeddable":true,"href":"https:\/\/lucacastelli.com\/fr\/wp-json\/wp\/v2\/product_tag?post=414705"}],"curies":[{"name":"wp","href":"https:\/\/api.w.org\/{rel}","templated":true}]}}