{"id":414703,"date":"2023-11-30T14:56:20","date_gmt":"2023-11-30T13:56:20","guid":{"rendered":"https:\/\/lucacastelli.com\/prodotto\/milwaukee-m18hnrgo4-802-kit-nrg-in2\/"},"modified":"2025-06-29T08:08:04","modified_gmt":"2025-06-29T06:08:04","slug":"milwaukee-m18hnrgo4-802-kit-nrg-in2","status":"publish","type":"product","link":"https:\/\/lucacastelli.com\/fr\/produit\/milwaukee-m18hnrgo4-802-kit-nrg-in2\/","title":{"rendered":"Milwaukee M18HNRGO4-802 Kit NRG IN2"},"content":{"rendered":"<p>Tension [V]&nbsp;: 18<br \/>\nBatterie&nbsp;: Lithium-ion<br \/>\nLivr\u00e9 en&nbsp;: dans la bo\u00eete<br \/>\nDescription&nbsp;: Variante du mod\u00e8le&nbsp;: M18 HNRGO4-802<br \/>\nChargeur inclus&nbsp;: M18 DFC<br \/>\nBatterie incluse&nbsp;: 2 x M18 HB8<\/p>\n","protected":false},"excerpt":{"rendered":"<p>Tension [V]&nbsp;: 18 Batterie&nbsp;: Lithium-ion Livr\u00e9 en&nbsp;: dans la bo\u00eete Description&nbsp;: Variante du mod\u00e8le&nbsp;: M18 HNRGO4-802 Chargeur inclus&nbsp;: M18 DFC<\/p>\n","protected":false},"featured_media":57661,"template":"","meta":{"_seopress_robots_primary_cat":"","_seopress_titles_title":"","_seopress_titles_desc":"","_seopress_robots_index":""},"product_brand":[3658],"product_cat":[167,1450],"product_tag":[],"class_list":{"0":"post-414703","1":"product","2":"type-product","3":"status-publish","4":"has-post-thumbnail","6":"product_brand-milwaukee-fr","7":"product_cat-machines","8":"product_cat-systemes-de-batteries-accessoires","10":"first","11":"onbackorder","12":"shipping-taxable","13":"purchasable","14":"product-type-simple"},"_links":{"self":[{"href":"https:\/\/lucacastelli.com\/fr\/wp-json\/wp\/v2\/product\/414703","targetHints":{"allow":["GET"]}}],"collection":[{"href":"https:\/\/lucacastelli.com\/fr\/wp-json\/wp\/v2\/product"}],"about":[{"href":"https:\/\/lucacastelli.com\/fr\/wp-json\/wp\/v2\/types\/product"}],"wp:featuredmedia":[{"embeddable":true,"href":"https:\/\/lucacastelli.com\/fr\/wp-json\/wp\/v2\/media\/57661"}],"wp:attachment":[{"href":"https:\/\/lucacastelli.com\/fr\/wp-json\/wp\/v2\/media?parent=414703"}],"wp:term":[{"taxonomy":"product_brand","embeddable":true,"href":"https:\/\/lucacastelli.com\/fr\/wp-json\/wp\/v2\/product_brand?post=414703"},{"taxonomy":"product_cat","embeddable":true,"href":"https:\/\/lucacastelli.com\/fr\/wp-json\/wp\/v2\/product_cat?post=414703"},{"taxonomy":"product_tag","embeddable":true,"href":"https:\/\/lucacastelli.com\/fr\/wp-json\/wp\/v2\/product_tag?post=414703"}],"curies":[{"name":"wp","href":"https:\/\/api.w.org\/{rel}","templated":true}]}}