{"id":414699,"date":"2024-02-19T19:27:46","date_gmt":"2024-02-19T18:27:46","guid":{"rendered":"https:\/\/lucacastelli.com\/prodotto\/milwaukee-sabelsage-set-m18-fsz100p-502p\/"},"modified":"2025-11-01T14:26:44","modified_gmt":"2025-11-01T13:26:44","slug":"milwaukee-sabelsage-set-m18-fsz100p-502p","status":"publish","type":"product","link":"https:\/\/lucacastelli.com\/fr\/produit\/milwaukee-sabelsage-set-m18-fsz100p-502p\/","title":{"rendered":"Milwaukee S\u00e4bels\u00e4ge Set M18 FSZ100P-502P"},"content":{"rendered":"<p>1 x M18 FSZ-0<br \/>\n2 x M18 B5<br \/>\n1 x M12-18 FC<br \/>\n1 x lame de scie circulaire en m\u00e9tal<br \/>\n1 x lame de scie circulaire de d\u00e9montage THE AX\u2122<br \/>\n1 x lame de scie alternative \u00e0 bois<br \/>\nid\u00e9ale pour les coupes rapides d\u2019arbres<br \/>\n1 x LA TORCH Lame<br \/>\n\u2122en m\u00e9tal avec pointe en<br \/>\ncarbure 1 x d\u00e9montage de la lame de scie alternative<br \/>\nL\u2019ASSO\u2122 avec pointe en carbure 3<br \/>\nx lame de scie en alternance \u00e0 usage g\u00e9n\u00e9ral. flexible<br \/>\n1 x valise PACKOUT <\/p>\n","protected":false},"excerpt":{"rendered":"<p>1 x M18 FSZ-0 2 x M18 B5 1 x M12-18 FC 1 x lame de scie circulaire en m\u00e9tal<\/p>\n","protected":false},"featured_media":57691,"template":"","meta":{"_seopress_robots_primary_cat":"","_seopress_titles_title":"","_seopress_titles_desc":"","_seopress_robots_index":""},"product_brand":[3658],"product_cat":[167,1453,1534],"product_tag":[],"class_list":{"0":"post-414699","1":"product","2":"type-product","3":"status-publish","4":"has-post-thumbnail","6":"product_brand-milwaukee-fr","7":"product_cat-machines","8":"product_cat-autres-appareils","9":"product_cat-scies","10":"sws-gruppo-macchinari-fr","11":"sws-conto-ricavi-merci-rivendita-macchinari-fr","12":"sws-gruppo-iva-iva81-fr","14":"first","15":"instock","16":"shipping-taxable","17":"purchasable","18":"product-type-simple"},"_links":{"self":[{"href":"https:\/\/lucacastelli.com\/fr\/wp-json\/wp\/v2\/product\/414699","targetHints":{"allow":["GET"]}}],"collection":[{"href":"https:\/\/lucacastelli.com\/fr\/wp-json\/wp\/v2\/product"}],"about":[{"href":"https:\/\/lucacastelli.com\/fr\/wp-json\/wp\/v2\/types\/product"}],"wp:featuredmedia":[{"embeddable":true,"href":"https:\/\/lucacastelli.com\/fr\/wp-json\/wp\/v2\/media\/57691"}],"wp:attachment":[{"href":"https:\/\/lucacastelli.com\/fr\/wp-json\/wp\/v2\/media?parent=414699"}],"wp:term":[{"taxonomy":"product_brand","embeddable":true,"href":"https:\/\/lucacastelli.com\/fr\/wp-json\/wp\/v2\/product_brand?post=414699"},{"taxonomy":"product_cat","embeddable":true,"href":"https:\/\/lucacastelli.com\/fr\/wp-json\/wp\/v2\/product_cat?post=414699"},{"taxonomy":"product_tag","embeddable":true,"href":"https:\/\/lucacastelli.com\/fr\/wp-json\/wp\/v2\/product_tag?post=414699"}],"curies":[{"name":"wp","href":"https:\/\/api.w.org\/{rel}","templated":true}]}}