{"id":414694,"date":"2023-09-21T13:58:14","date_gmt":"2023-09-21T11:58:14","guid":{"rendered":"https:\/\/lucacastelli.com\/prodotto\/milwaukee-bolt-compact-visor-getont\/"},"modified":"2025-06-29T08:13:11","modified_gmt":"2025-06-29T06:13:11","slug":"milwaukee-bolt-compact-visor-getont","status":"publish","type":"product","link":"https:\/\/lucacastelli.com\/fr\/produit\/milwaukee-bolt-compact-visor-getont\/","title":{"rendered":"Milwaukee BOLT Compact Visor get\u00f6nt"},"content":{"rendered":"<p>Visi\u00e8re \u00e0 large champ de vision.<br \/>\nSyst\u00e8me BOLT\u2122 &#8211; assure la compatibilit\u00e9 d\u2019une large gamme d\u2019accessoires avec un syst\u00e8me de fixation simple et intuitif.<br \/>\nCompatible avec la lampe frontale rechargeable BOLT\u2122 : la visi\u00e8re peut \u00eatre repli\u00e9e sur la lampe.<br \/>\nFixation et retrait tr\u00e8s simples et intuitifs.<br \/>\nVisi\u00e8re en polycarbonate.<br \/>\nLa visi\u00e8re est r\u00e9sistante aux rayures jusqu\u2019au niveau K selon la norme EN166.<br \/>\nL\u2019objectif est anti-bu\u00e9e de niveau N selon la norme EN166.<br \/>\n2 teintes de verres disponibles : clair et teint\u00e9.<br \/>\nLa version Compact offre un design fin et compact et n\u2019est compatible qu\u2019avec le BOLT\u2122200.<br \/>\nLa version universelle peut \u00eatre mont\u00e9e sur les casques BOLT\u2122 100 et BOLT\u2122 200 gr\u00e2ce \u00e0 un syst\u00e8me de commutation simple.<br \/>\nLes visi\u00e8res sont certifi\u00e9es selon la norme EN 166.<\/p>\n","protected":false},"excerpt":{"rendered":"<p>Visi\u00e8re \u00e0 large champ de vision. Syst\u00e8me BOLT\u2122 &#8211; assure la compatibilit\u00e9 d\u2019une large gamme d\u2019accessoires avec un syst\u00e8me de<\/p>\n","protected":false},"featured_media":94653,"template":"","meta":{"_seopress_robots_primary_cat":"","_seopress_titles_title":"","_seopress_titles_desc":"","_seopress_robots_index":""},"product_brand":[3658],"product_cat":[144,1397,1405,1412],"product_tag":[],"class_list":{"0":"post-414694","1":"product","2":"type-product","3":"status-publish","4":"has-post-thumbnail","6":"product_brand-milwaukee-fr","7":"product_cat-equipement","8":"product_cat-equipement-de-travail","9":"product_cat-casques","10":"product_cat-visieres-et-lunettes","12":"first","13":"onbackorder","14":"shipping-taxable","15":"purchasable","16":"product-type-simple"},"_links":{"self":[{"href":"https:\/\/lucacastelli.com\/fr\/wp-json\/wp\/v2\/product\/414694","targetHints":{"allow":["GET"]}}],"collection":[{"href":"https:\/\/lucacastelli.com\/fr\/wp-json\/wp\/v2\/product"}],"about":[{"href":"https:\/\/lucacastelli.com\/fr\/wp-json\/wp\/v2\/types\/product"}],"wp:featuredmedia":[{"embeddable":true,"href":"https:\/\/lucacastelli.com\/fr\/wp-json\/wp\/v2\/media\/94653"}],"wp:attachment":[{"href":"https:\/\/lucacastelli.com\/fr\/wp-json\/wp\/v2\/media?parent=414694"}],"wp:term":[{"taxonomy":"product_brand","embeddable":true,"href":"https:\/\/lucacastelli.com\/fr\/wp-json\/wp\/v2\/product_brand?post=414694"},{"taxonomy":"product_cat","embeddable":true,"href":"https:\/\/lucacastelli.com\/fr\/wp-json\/wp\/v2\/product_cat?post=414694"},{"taxonomy":"product_tag","embeddable":true,"href":"https:\/\/lucacastelli.com\/fr\/wp-json\/wp\/v2\/product_tag?post=414694"}],"curies":[{"name":"wp","href":"https:\/\/api.w.org\/{rel}","templated":true}]}}