{"id":414674,"date":"2023-10-17T10:05:55","date_gmt":"2023-10-17T08:05:55","guid":{"rendered":"https:\/\/lucacastelli.com\/prodotto\/milwaukee-carburant-akku-rasenmaher-m18f2lm53-122\/"},"modified":"2025-06-29T08:13:39","modified_gmt":"2025-06-29T06:13:39","slug":"milwaukee-carburant-akku-rasenmaher-m18f2lm53-122","status":"publish","type":"product","link":"https:\/\/lucacastelli.com\/fr\/produit\/milwaukee-carburant-akku-rasenmaher-m18f2lm53-122\/","title":{"rendered":"Milwaukee CARBURANT\u2122 Akku-Rasenm\u00e4her M18F2LM53-122"},"content":{"rendered":"<p>La conception du plateau et des lames en acier de 53 cm, associ\u00e9e \u00e0 la technologie M18 FUEL\u2122, garantit une excellente qualit\u00e9 de coupe<br \/>\nD\u00e9marrage instantan\u00e9 dans les herbes hautes, puissance et couple de d\u00e9marrage exceptionnels pour les applications les plus exigeantes<br \/>\nFonction 3 en 1 pour le paillage, le ramassage ou l\u2019\u00e9jection lat\u00e9rale<br \/>\nR\u00e9glage automatique de la vitesse de la lame en fonction de la puissance requise pour une plus grande efficacit\u00e9<br \/>\nLa transmission par roues r\u00e9glables \u00e0 5 vitesses offre une vitesse de coupe allant jusqu\u2019\u00e0 6,4 km\/h<br \/>\nLe contr\u00f4le actif de la vitesse donne \u00e0 l\u2019utilisateur un contr\u00f4le maximal<br \/>\nAliment\u00e9 par 2 piles 18V pour des performances exceptionnelles<br \/>\nSurfaces coup\u00e9es jusqu\u2019\u00e0 2000 m\u00b2 avec une seule charge de 2 batteries M18\u2122 HIGH OUTPUT\u2122 de 12,0 Ah<br \/>\nSpots avant et lat\u00e9raux pour un \u00e9clairage \u00e0 180\u00b0 pour une vigilance et une pr\u00e9cision<br \/>\naccrues 7 r\u00e9glages de hauteur diff\u00e9rents de 2,5 \u00e0 10 cm pour couvrir une vari\u00e9t\u00e9 de types d\u2019herbe<br \/>\nPoign\u00e9es pliables et sac de rangement vertical pour un transport facile et compact<br \/>\nComprend un kit de paillage, un sac de 70 litres et un \u00e9jecteur lat\u00e9ral<br \/>\nLe syst\u00e8me HIGH OUTPUT\u2122 porte les technologies M18 FUEL\u2122 \u00e0 un nouveau niveau de performance. Plus de puissance et d\u2019autonomie pour une disponibilit\u00e9 sans compromis de la batterie en utilisation mobile.<br \/>\nSyst\u00e8me 100&nbsp;% compatible avec la gamme de produits MILWAUKEE-M18\u00ae\u2122.<br \/>\nLargeur du couvercle\/du bo\u00eetier (cm) 53 <\/p>\n<p>Contenu de la livraison 2 x batteries M18 HB12, M18 DFC, chargeur, dans l\u2019emballage<\/p>\n","protected":false},"excerpt":{"rendered":"<p>La conception du plateau et des lames en acier de 53 cm, associ\u00e9e \u00e0 la technologie M18 FUEL\u2122, garantit une<\/p>\n","protected":false},"featured_media":57378,"template":"","meta":{"_seopress_robots_primary_cat":"","_seopress_titles_title":"","_seopress_titles_desc":"","_seopress_robots_index":""},"product_brand":[3658],"product_cat":[167,1657,1670],"product_tag":[],"class_list":{"0":"post-414674","1":"product","2":"type-product","3":"status-publish","4":"has-post-thumbnail","6":"product_brand-milwaukee-fr","7":"product_cat-machines","8":"product_cat-tondeuses-et-robots","9":"product_cat-tondeuses-a-batterie","11":"first","12":"instock","13":"shipping-taxable","14":"purchasable","15":"product-type-simple"},"_links":{"self":[{"href":"https:\/\/lucacastelli.com\/fr\/wp-json\/wp\/v2\/product\/414674","targetHints":{"allow":["GET"]}}],"collection":[{"href":"https:\/\/lucacastelli.com\/fr\/wp-json\/wp\/v2\/product"}],"about":[{"href":"https:\/\/lucacastelli.com\/fr\/wp-json\/wp\/v2\/types\/product"}],"wp:featuredmedia":[{"embeddable":true,"href":"https:\/\/lucacastelli.com\/fr\/wp-json\/wp\/v2\/media\/57378"}],"wp:attachment":[{"href":"https:\/\/lucacastelli.com\/fr\/wp-json\/wp\/v2\/media?parent=414674"}],"wp:term":[{"taxonomy":"product_brand","embeddable":true,"href":"https:\/\/lucacastelli.com\/fr\/wp-json\/wp\/v2\/product_brand?post=414674"},{"taxonomy":"product_cat","embeddable":true,"href":"https:\/\/lucacastelli.com\/fr\/wp-json\/wp\/v2\/product_cat?post=414674"},{"taxonomy":"product_tag","embeddable":true,"href":"https:\/\/lucacastelli.com\/fr\/wp-json\/wp\/v2\/product_tag?post=414674"}],"curies":[{"name":"wp","href":"https:\/\/api.w.org\/{rel}","templated":true}]}}