{"id":414673,"date":"2023-09-21T13:02:59","date_gmt":"2023-09-21T11:02:59","guid":{"rendered":"https:\/\/lucacastelli.com\/prodotto\/milwaukee-bolt-200-industriekletterhelm\/"},"modified":"2025-06-29T08:13:03","modified_gmt":"2025-06-29T06:13:03","slug":"milwaukee-bolt-200-industriekletterhelm","status":"publish","type":"product","link":"https:\/\/lucacastelli.com\/fr\/produit\/milwaukee-bolt-200-industriekletterhelm\/","title":{"rendered":"Milwaukee BOLT 200 Industriekletterhelm"},"content":{"rendered":"<p>Coque en Lexan\u2122 &#8211; extr\u00eamement r\u00e9sistante aux chocs.<br \/>\nSyst\u00e8me BOLT\u2122 &#8211; permet la compatibilit\u00e9 des accessoires avec un syst\u00e8me de fixation simple et intuitif. Large gamme d\u2019accessoires BOLT\u2122 disponibles.<br \/>\nSyst\u00e8me de cliquet sur roulettes tr\u00e8s confortable et facilement r\u00e9glable.<br \/>\nLa coque int\u00e9rieure en mousse se rigidifie progressivement \u00e0 l\u2019impact, r\u00e9partissant uniform\u00e9ment la pression sur toute la t\u00eate, quel que soit le point d\u2019impact.<br \/>\nCoque int\u00e9rieure en mousse avec rembourrage int\u00e9rieur pour plus de confort.<br \/>\nBandeau anti-transpiration haut de gamme respirant, lavable et rempla\u00e7able.<br \/>\nRembourrage int\u00e9rieur de remplacement respirant, lavable et rempla\u00e7able.<br \/>\nLa version ventil\u00e9e est livr\u00e9e avec une mentonni\u00e8re certifi\u00e9e EN 12492 (code couleur rouge).<br \/>\nLa version non ventil\u00e9e est fournie avec une mentonni\u00e8re certifi\u00e9e selon la norme EN 397 (code couleur gris).<br \/>\nIl r\u00e9pond aux exigences de la norme EN 397 pour une protection suppl\u00e9mentaire \u00e0 tr\u00e8s basse temp\u00e9rature de -40\u00b0 C, une d\u00e9formation lat\u00e9rale et une isolation \u00e9lectrique \u00e0 440 V (version non ventil\u00e9e).<br \/>\nLa version ventil\u00e9e est conforme \u00e0 la norme EN 12492. La version non ventil\u00e9e est conforme \u00e0 la norme EN 12492, \u00e0 l\u2019exception de la clause 4.1.4.<br \/>\nTour de t\u00eate : 52 &#8211; 68 cm.<br \/>\nDisponible en 8 couleurs avec une finition mate : blanc, jaune, orange, rouge, noir, vert, bleu et jaune haute visibilit\u00e9.<br \/>\nVersion ventil\u00e9e selon le point 5.3 de la norme EN 50365 &#8211; Casques isolants \u00e9lectriques pour utilisation dans des installations basse tension. <\/p>\n","protected":false},"excerpt":{"rendered":"<p>Coque en Lexan\u2122 &#8211; extr\u00eamement r\u00e9sistante aux chocs. Syst\u00e8me BOLT\u2122 &#8211; permet la compatibilit\u00e9 des accessoires avec un syst\u00e8me de<\/p>\n","protected":false},"featured_media":94539,"template":"","meta":{"_seopress_robots_primary_cat":"","_seopress_titles_title":"","_seopress_titles_desc":"","_seopress_robots_index":""},"product_brand":[3658],"product_cat":[144,1397,1405,1412],"product_tag":[],"class_list":{"0":"post-414673","1":"product","2":"type-product","3":"status-publish","4":"has-post-thumbnail","6":"product_brand-milwaukee-fr","7":"product_cat-equipement","8":"product_cat-equipement-de-travail","9":"product_cat-casques","10":"product_cat-visieres-et-lunettes","12":"first","13":"instock","14":"shipping-taxable","15":"purchasable","16":"product-type-variable"},"_links":{"self":[{"href":"https:\/\/lucacastelli.com\/fr\/wp-json\/wp\/v2\/product\/414673","targetHints":{"allow":["GET"]}}],"collection":[{"href":"https:\/\/lucacastelli.com\/fr\/wp-json\/wp\/v2\/product"}],"about":[{"href":"https:\/\/lucacastelli.com\/fr\/wp-json\/wp\/v2\/types\/product"}],"wp:featuredmedia":[{"embeddable":true,"href":"https:\/\/lucacastelli.com\/fr\/wp-json\/wp\/v2\/media\/94539"}],"wp:attachment":[{"href":"https:\/\/lucacastelli.com\/fr\/wp-json\/wp\/v2\/media?parent=414673"}],"wp:term":[{"taxonomy":"product_brand","embeddable":true,"href":"https:\/\/lucacastelli.com\/fr\/wp-json\/wp\/v2\/product_brand?post=414673"},{"taxonomy":"product_cat","embeddable":true,"href":"https:\/\/lucacastelli.com\/fr\/wp-json\/wp\/v2\/product_cat?post=414673"},{"taxonomy":"product_tag","embeddable":true,"href":"https:\/\/lucacastelli.com\/fr\/wp-json\/wp\/v2\/product_tag?post=414673"}],"curies":[{"name":"wp","href":"https:\/\/api.w.org\/{rel}","templated":true}]}}