{"id":414651,"date":"2023-08-27T17:16:51","date_gmt":"2023-08-27T15:16:51","guid":{"rendered":"https:\/\/lucacastelli.com\/prodotto\/milwaukee-m18-onefhiwf12-0-schlagschrauber\/"},"modified":"2025-06-29T08:12:21","modified_gmt":"2025-06-29T06:12:21","slug":"milwaukee-m18-onefhiwf12-0-schlagschrauber","status":"publish","type":"product","link":"https:\/\/lucacastelli.com\/fr\/produit\/milwaukee-m18-onefhiwf12-0-schlagschrauber\/","title":{"rendered":"Milwaukee M18 ONEFHIWF12-0 -SCHLAGSCHRAUBER"},"content":{"rendered":"<p>Personnalisation compl\u00e8te des outils via l\u2019application ONE-KEY\u2122.<br \/>\nEnregistrement des profils pour une r\u00e9p\u00e9tabilit\u00e9 sp\u00e9cifique \u00e0 l\u2019application<br \/>\nFonctionnalit\u00e9 d\u2019inventaire pour la gestion totale de la flotte<br \/>\nCouple puissant de 1 356 Nm dans un design compact : seulement 213 mm de longueur<br \/>\nDRIVE CONTROL vous permet de basculer rapidement entre 4 niveaux de vitesse avec diff\u00e9rents r\u00e9glages de vitesse et de couple<br \/>\n\u00c9tape 4 &#8211; pour un m\u00e9lange optimal de puissance et de pr\u00e9cision dans le desserrage des vis avec un couple de d\u00e9viation de 1898 Nm et 750 min-\u00b9 pour un bon contr\u00f4le<br \/>\nContr\u00f4le individuel de la vitesse et du couple<br \/>\nONE-KEY\u2122 Tool Tracking and Tool Security fournit une plateforme gratuite de suivi et de gestion des stocks bas\u00e9e sur le cloud pour vos outils. ONE-KEY\u2122<br \/>\nLa plateforme FUEL\u2122 est con\u00e7ue pour les utilisateurs les plus exigeants. La technologie offre des performances maximales et combine trois \u00e9l\u00e9ments cl\u00e9s -.<br \/>\nRamassage par anneau \u00e9lastique 1\/2 \u030b.<br \/>\n100&nbsp;% compatible avec la gamme de produits MILWAUKEE-M18\u00ae\u2122.  <\/p>\n<p>R\u00e9gime de ralenti [tr\/min]&nbsp;: 0-550\/0-1400\/0-1750\/0-1750<br \/>\nCouple max. Couple [Nm]&nbsp;: 130 \/ 400 \/ 1356 \/ 1356<br \/>\nTension [V]&nbsp;: 18<br \/>\nBatterie&nbsp;: lithium-ion<br \/>\nVitesse de course [min_1]&nbsp;: 0-950\/0-1750\/0-2100\/0-2100<br \/>\nLivr\u00e9 en&nbsp;:Bo\u00eete en carton<br \/>\nDiam\u00e8tre maximal de la vis&nbsp;: M33 Diam\u00e8tre de la vis&nbsp;: M33<br \/>\nDescription&nbsp;: Variante du mod\u00e8le&nbsp;: M18 ONEFHIWF12-0X<br \/>\nPoids avec batterie [kg]&nbsp;: 3.3 (M18 B5)<br \/>\nSyst\u00e8me&nbsp;: M18<br \/>\nTechnologie&nbsp;: Carburant<br \/>\nChargeur inclus&nbsp;:Aucun chargeur inclus Batterie<br \/>\nincluse&nbsp;:Aucune batterie incluse <\/p>\n","protected":false},"excerpt":{"rendered":"<p>Personnalisation compl\u00e8te des outils via l\u2019application ONE-KEY\u2122. Enregistrement des profils pour une r\u00e9p\u00e9tabilit\u00e9 sp\u00e9cifique \u00e0 l\u2019application Fonctionnalit\u00e9 d\u2019inventaire pour la<\/p>\n","protected":false},"featured_media":57212,"template":"","meta":{"_seopress_robots_primary_cat":"","_seopress_titles_title":"","_seopress_titles_desc":"","_seopress_robots_index":""},"product_brand":[3658],"product_cat":[167,1453,1552],"product_tag":[],"class_list":{"0":"post-414651","1":"product","2":"type-product","3":"status-publish","4":"has-post-thumbnail","6":"product_brand-milwaukee-fr","7":"product_cat-machines","8":"product_cat-autres-appareils","9":"product_cat-perceuses-et-tournevis","11":"first","12":"instock","13":"shipping-taxable","14":"purchasable","15":"product-type-simple"},"_links":{"self":[{"href":"https:\/\/lucacastelli.com\/fr\/wp-json\/wp\/v2\/product\/414651","targetHints":{"allow":["GET"]}}],"collection":[{"href":"https:\/\/lucacastelli.com\/fr\/wp-json\/wp\/v2\/product"}],"about":[{"href":"https:\/\/lucacastelli.com\/fr\/wp-json\/wp\/v2\/types\/product"}],"wp:featuredmedia":[{"embeddable":true,"href":"https:\/\/lucacastelli.com\/fr\/wp-json\/wp\/v2\/media\/57212"}],"wp:attachment":[{"href":"https:\/\/lucacastelli.com\/fr\/wp-json\/wp\/v2\/media?parent=414651"}],"wp:term":[{"taxonomy":"product_brand","embeddable":true,"href":"https:\/\/lucacastelli.com\/fr\/wp-json\/wp\/v2\/product_brand?post=414651"},{"taxonomy":"product_cat","embeddable":true,"href":"https:\/\/lucacastelli.com\/fr\/wp-json\/wp\/v2\/product_cat?post=414651"},{"taxonomy":"product_tag","embeddable":true,"href":"https:\/\/lucacastelli.com\/fr\/wp-json\/wp\/v2\/product_tag?post=414651"}],"curies":[{"name":"wp","href":"https:\/\/api.w.org\/{rel}","templated":true}]}}