{"id":414646,"date":"2023-07-18T09:29:27","date_gmt":"2023-07-18T07:29:27","guid":{"rendered":"https:\/\/lucacastelli.com\/prodotto\/milwaukee-akku-saebelsaege-m18bsx-0\/"},"modified":"2025-06-29T08:12:02","modified_gmt":"2025-06-29T06:12:02","slug":"milwaukee-akku-saebelsaege-m18bsx-0","status":"publish","type":"product","link":"https:\/\/lucacastelli.com\/fr\/produit\/milwaukee-akku-saebelsaege-m18bsx-0\/","title":{"rendered":"Milwaukee Akku-S\u00e4bels\u00e4ge M18BSX-0"},"content":{"rendered":"<p>Moteur Milwaukee\u00ae haute performance<br \/>\n \u00e0 4 p\u00f4les \u00c9lectronique REDLINK\u2122 &#8211; protection contre les surcharges pour une longue dur\u00e9e de vie de la batterie, moteur et bo\u00eete<br \/>\nde vitesses Syst\u00e8me de changement rapide de lame FIXTEC<br \/>\nLe m\u00e9canisme de contrepoids r\u00e9duit les vibrations \u00e0 15,2 m\/s\u00b2 lors du sciage du bois<br \/>\nUne course de 28,6 mm et jusqu\u2019\u00e0 3000 coups par minute permettent un sciage extr\u00eamement rapide<br \/>\nIndicateur de niveau de charge de la<br \/>\n batterieLa batterie REDLITHIUM-ION\u2122 offre une conception parfaitement calibr\u00e9e, une \u00e9lectronique avanc\u00e9e et une alimentation sans perte pour une dur\u00e9e de vie plus longue et une grande endurance.<br \/>\n100&nbsp;% compatible avec Milwaukee\u00ae M18<\/p>\n<p>Caract\u00e9ristiques techniques&nbsp;:<\/p>\n<p>Batterie lithium-ion<br \/>\nNombre de batteries fournies 0<br \/>\nNum\u00e9ro d\u2019article 4933447275<br \/>\nPoids avec batterie (kg) &#8211;<br \/>\nLongueur de course (mm) 28,6<br \/>\nChargeur (temps de charge) &#8211;<br \/>\nVitesse de course \u00e0 vide (min-1) 3000<br \/>\nProfondeur de coupe max. Profondeur de coupe dans l\u2019aluminium (mm) 25<br \/>\nMax. max. profondeur de coupe dans les m\u00e9taux non ferreux (mm) 25<br \/>\nMax. max. profondeur de coupe dans les tuyaux m\u00e9talliques (mm) 150<br \/>\nProfondeur de coupe max. dans l\u2019acier (mm) 20<br \/>\nProfondeur de coupe max. dans le bois tendre (mm) 300<br \/>\nTension (V) 18     <\/p>\n<p>Contenu de la livraison&nbsp;:<br \/>\nsans batterie, sans chargeur<\/p>\n","protected":false},"excerpt":{"rendered":"<p>Moteur Milwaukee\u00ae haute performance \u00e0 4 p\u00f4les \u00c9lectronique REDLINK\u2122 &#8211; protection contre les surcharges pour une longue dur\u00e9e de vie<\/p>\n","protected":false},"featured_media":57153,"template":"","meta":{"_seopress_robots_primary_cat":"","_seopress_titles_title":"","_seopress_titles_desc":"","_seopress_robots_index":""},"product_brand":[3658],"product_cat":[167,1453],"product_tag":[],"class_list":{"0":"post-414646","1":"product","2":"type-product","3":"status-publish","4":"has-post-thumbnail","6":"product_brand-milwaukee-fr","7":"product_cat-machines","8":"product_cat-autres-appareils","10":"first","11":"onbackorder","12":"shipping-taxable","13":"purchasable","14":"product-type-simple"},"_links":{"self":[{"href":"https:\/\/lucacastelli.com\/fr\/wp-json\/wp\/v2\/product\/414646","targetHints":{"allow":["GET"]}}],"collection":[{"href":"https:\/\/lucacastelli.com\/fr\/wp-json\/wp\/v2\/product"}],"about":[{"href":"https:\/\/lucacastelli.com\/fr\/wp-json\/wp\/v2\/types\/product"}],"wp:featuredmedia":[{"embeddable":true,"href":"https:\/\/lucacastelli.com\/fr\/wp-json\/wp\/v2\/media\/57153"}],"wp:attachment":[{"href":"https:\/\/lucacastelli.com\/fr\/wp-json\/wp\/v2\/media?parent=414646"}],"wp:term":[{"taxonomy":"product_brand","embeddable":true,"href":"https:\/\/lucacastelli.com\/fr\/wp-json\/wp\/v2\/product_brand?post=414646"},{"taxonomy":"product_cat","embeddable":true,"href":"https:\/\/lucacastelli.com\/fr\/wp-json\/wp\/v2\/product_cat?post=414646"},{"taxonomy":"product_tag","embeddable":true,"href":"https:\/\/lucacastelli.com\/fr\/wp-json\/wp\/v2\/product_tag?post=414646"}],"curies":[{"name":"wp","href":"https:\/\/api.w.org\/{rel}","templated":true}]}}