{"id":414643,"date":"2023-07-17T18:33:45","date_gmt":"2023-07-17T16:33:45","guid":{"rendered":"https:\/\/lucacastelli.com\/prodotto\/milwaukee-akku-bohrhammer-hd18hx-402c\/"},"modified":"2025-06-29T08:11:35","modified_gmt":"2025-06-29T06:11:35","slug":"milwaukee-akku-bohrhammer-hd18hx-402c","status":"publish","type":"product","link":"https:\/\/lucacastelli.com\/fr\/produit\/milwaukee-akku-bohrhammer-hd18hx-402c\/","title":{"rendered":"Milwaukee Akku-Bohrhammer HD18HX-402C"},"content":{"rendered":"<p>Optimis\u00e9 pour les trous de \u00f8 8 \u00e0 16 mm<br \/>\nProtection \u00e9lectronique contre les surcharges REDLINK\u2122 pour une longue dur\u00e9e de vie de la batterie, du moteur et de la transmission<br \/>\n\u00c9nergie d\u2019impact 2,4 J<br \/>\nCarter de bo\u00eete de vitesses m\u00e9tallique robuste<br \/>\nBut\u00e9e de rotation pour un travail l\u00e9ger au burin<br \/>\nRotation droite\/gauche et arr\u00eat d\u2019impact<br \/>\nSyst\u00e8me de changement rapide FIXTEC<br \/>\nL\u2019embrayage de s\u00e9curit\u00e9 prot\u00e8ge l\u2019utilisateur et la machine<br \/>\nSyst\u00e8me anti-vibration AVS<br \/>\nSurveillance \u00e0 cellule unique pour une longue dur\u00e9e de vie de la batterie<br \/>\nIndicateur de niveau de charge<br \/>\nde la batterie La batterie REDLITHIUM-ION\u2122 offre une conception parfaitement adapt\u00e9e, une \u00e9lectronique avanc\u00e9e et une alimentation sans perte pour une dur\u00e9e de vie plus longue et une r\u00e9sistance accrue.<br \/>\n100&nbsp;% compatible avec Milwaukee\u00ae M18\u2122<br \/>\nCaract\u00e9ristiques techniques&nbsp;:<\/p>\n<p>Batterie lithium-ion<br \/>\nCapacit\u00e9 de la batterie (Ah) 4.0<br \/>\nNombre de batteries fournies 2<br \/>\nLivr\u00e9 dans la mallette de transport<br \/>\nPoids avec batterie (kg) 3.7<br \/>\nChargeur (temps de charge) 80 min<br \/>\nDiam\u00e8tre maximal du foret dans le b\u00e9ton (mm) Diam\u00e8tre du foret dans le b\u00e9ton (mm) 24<br \/>\nDiam\u00e8tre maximum du foret dans le bois Diam\u00e8tre du foret dans le bois (mm) 30<br \/>\nDiam\u00e8tre maximum du per\u00e7age dans l\u2019acier Diam\u00e8tre du per\u00e7age dans l\u2019acier (mm) 13<br \/>\nVitesse maximale Vitesse d\u2019impact maximale (min-1) 4200<br \/>\nOptimis\u00e9 pour le diam\u00e8tre du foret [mm] \u00f8 6 &#8211; 18<br \/>\n\u00c9nergie d\u2019impact (EPTA) (J) 2,4<br \/>\nTension (V) 18<\/p>\n<p>Contenu de la livraison :<br \/>\n 2 batteries rechargeables lithium-ion rouges 18 V \/ 4,0 Ah, chargeur M12-18C, adaptateur FIXTEC et mandrin rapide en m\u00e9tal de 13 mm, poign\u00e9e suppl\u00e9mentaire avec but\u00e9e de profondeur, mallette de transport.<\/p>\n","protected":false},"excerpt":{"rendered":"<p>Optimis\u00e9 pour les trous de \u00f8 8 \u00e0 16 mm Protection \u00e9lectronique contre les surcharges REDLINK\u2122 pour une longue dur\u00e9e<\/p>\n","protected":false},"featured_media":57113,"template":"","meta":{"_seopress_robots_primary_cat":"","_seopress_titles_title":"","_seopress_titles_desc":"","_seopress_robots_index":""},"product_brand":[3658],"product_cat":[167,1453,1552],"product_tag":[],"class_list":{"0":"post-414643","1":"product","2":"type-product","3":"status-publish","4":"has-post-thumbnail","6":"product_brand-milwaukee-fr","7":"product_cat-machines","8":"product_cat-autres-appareils","9":"product_cat-perceuses-et-tournevis","11":"first","12":"onbackorder","13":"shipping-taxable","14":"purchasable","15":"product-type-simple"},"_links":{"self":[{"href":"https:\/\/lucacastelli.com\/fr\/wp-json\/wp\/v2\/product\/414643","targetHints":{"allow":["GET"]}}],"collection":[{"href":"https:\/\/lucacastelli.com\/fr\/wp-json\/wp\/v2\/product"}],"about":[{"href":"https:\/\/lucacastelli.com\/fr\/wp-json\/wp\/v2\/types\/product"}],"wp:featuredmedia":[{"embeddable":true,"href":"https:\/\/lucacastelli.com\/fr\/wp-json\/wp\/v2\/media\/57113"}],"wp:attachment":[{"href":"https:\/\/lucacastelli.com\/fr\/wp-json\/wp\/v2\/media?parent=414643"}],"wp:term":[{"taxonomy":"product_brand","embeddable":true,"href":"https:\/\/lucacastelli.com\/fr\/wp-json\/wp\/v2\/product_brand?post=414643"},{"taxonomy":"product_cat","embeddable":true,"href":"https:\/\/lucacastelli.com\/fr\/wp-json\/wp\/v2\/product_cat?post=414643"},{"taxonomy":"product_tag","embeddable":true,"href":"https:\/\/lucacastelli.com\/fr\/wp-json\/wp\/v2\/product_tag?post=414643"}],"curies":[{"name":"wp","href":"https:\/\/api.w.org\/{rel}","templated":true}]}}