{"id":414640,"date":"2023-07-17T18:48:18","date_gmt":"2023-07-17T16:48:18","guid":{"rendered":"https:\/\/lucacastelli.com\/prodotto\/milwaukee-akku-kombihammer-m18-blh-0\/"},"modified":"2025-06-29T08:11:50","modified_gmt":"2025-06-29T06:11:50","slug":"milwaukee-akku-kombihammer-m18-blh-0","status":"publish","type":"product","link":"https:\/\/lucacastelli.com\/fr\/produit\/milwaukee-akku-kombihammer-m18-blh-0\/","title":{"rendered":"Milwaukee Akku-Kombihammer M18 BLH-0"},"content":{"rendered":"<p>Description<br \/>\nLe puissant m\u00e9canisme d\u2019impact et le moteur sans balais fournissent une \u00e9nergie d\u2019impact de 2,3 J<br \/>\nConception compacte et ergonomique pour un plus grand confort d\u2019utilisation<br \/>\nBo\u00eete de vitesses enti\u00e8rement m\u00e9tallique &#8211; positionnement optimal de l\u2019engrenage pour une dur\u00e9e de vie plus longue de l\u2019outil<br \/>\nFonctionnement \u00e0 4 positions : position du perceuse, position du marteau rotatif, position du burin et roue libre pour r\u00e9gler la position du burin plat (Variolock) pour une facilit\u00e9 d\u2019utilisation<br \/>\nmaximale Poign\u00e9e lat\u00e9rale anti-vibration pour r\u00e9duire l\u2019impact des vibrations<br \/>\nCompatible avec le syst\u00e8me d\u2019extraction de poussi\u00e8re M18 CDEX<br \/>\nLe moteur brushless, la batterie REDLITHIUM\u2122 et l\u2019\u00e9lectronique REDLINK\u2122 garantissent puissance, autonomie et durabilit\u00e9.<br \/>\nSyst\u00e8me de batterie flexible : Fonctionne avec toutes les batteries MILWAUKEE\u00ae M18\u2122.<\/p>\n<p>Caract\u00e9ristiques techniques<br \/>\nEnregistrement de la machine SDS-Plus<br \/>\n\u00d8 maximum de per\u00e7age dans le b\u00e9ton (mm) 26<br \/>\n\u00d8 de per\u00e7age maximum dans le bois (mm) 26<br \/>\n\u00d8 de per\u00e7age maximum dans l\u2019acier (mm) 13<br \/>\nVitesse de course maximale (par minute) 0 &#8211; 5100<br \/>\nVitesse \u00e0 vide (tr\/min) 0 &#8211; 1400<br \/>\n\u00c9nergie de choc (EPTA) (J) 2.3<br \/>\nTension (V) 18<br \/>\nType de batterie Li-Ion<\/p>\n<p>Contenu de la livraison<br \/>\nLivr\u00e9 sans batterie ni chargeur<br \/>\nEn carton<\/p>\n","protected":false},"excerpt":{"rendered":"<p>Description Le puissant m\u00e9canisme d\u2019impact et le moteur sans balais fournissent une \u00e9nergie d\u2019impact de 2,3 J Conception compacte et<\/p>\n","protected":false},"featured_media":57138,"template":"","meta":{"_seopress_robots_primary_cat":"","_seopress_titles_title":"","_seopress_titles_desc":"","_seopress_robots_index":""},"product_brand":[3658],"product_cat":[167,1453,1552],"product_tag":[],"class_list":{"0":"post-414640","1":"product","2":"type-product","3":"status-publish","4":"has-post-thumbnail","6":"product_brand-milwaukee-fr","7":"product_cat-machines","8":"product_cat-autres-appareils","9":"product_cat-perceuses-et-tournevis","11":"first","12":"onbackorder","13":"shipping-taxable","14":"purchasable","15":"product-type-simple"},"_links":{"self":[{"href":"https:\/\/lucacastelli.com\/fr\/wp-json\/wp\/v2\/product\/414640","targetHints":{"allow":["GET"]}}],"collection":[{"href":"https:\/\/lucacastelli.com\/fr\/wp-json\/wp\/v2\/product"}],"about":[{"href":"https:\/\/lucacastelli.com\/fr\/wp-json\/wp\/v2\/types\/product"}],"wp:featuredmedia":[{"embeddable":true,"href":"https:\/\/lucacastelli.com\/fr\/wp-json\/wp\/v2\/media\/57138"}],"wp:attachment":[{"href":"https:\/\/lucacastelli.com\/fr\/wp-json\/wp\/v2\/media?parent=414640"}],"wp:term":[{"taxonomy":"product_brand","embeddable":true,"href":"https:\/\/lucacastelli.com\/fr\/wp-json\/wp\/v2\/product_brand?post=414640"},{"taxonomy":"product_cat","embeddable":true,"href":"https:\/\/lucacastelli.com\/fr\/wp-json\/wp\/v2\/product_cat?post=414640"},{"taxonomy":"product_tag","embeddable":true,"href":"https:\/\/lucacastelli.com\/fr\/wp-json\/wp\/v2\/product_tag?post=414640"}],"curies":[{"name":"wp","href":"https:\/\/api.w.org\/{rel}","templated":true}]}}