{"id":414632,"date":"2023-07-17T18:21:20","date_gmt":"2023-07-17T16:21:20","guid":{"rendered":"https:\/\/lucacastelli.com\/prodotto\/milwaukee-akku-bohrhammer-hd18h-402c\/"},"modified":"2025-06-29T08:11:33","modified_gmt":"2025-06-29T06:11:33","slug":"milwaukee-akku-bohrhammer-hd18h-402c","status":"publish","type":"product","link":"https:\/\/lucacastelli.com\/fr\/produit\/milwaukee-akku-bohrhammer-hd18h-402c\/","title":{"rendered":"Milwaukee Akku-Bohrhammer HD18H-402C"},"content":{"rendered":"<p>Avec la puissance d\u2019un appareil filaire<br \/>\n\u00c9lectronique REDLINK\u2122 &#8211; protection contre les surcharges pour une longue dur\u00e9e de vie de la batterie, du moteur et de la bo\u00eete de vitesses<br \/>\n\u00c9nergie d\u2019impact 2,4 J<br \/>\nCarter de bo\u00eete de vitesses m\u00e9tallique robuste pour une longue dur\u00e9e de vie<br \/>\nDiff\u00e9rents r\u00e9glages : per\u00e7age \u00e0 percussion, per\u00e7age, burinage<br \/>\nVARIOLOCK pour diff\u00e9rents r\u00e9glages de ciseau et d\u2019arr\u00eat d\u2019impact<br \/>\nL\u2019embrayage de s\u00e9curit\u00e9 prot\u00e8ge l\u2019utilisateur et la machine<br \/>\nSyst\u00e8me anti-vibration<br \/>\nSurveillance \u00e0 cellule unique pour une longue dur\u00e9e de vie de la batterie<br \/>\nIndicateur de niveau de charge<br \/>\nde la batterie La batterie REDLITHIUM-ION\u2122 offre une conception parfaitement calibr\u00e9e, une \u00e9lectronique avanc\u00e9e et une alimentation sans perte pour une dur\u00e9e de vie plus longue et une endurance \u00e9lev\u00e9e.<br \/>\n100&nbsp;% compatible avec Milwaukee\u00ae M18\u2122<br \/>\nCaract\u00e9ristiques techniques&nbsp;:<\/p>\n<p>Batterie lithium-ion<br \/>\nCapacit\u00e9 de la batterie (Ah) 4.0<br \/>\nNombre de piles fournies 2<br \/>\nNum\u00e9ro de pi\u00e8ce 4933443468<br \/>\nLivr\u00e9 dans une mallette de transport<br \/>\nPoids avec batterie (kg) 3,5<br \/>\nChargeur (temps de charge) 80 min<br \/>\nDiam\u00e8tre maximum de per\u00e7age dans le b\u00e9ton (mm) Diam\u00e8tre de per\u00e7age dans le b\u00e9ton (mm) 24<br \/>\nDiam\u00e8tre maximum de per\u00e7age dans le bois Diam\u00e8tre de per\u00e7age dans le bois (mm) 30<br \/>\nDiam\u00e8tre maximum de per\u00e7age dans l\u2019acier Diam\u00e8tre de per\u00e7age dans l\u2019acier (mm) 13<br \/>\nVitesse d\u2019impact maximale (min-1) Vitesse d\u2019impact (min-1) 4200<br \/>\n\u00c9nergie d\u2019impact (EPTA) (J) 2,4<br \/>\nTension (V) 18<br \/>\nVibrations lors du per\u00e7age dans le b\u00e9ton (m\/s\u00b2) 12.2<br \/>\nVibration du burin (m\/s\u00b2) 7,4<br \/>\nIncertitude de burinage des vibrations (m\/s\u00b2) 1,5<\/p>\n<p>Contenu de la livraison&nbsp;:<br \/>\n2 x 4,0Ah batterie, chargeur, mallette de transport<\/p>\n","protected":false},"excerpt":{"rendered":"<p>Avec la puissance d\u2019un appareil filaire \u00c9lectronique REDLINK\u2122 &#8211; protection contre les surcharges pour une longue dur\u00e9e de vie de<\/p>\n","protected":false},"featured_media":57103,"template":"","meta":{"_seopress_robots_primary_cat":"","_seopress_titles_title":"","_seopress_titles_desc":"","_seopress_robots_index":""},"product_brand":[3658],"product_cat":[167,1453,1552],"product_tag":[],"class_list":{"0":"post-414632","1":"product","2":"type-product","3":"status-publish","4":"has-post-thumbnail","6":"product_brand-milwaukee-fr","7":"product_cat-machines","8":"product_cat-autres-appareils","9":"product_cat-perceuses-et-tournevis","11":"first","12":"onbackorder","13":"shipping-taxable","14":"purchasable","15":"product-type-simple"},"_links":{"self":[{"href":"https:\/\/lucacastelli.com\/fr\/wp-json\/wp\/v2\/product\/414632","targetHints":{"allow":["GET"]}}],"collection":[{"href":"https:\/\/lucacastelli.com\/fr\/wp-json\/wp\/v2\/product"}],"about":[{"href":"https:\/\/lucacastelli.com\/fr\/wp-json\/wp\/v2\/types\/product"}],"wp:featuredmedia":[{"embeddable":true,"href":"https:\/\/lucacastelli.com\/fr\/wp-json\/wp\/v2\/media\/57103"}],"wp:attachment":[{"href":"https:\/\/lucacastelli.com\/fr\/wp-json\/wp\/v2\/media?parent=414632"}],"wp:term":[{"taxonomy":"product_brand","embeddable":true,"href":"https:\/\/lucacastelli.com\/fr\/wp-json\/wp\/v2\/product_brand?post=414632"},{"taxonomy":"product_cat","embeddable":true,"href":"https:\/\/lucacastelli.com\/fr\/wp-json\/wp\/v2\/product_cat?post=414632"},{"taxonomy":"product_tag","embeddable":true,"href":"https:\/\/lucacastelli.com\/fr\/wp-json\/wp\/v2\/product_tag?post=414632"}],"curies":[{"name":"wp","href":"https:\/\/api.w.org\/{rel}","templated":true}]}}