{"id":414630,"date":"2023-07-02T16:04:18","date_gmt":"2023-07-02T14:04:18","guid":{"rendered":"https:\/\/lucacastelli.com\/prodotto\/milwaukee-carburant-akku-ratsche-1-2-m12fir12-0\/"},"modified":"2025-06-29T08:11:13","modified_gmt":"2025-06-29T06:11:13","slug":"milwaukee-carburant-akku-ratsche-1-2-m12fir12-0","status":"publish","type":"product","link":"https:\/\/lucacastelli.com\/fr\/produit\/milwaukee-carburant-akku-ratsche-1-2-m12fir12-0\/","title":{"rendered":"Milwaukee CARBURANT\u2122 Akku-Ratsche 1\/2&#8243; M12FIR12-0"},"content":{"rendered":"<p>Couple jusqu\u2019\u00e0 81 Nm et 175 min<br \/>\nConception compacte pour un acc\u00e8s rapide dans toutes les applications<br \/>\nMoteur brushless POWERSTATE\u2122 avec bo\u00eete de vitesses et carter renforc\u00e9s pour une longue dur\u00e9e de vie.<br \/>\nL\u2019\u00e9lectronique REDLINK PLUS\u2122 offre une protection num\u00e9rique avanc\u00e9e contre les surcharges pour la machine et la batterie, maintenant une puissance constante sous charge<br \/>\nLa batterie REDLITHIUM-ION\u2122 offre une conception parfaitement calibr\u00e9e, une \u00e9lectronique avanc\u00e9e et une alimentation sans perte pour une dur\u00e9e de vie plus longue que les mod\u00e8les pr\u00e9c\u00e9dents.<br \/>\nInterrupteur d\u2019acc\u00e9l\u00e9rateur en m\u00e9tal plus long pour une utilisation facile<br \/>\nPoign\u00e9e avec coussin de pr\u00e9hension souple pour une meilleure prise en main<br \/>\n\u00c9clairage LED de la zone de travail<br \/>\nAvec adaptateur 3\/8<br \/>\n100&nbsp;% compatible avec la gamme de produits Milwaukee\u00ae M12<\/p>\n<p>Caract\u00e9ristiques techniques&nbsp;:<\/p>\n<p>Batterie lithium-ion<br \/>\nCapacit\u00e9 de la batterie (Ah) &#8211;<br \/>\nNombre de batteries fournies 0<br \/>\nNum\u00e9ro d\u2019article 4933459800<br \/>\nLivr\u00e9 en &#8211;<br \/>\nPoids avec batterie (kg) 1.5<br \/>\nLongueur (mm) 324<br \/>\nChargeur (temps de charge) &#8211;<br \/>\nVitesse \u00e0 vide (min-1) 0 &#8211; 175<br \/>\nCouple maximal (Nm) Couple (Nm) 81<br \/>\nTension (V) 12<\/p>\n","protected":false},"excerpt":{"rendered":"<p>Couple jusqu\u2019\u00e0 81 Nm et 175 min Conception compacte pour un acc\u00e8s rapide dans toutes les applications Moteur brushless POWERSTATE\u2122<\/p>\n","protected":false},"featured_media":57034,"template":"","meta":{"_seopress_robots_primary_cat":"","_seopress_titles_title":"","_seopress_titles_desc":"","_seopress_robots_index":""},"product_brand":[3658],"product_cat":[167,1453,1552],"product_tag":[],"class_list":{"0":"post-414630","1":"product","2":"type-product","3":"status-publish","4":"has-post-thumbnail","6":"product_brand-milwaukee-fr","7":"product_cat-machines","8":"product_cat-autres-appareils","9":"product_cat-perceuses-et-tournevis","11":"first","12":"onbackorder","13":"shipping-taxable","14":"purchasable","15":"product-type-simple"},"_links":{"self":[{"href":"https:\/\/lucacastelli.com\/fr\/wp-json\/wp\/v2\/product\/414630","targetHints":{"allow":["GET"]}}],"collection":[{"href":"https:\/\/lucacastelli.com\/fr\/wp-json\/wp\/v2\/product"}],"about":[{"href":"https:\/\/lucacastelli.com\/fr\/wp-json\/wp\/v2\/types\/product"}],"wp:featuredmedia":[{"embeddable":true,"href":"https:\/\/lucacastelli.com\/fr\/wp-json\/wp\/v2\/media\/57034"}],"wp:attachment":[{"href":"https:\/\/lucacastelli.com\/fr\/wp-json\/wp\/v2\/media?parent=414630"}],"wp:term":[{"taxonomy":"product_brand","embeddable":true,"href":"https:\/\/lucacastelli.com\/fr\/wp-json\/wp\/v2\/product_brand?post=414630"},{"taxonomy":"product_cat","embeddable":true,"href":"https:\/\/lucacastelli.com\/fr\/wp-json\/wp\/v2\/product_cat?post=414630"},{"taxonomy":"product_tag","embeddable":true,"href":"https:\/\/lucacastelli.com\/fr\/wp-json\/wp\/v2\/product_tag?post=414630"}],"curies":[{"name":"wp","href":"https:\/\/api.w.org\/{rel}","templated":true}]}}