{"id":414626,"date":"2023-07-02T16:04:50","date_gmt":"2023-07-02T14:04:50","guid":{"rendered":"https:\/\/lucacastelli.com\/prodotto\/milwaukee-carburant-akku-ratsche-1-4-lang-m12fir14lr-0\/"},"modified":"2025-06-29T08:11:11","modified_gmt":"2025-06-29T06:11:11","slug":"milwaukee-carburant-akku-ratsche-1-4-lang-m12fir14lr-0","status":"publish","type":"product","link":"https:\/\/lucacastelli.com\/fr\/produit\/milwaukee-carburant-akku-ratsche-1-4-lang-m12fir14lr-0\/","title":{"rendered":"Milwaukee CARBURANT\u2122 Akku-Ratsche 1\/4&#8221; lang M12FIR14LR-0"},"content":{"rendered":"<p>Avec un couple maximal de 54 Nm et une dur\u00e9e de vie de 250 minutes, ce cliquet est la solution id\u00e9ale pour une vari\u00e9t\u00e9 d\u2019applications m\u00e9caniques.<br \/>\nGr\u00e2ce \u00e0 la technologie FUEL\u2122 et \u00e0 des composants de haute qualit\u00e9, l\u2019utilisateur professionnel b\u00e9n\u00e9ficie d\u2019une dur\u00e9e de vie encore plus longue<br \/>\nLongueur de col \u00e0 cliquet allong\u00e9e de 81 mm pour un travail encore plus facile dans les espaces restreints<br \/>\nInterrupteur d\u2019acc\u00e9l\u00e9rateur en m\u00e9tal pour une utilisation facile et contr\u00f4l\u00e9e<br \/>\nPoign\u00e9e avec coussin de pr\u00e9hension souple pour une meilleure prise en main<br \/>\n\u00c9clairage LED de la zone de travail et indicateur de charge de la batterie<br \/>\nL\u2019\u00e9lectronique REDLINK PLUS\u2122 offre une protection num\u00e9rique avanc\u00e9e contre les surcharges de la machine et de la batterie, maintenant la puissance constante sous charge<br \/>\nLa batterie REDLITHIUM-ION\u2122 offre une conception parfaitement calibr\u00e9e, une \u00e9lectronique de pointe et une alimentation sans perte pour une dur\u00e9e de vie et une endurance plus longues que les mod\u00e8les pr\u00e9c\u00e9dents<br \/>\nLivr\u00e9 avec adaptateur 3\/8<br \/>\n100&nbsp;% compatible avec la gamme de produits Milwaukee\u00ae M12\u2122<\/p>\n<p>Caract\u00e9ristiques techniques&nbsp;:<\/p>\n<p>Batterie lithium-ion<br \/>\nNombre de batteries fournies 0<br \/>\nNum\u00e9ro d\u2019article 4933471499<br \/>\nPoids avec batterie (kg) 1.1<br \/>\nLongueur (mm) 279<br \/>\nChargeur (temps de charge) -Vitesse \u00e0<br \/>\n vide (min-1) 0 &#8211; 250<br \/>\nCouple maximal (Nm) Couple (Nm) 54<br \/>\nHauteur de la t\u00eate du cliquet (mm) 19.3<br \/>\nTension (V) 12<\/p>\n<p>Contenu de la livraison&nbsp;:<br \/>\nsans batterie, sans chargeur<\/p>\n","protected":false},"excerpt":{"rendered":"<p>Avec un couple maximal de 54 Nm et une dur\u00e9e de vie de 250 minutes, ce cliquet est la solution<\/p>\n","protected":false},"featured_media":57039,"template":"","meta":{"_seopress_robots_primary_cat":"","_seopress_titles_title":"","_seopress_titles_desc":"","_seopress_robots_index":""},"product_brand":[3658],"product_cat":[167,1453,1552],"product_tag":[],"class_list":{"0":"post-414626","1":"product","2":"type-product","3":"status-publish","4":"has-post-thumbnail","6":"product_brand-milwaukee-fr","7":"product_cat-machines","8":"product_cat-autres-appareils","9":"product_cat-perceuses-et-tournevis","11":"first","12":"onbackorder","13":"shipping-taxable","14":"purchasable","15":"product-type-simple"},"_links":{"self":[{"href":"https:\/\/lucacastelli.com\/fr\/wp-json\/wp\/v2\/product\/414626","targetHints":{"allow":["GET"]}}],"collection":[{"href":"https:\/\/lucacastelli.com\/fr\/wp-json\/wp\/v2\/product"}],"about":[{"href":"https:\/\/lucacastelli.com\/fr\/wp-json\/wp\/v2\/types\/product"}],"wp:featuredmedia":[{"embeddable":true,"href":"https:\/\/lucacastelli.com\/fr\/wp-json\/wp\/v2\/media\/57039"}],"wp:attachment":[{"href":"https:\/\/lucacastelli.com\/fr\/wp-json\/wp\/v2\/media?parent=414626"}],"wp:term":[{"taxonomy":"product_brand","embeddable":true,"href":"https:\/\/lucacastelli.com\/fr\/wp-json\/wp\/v2\/product_brand?post=414626"},{"taxonomy":"product_cat","embeddable":true,"href":"https:\/\/lucacastelli.com\/fr\/wp-json\/wp\/v2\/product_cat?post=414626"},{"taxonomy":"product_tag","embeddable":true,"href":"https:\/\/lucacastelli.com\/fr\/wp-json\/wp\/v2\/product_tag?post=414626"}],"curies":[{"name":"wp","href":"https:\/\/api.w.org\/{rel}","templated":true}]}}